{"id":4181,"date":"2026-04-12T10:20:37","date_gmt":"2026-04-12T13:20:37","guid":{"rendered":"https:\/\/delaet.com.br\/pt_br\/loja\/produto\/tarraxa-blindada-cosmo-black-unidade-gotoh-gb707-l1-ck-f035\/"},"modified":"2026-04-12T13:30:42","modified_gmt":"2026-04-12T16:30:42","slug":"tarraxa-blindada-cosmo-black-unidade-gotoh-gb707-l1-ck-f035","status":"publish","type":"product","link":"https:\/\/delaet.com.br\/en\/loja\/produto\/tarraxa-blindada-cosmo-black-unidade-gotoh-gb707-l1-ck-f035\/","title":{"rendered":"Tarraxa Blindada Cosmo Black (Unidade) Gotoh GB707-L1 CK"},"content":{"rendered":"<p>Tarraxa para Baixo Blindada em acabamento na cor Cosmo Black, unidade individual, acompanha parafuso, Gotoh GB707-L1 CK\/WS0.<\/p>\n<p> Condi\u00e7\u00e3o do item:Novo<br \/> C\u00f3digo de Barra:7899559813178<br \/> G\u00eanero:Unissex<br \/> Instrumento recomendado:Baixo<br \/> Marca:Gotoh<br \/> Modelo:GB707-L1 CK\/WS02<br \/> Origem:Jap\u00e3o<br \/> Unidades por embalagem:1<br \/> \u00c9 Kit:N\u00e3o<br \/> Disposi\u00e7\u00e3o das tarraxas:L1<br \/> Quantidade de tarraxas:1<br \/> Inclui parafusos:Sim<br \/> Tipo de Instrumento:Baixo<\/p>\n<p><\/p>","protected":false},"excerpt":{"rendered":"<p>Tarraxa para Baixo Blindada em acabamento na cor Cosmo Black, unidade individual, acompanha parafuso, Gotoh GB707-L1 CK\/WS0. Condi\u00e7\u00e3o do item:Novo C\u00f3digo de Barra:7899559813178 G\u00eanero:Unissex Instrumento recomendado:Baixo Marca:Gotoh Modelo:GB707-L1 CK\/WS02 Origem:Jap\u00e3o Unidades por embalagem:1 \u00c9 Kit:N\u00e3o Disposi\u00e7\u00e3o das tarraxas:L1 Quantidade de tarraxas:1 Inclui parafusos:Sim Tipo de Instrumento:Baixo<\/p>","protected":false},"featured_media":4180,"comment_status":"open","ping_status":"closed","template":"","meta":{"om_disable_all_campaigns":false,"_monsterinsights_skip_tracking":false,"_monsterinsights_sitenote_active":false,"_monsterinsights_sitenote_note":"","_monsterinsights_sitenote_category":0,"jetpack_publicize_message":"","jetpack_publicize_feature_enabled":true,"jetpack_social_post_already_shared":false,"jetpack_social_options":{"image_generator_settings":{"template":"highway","default_image_id":0,"font":"","enabled":false},"version":2}},"product_brand":[164],"product_cat":[96,28,218],"product_tag":[380,379],"class_list":{"0":"post-4181","1":"product","2":"type-product","3":"status-publish","4":"has-post-thumbnail","6":"product_brand-gotoh","7":"product_cat-acessorios","8":"product_cat-eletricos","9":"product_cat-tarraxas-eletricos","10":"product_tag-gotoh-gb707-l1-ck","11":"product_tag-tarraxa-unitaria","13":"first","14":"instock","15":"shipping-taxable","16":"purchasable","17":"product-type-simple"},"aioseo_notices":[],"jetpack_publicize_connections":[],"jetpack_sharing_enabled":true,"_links":{"self":[{"href":"https:\/\/delaet.com.br\/en\/wp-json\/wp\/v2\/product\/4181","targetHints":{"allow":["GET"]}}],"collection":[{"href":"https:\/\/delaet.com.br\/en\/wp-json\/wp\/v2\/product"}],"about":[{"href":"https:\/\/delaet.com.br\/en\/wp-json\/wp\/v2\/types\/product"}],"replies":[{"embeddable":true,"href":"https:\/\/delaet.com.br\/en\/wp-json\/wp\/v2\/comments?post=4181"}],"wp:featuredmedia":[{"embeddable":true,"href":"https:\/\/delaet.com.br\/en\/wp-json\/wp\/v2\/media\/4180"}],"wp:attachment":[{"href":"https:\/\/delaet.com.br\/en\/wp-json\/wp\/v2\/media?parent=4181"}],"wp:term":[{"taxonomy":"product_brand","embeddable":true,"href":"https:\/\/delaet.com.br\/en\/wp-json\/wp\/v2\/product_brand?post=4181"},{"taxonomy":"product_cat","embeddable":true,"href":"https:\/\/delaet.com.br\/en\/wp-json\/wp\/v2\/product_cat?post=4181"},{"taxonomy":"product_tag","embeddable":true,"href":"https:\/\/delaet.com.br\/en\/wp-json\/wp\/v2\/product_tag?post=4181"}],"curies":[{"name":"wp","href":"https:\/\/api.w.org\/{rel}","templated":true}]}}