{"id":4188,"date":"2026-04-12T10:20:57","date_gmt":"2026-04-12T13:20:57","guid":{"rendered":"https:\/\/delaet.com.br\/pt_br\/loja\/produto\/tarraxa-blindada-trava-l3r3-cromada-6-pecas-gotoh-sg381-f035\/"},"modified":"2026-04-12T13:28:19","modified_gmt":"2026-04-12T16:28:19","slug":"tarraxa-blindada-trava-l3r3-cromada-6-pecas-gotoh-sg381-f035","status":"publish","type":"product","link":"https:\/\/delaet.com.br\/en\/loja\/produto\/tarraxa-blindada-trava-l3r3-cromada-6-pecas-gotoh-sg381-f035\/","title":{"rendered":"Tarraxa Blindada com Trava (L3+R3) Cromada (6 Pe\u00e7as) Gotoh SG381 MG-07C"},"content":{"rendered":"<p>Tarraxa para Guitarra Blindada com Trava Magnum Lock (L3+R3) em acabamento cromado, 6 unidades, acompanha parafusos, Gotoh SG381MG-07 C\/WS02.<\/p>\n<p>Condi\u00e7\u00e3o do item:Novo<br \/>\nC\u00f3digo de Barra:7899559813147<br \/>\nG\u00eanero:Unissex<br \/>\nInstrumento recomendado:Guitarra<br \/>\nMarca:Gotoh<br \/>\nModelo:SG381MG-07 C\/WS02<br \/>\nOrigem:Jap\u00e3o<br \/>\nUnidades por embalagem:6<br \/>\n\u00c9 Kit:N\u00e3o<br \/>\nDisposi\u00e7\u00e3o das tarraxas:L3+R3<br \/>\nQuantidade de tarraxas:6<br \/>\nInclui parafusos:Sim<br \/>\nTipo de Instrumento:Guitarra<\/p>","protected":false},"excerpt":{"rendered":"<p>Tarraxa para Guitarra Blindada com Trava Magnum Lock (L3+R3) em acabamento cromado, 6 unidades, acompanha parafusos, Gotoh SG381MG-07 C\/WS02. Condi\u00e7\u00e3o do item:Novo C\u00f3digo de Barra:7899559813147 G\u00eanero:Unissex Instrumento recomendado:Guitarra Marca:Gotoh Modelo:SG381MG-07 C\/WS02 Origem:Jap\u00e3o Unidades por embalagem:6 \u00c9 Kit:N\u00e3o Disposi\u00e7\u00e3o das tarraxas:L3+R3 Quantidade de tarraxas:6 Inclui parafusos:Sim Tipo de Instrumento:Guitarra<\/p>","protected":false},"featured_media":4187,"comment_status":"open","ping_status":"closed","template":"","meta":{"om_disable_all_campaigns":false,"jetpack_publicize_message":"","jetpack_publicize_feature_enabled":true,"jetpack_social_post_already_shared":false,"jetpack_social_options":{"image_generator_settings":{"template":"highway","default_image_id":0,"font":"","enabled":false},"version":2}},"product_brand":[164],"product_cat":[96,28,218],"product_tag":[375,374],"class_list":{"0":"post-4188","1":"product","2":"type-product","3":"status-publish","4":"has-post-thumbnail","6":"product_brand-gotoh","7":"product_cat-acessorios","8":"product_cat-eletricos","9":"product_cat-tarraxas-eletricos","10":"product_tag-gotoh-sg381-mg","11":"product_tag-tarraxa-com-trava","13":"first","14":"instock","15":"shipping-taxable","16":"purchasable","17":"product-type-simple"},"aioseo_notices":[],"jetpack_publicize_connections":[],"jetpack_sharing_enabled":true,"_links":{"self":[{"href":"https:\/\/delaet.com.br\/en\/wp-json\/wp\/v2\/product\/4188","targetHints":{"allow":["GET"]}}],"collection":[{"href":"https:\/\/delaet.com.br\/en\/wp-json\/wp\/v2\/product"}],"about":[{"href":"https:\/\/delaet.com.br\/en\/wp-json\/wp\/v2\/types\/product"}],"replies":[{"embeddable":true,"href":"https:\/\/delaet.com.br\/en\/wp-json\/wp\/v2\/comments?post=4188"}],"wp:featuredmedia":[{"embeddable":true,"href":"https:\/\/delaet.com.br\/en\/wp-json\/wp\/v2\/media\/4187"}],"wp:attachment":[{"href":"https:\/\/delaet.com.br\/en\/wp-json\/wp\/v2\/media?parent=4188"}],"wp:term":[{"taxonomy":"product_brand","embeddable":true,"href":"https:\/\/delaet.com.br\/en\/wp-json\/wp\/v2\/product_brand?post=4188"},{"taxonomy":"product_cat","embeddable":true,"href":"https:\/\/delaet.com.br\/en\/wp-json\/wp\/v2\/product_cat?post=4188"},{"taxonomy":"product_tag","embeddable":true,"href":"https:\/\/delaet.com.br\/en\/wp-json\/wp\/v2\/product_tag?post=4188"}],"curies":[{"name":"wp","href":"https:\/\/api.w.org\/{rel}","templated":true}]}}