{"id":4233,"date":"2026-04-12T10:23:47","date_gmt":"2026-04-12T13:23:47","guid":{"rendered":"https:\/\/delaet.com.br\/pt_br\/loja\/produto\/tarraxa-para-guitarra-bindada-preta-3x3-spirit-j07-bk-r3l3-f035\/"},"modified":"2026-04-12T13:04:16","modified_gmt":"2026-04-12T16:04:16","slug":"tarraxa-para-guitarra-bindada-preta-3x3-spirit-j07-bk-r3l3-f035","status":"publish","type":"product","link":"https:\/\/delaet.com.br\/en\/loja\/produto\/tarraxa-para-guitarra-bindada-preta-3x3-spirit-j07-bk-r3l3-f035\/","title":{"rendered":"Tarraxa Para Guitarra Bindada Preta 3&#215;3 Spirit J07-BK-R3L3"},"content":{"rendered":"<p>Tarraxas para Guitarra blindada com acabamento preto, 6 tarraxas 3&#215;3, Spirit Guitar Parts J07-BK-R3L3.<br \/>\n&#8211; Engrenagens com precis\u00e3o de 15:1<\/p>\n<p>Disposi\u00e7\u00e3o das tarraxas:R3\/L3<br \/> Instrumentos compat\u00edveis:Guitarra<br \/> Material:Metal<br \/> Inclui parafusos:N\u00e3o<br \/> Quantidade de tarraxas:6<br \/> SKU:011941<\/p>\n<p> Condi\u00e7\u00e3o:Novo<br \/> Cor:Preta<br \/> C\u00f3digo Universal do Produto:7899559805364<br \/> G\u00eanero:Unissex<br \/> Linha:Spirit Guitar Parts<br \/> MPN:H1007C_00<br \/> Marca:Spirit<br \/> Modelo:J07-BK-R3L3<br \/> Origem:Cor\u00e9ia do Sul<br \/> Unidades por embalagem:6<br \/> \u00c9 kit:N\u00e3o<br \/> Instrumento Recomendado:Guitarra<\/p>\n<p><\/p>","protected":false},"excerpt":{"rendered":"<p>Tarraxas para Guitarra blindada com acabamento preto, 6 tarraxas 3&#215;3, Spirit Guitar Parts J07-BK-R3L3. &#8211; Engrenagens com precis\u00e3o de 15:1 Disposi\u00e7\u00e3o das tarraxas:R3\/L3 Instrumentos compat\u00edveis:Guitarra Material:Metal Inclui parafusos:N\u00e3o Quantidade de tarraxas:6 SKU:011941 Condi\u00e7\u00e3o:Novo Cor:Preta C\u00f3digo Universal do Produto:7899559805364 G\u00eanero:Unissex Linha:Spirit Guitar Parts MPN:H1007C_00 Marca:Spirit Modelo:J07-BK-R3L3 Origem:Cor\u00e9ia do Sul Unidades por embalagem:6 \u00c9 kit:N\u00e3o Instrumento Recomendado:Guitarra<\/p>","protected":false},"featured_media":4232,"comment_status":"open","ping_status":"closed","template":"","meta":{"om_disable_all_campaigns":false,"_monsterinsights_skip_tracking":false,"_monsterinsights_sitenote_active":false,"_monsterinsights_sitenote_note":"","_monsterinsights_sitenote_category":0,"jetpack_publicize_message":"","jetpack_publicize_feature_enabled":true,"jetpack_social_post_already_shared":false,"jetpack_social_options":{"image_generator_settings":{"template":"highway","default_image_id":0,"font":"","enabled":false},"version":2}},"product_brand":[165],"product_cat":[96,28,218],"product_tag":[354,355,343,356,344],"class_list":{"0":"post-4233","1":"product","2":"type-product","3":"status-publish","4":"has-post-thumbnail","6":"product_brand-spirit","7":"product_cat-acessorios","8":"product_cat-eletricos","9":"product_cat-tarraxas-eletricos","10":"product_tag-3l3r","11":"product_tag-spirit-j07-bk-r3l3","12":"product_tag-tarraxa-para-guitarra","13":"product_tag-tarraxa-para-violao-aco","14":"product_tag-tarraxa-preta","16":"first","17":"instock","18":"shipping-taxable","19":"purchasable","20":"product-type-simple"},"aioseo_notices":[],"jetpack_publicize_connections":[],"jetpack_sharing_enabled":true,"_links":{"self":[{"href":"https:\/\/delaet.com.br\/en\/wp-json\/wp\/v2\/product\/4233","targetHints":{"allow":["GET"]}}],"collection":[{"href":"https:\/\/delaet.com.br\/en\/wp-json\/wp\/v2\/product"}],"about":[{"href":"https:\/\/delaet.com.br\/en\/wp-json\/wp\/v2\/types\/product"}],"replies":[{"embeddable":true,"href":"https:\/\/delaet.com.br\/en\/wp-json\/wp\/v2\/comments?post=4233"}],"wp:featuredmedia":[{"embeddable":true,"href":"https:\/\/delaet.com.br\/en\/wp-json\/wp\/v2\/media\/4232"}],"wp:attachment":[{"href":"https:\/\/delaet.com.br\/en\/wp-json\/wp\/v2\/media?parent=4233"}],"wp:term":[{"taxonomy":"product_brand","embeddable":true,"href":"https:\/\/delaet.com.br\/en\/wp-json\/wp\/v2\/product_brand?post=4233"},{"taxonomy":"product_cat","embeddable":true,"href":"https:\/\/delaet.com.br\/en\/wp-json\/wp\/v2\/product_cat?post=4233"},{"taxonomy":"product_tag","embeddable":true,"href":"https:\/\/delaet.com.br\/en\/wp-json\/wp\/v2\/product_tag?post=4233"}],"curies":[{"name":"wp","href":"https:\/\/api.w.org\/{rel}","templated":true}]}}