{"id":4248,"date":"2026-04-12T10:24:45","date_gmt":"2026-04-12T13:24:45","guid":{"rendered":"https:\/\/delaet.com.br\/pt_br\/loja\/produto\/tarraxa-para-ukulele-niquelada-marrom-spirit-ju99-ni-bw-r2l2-f035\/"},"modified":"2026-04-12T12:57:22","modified_gmt":"2026-04-12T15:57:22","slug":"tarraxa-para-ukulele-niquelada-marrom-spirit-ju99-ni-bw-r2l2-f035","status":"publish","type":"product","link":"https:\/\/delaet.com.br\/en\/loja\/produto\/tarraxa-para-ukulele-niquelada-marrom-spirit-ju99-ni-bw-r2l2-f035\/","title":{"rendered":"Tarraxa Para Ukulele Niquelada\/Marrom Spirit JU99-NI-BW-R2L2"},"content":{"rendered":"<p>Tarraxas para Ukulele com hardware em acabamento niquelado e bot\u00e3o marrom perolizado, 4 unidades, Spirit Guitar Parts &#8211; JU99-NI-BW-R2L2.<\/p>\n<p>Disposi\u00e7\u00e3o das tarraxas:R2\/L2<br \/> Instrumentos compat\u00edveis:Ukulele<br \/> Material:Metal<br \/> Inclui parafusos:N\u00e3o<br \/> Quantidade de tarraxas:4<br \/> SKU:021587<\/p>\n<p> Condi\u00e7\u00e3o:Novo<br \/> Cor:Niquelada\/Marrom Perolizado<br \/> C\u00f3digo Universal do Produto:7899559806163<br \/> G\u00eanero:Unissex<br \/> Linha:Spirit Guitar Parts<br \/> MPN:H1399F_100<br \/> Marca:Spirit<br \/> Modelo:JU99-NI-BW-R2L2<br \/> Origem:Cor\u00e9ia do Sul<br \/> Unidades por embalagem:4<br \/> \u00c9 kit:N\u00e3o<br \/> Instrumento Recomendado:Ukulele<\/p>\n<p><\/p>","protected":false},"excerpt":{"rendered":"<p>Tarraxas para Ukulele com hardware em acabamento niquelado e bot\u00e3o marrom perolizado, 4 unidades, Spirit Guitar Parts &#8211; JU99-NI-BW-R2L2. Disposi\u00e7\u00e3o das tarraxas:R2\/L2 Instrumentos compat\u00edveis:Ukulele Material:Metal Inclui parafusos:N\u00e3o Quantidade de tarraxas:4 SKU:021587 Condi\u00e7\u00e3o:Novo Cor:Niquelada\/Marrom Perolizado C\u00f3digo Universal do Produto:7899559806163 G\u00eanero:Unissex Linha:Spirit Guitar Parts MPN:H1399F_100 Marca:Spirit Modelo:JU99-NI-BW-R2L2 Origem:Cor\u00e9ia do Sul Unidades por embalagem:4 \u00c9 kit:N\u00e3o Instrumento Recomendado:Ukulele<\/p>","protected":false},"featured_media":4247,"comment_status":"open","ping_status":"closed","template":"","meta":{"om_disable_all_campaigns":false,"_monsterinsights_skip_tracking":false,"_monsterinsights_sitenote_active":false,"_monsterinsights_sitenote_note":"","_monsterinsights_sitenote_category":0,"jetpack_publicize_message":"","jetpack_publicize_feature_enabled":true,"jetpack_social_post_already_shared":false,"jetpack_social_options":{"image_generator_settings":{"template":"highway","default_image_id":0,"font":"","enabled":false},"version":2}},"product_brand":[165],"product_cat":[96,207,338],"product_tag":[342,341,340,339],"class_list":{"0":"post-4248","1":"product","2":"type-product","3":"status-publish","4":"has-post-thumbnail","6":"product_brand-spirit","7":"product_cat-acessorios","8":"product_cat-acusticos","9":"product_cat-tarraxas-acusticos","10":"product_tag-r2l2","11":"product_tag-spirit-ju99-ni-bw","12":"product_tag-tarraxa-niquel-marrom","13":"product_tag-tarraxa-para-ukulele","15":"first","16":"instock","17":"shipping-taxable","18":"purchasable","19":"product-type-simple"},"aioseo_notices":[],"jetpack_publicize_connections":[],"jetpack_sharing_enabled":true,"_links":{"self":[{"href":"https:\/\/delaet.com.br\/en\/wp-json\/wp\/v2\/product\/4248","targetHints":{"allow":["GET"]}}],"collection":[{"href":"https:\/\/delaet.com.br\/en\/wp-json\/wp\/v2\/product"}],"about":[{"href":"https:\/\/delaet.com.br\/en\/wp-json\/wp\/v2\/types\/product"}],"replies":[{"embeddable":true,"href":"https:\/\/delaet.com.br\/en\/wp-json\/wp\/v2\/comments?post=4248"}],"wp:featuredmedia":[{"embeddable":true,"href":"https:\/\/delaet.com.br\/en\/wp-json\/wp\/v2\/media\/4247"}],"wp:attachment":[{"href":"https:\/\/delaet.com.br\/en\/wp-json\/wp\/v2\/media?parent=4248"}],"wp:term":[{"taxonomy":"product_brand","embeddable":true,"href":"https:\/\/delaet.com.br\/en\/wp-json\/wp\/v2\/product_brand?post=4248"},{"taxonomy":"product_cat","embeddable":true,"href":"https:\/\/delaet.com.br\/en\/wp-json\/wp\/v2\/product_cat?post=4248"},{"taxonomy":"product_tag","embeddable":true,"href":"https:\/\/delaet.com.br\/en\/wp-json\/wp\/v2\/product_tag?post=4248"}],"curies":[{"name":"wp","href":"https:\/\/api.w.org\/{rel}","templated":true}]}}