{"id":4251,"date":"2026-04-12T10:24:56","date_gmt":"2026-04-12T13:24:56","guid":{"rendered":"https:\/\/delaet.com.br\/pt_br\/loja\/produto\/tarraxa-para-violao-dourada-branca-spirit-j98-gd-r1l1-f035\/"},"modified":"2026-04-12T12:55:47","modified_gmt":"2026-04-12T15:55:47","slug":"tarraxa-para-violao-dourada-branca-spirit-j98-gd-r1l1-f035","status":"publish","type":"product","link":"https:\/\/delaet.com.br\/en\/loja\/produto\/tarraxa-para-violao-dourada-branca-spirit-j98-gd-r1l1-f035\/","title":{"rendered":"Tarraxa Para Viol\u00e3o Dourada\/Branca Spirit J98-GD"},"content":{"rendered":"<p>Tarraxas para Viol\u00e3o com hardware em acabamento dourado e bot\u00e3o branco perolizado, Spirit Guitar Parts &#8211; J98-GD-R1L1.<br \/>\n&#8211; Engrenagens com precis\u00e3o de 15:1<\/p>\n<p>Disposi\u00e7\u00e3o das tarraxas:R1\/L1<br \/> Instrumentos compat\u00edveis:Viol\u00e3o<br \/> Material:Metal<br \/> Inclui parafusos:N\u00e3o<br \/> Quantidade de tarraxas:6<br \/> SKU:005990<\/p>\n<p> Condi\u00e7\u00e3o:Novo<br \/> Cor:Dourada\/Branca Perolizada<br \/> C\u00f3digo Universal do Produto:7899559800017<br \/> G\u00eanero:Unissex<br \/> Linha:Spirit Guitar Parts<br \/> MPN:H1698H_40<br \/> Marca:Spirit<br \/> Modelo:J98-GD-R1L1<br \/> Origem:Cor\u00e9ia do Sul<br \/> Unidades por embalagem:2<br \/> \u00c9 kit:N\u00e3o<br \/> Instrumento Recomendado:Viol\u00e3o<\/p>\n<p><\/p>","protected":false},"excerpt":{"rendered":"<p>Tarraxas para Viol\u00e3o com hardware em acabamento dourado e bot\u00e3o branco perolizado, Spirit Guitar Parts &#8211; J98-GD-R1L1. &#8211; Engrenagens com precis\u00e3o de 15:1 Disposi\u00e7\u00e3o das tarraxas:R1\/L1 Instrumentos compat\u00edveis:Viol\u00e3o Material:Metal Inclui parafusos:N\u00e3o Quantidade de tarraxas:6 SKU:005990 Condi\u00e7\u00e3o:Novo Cor:Dourada\/Branca Perolizada C\u00f3digo Universal do Produto:7899559800017 G\u00eanero:Unissex Linha:Spirit Guitar Parts MPN:H1698H_40 Marca:Spirit Modelo:J98-GD-R1L1 Origem:Cor\u00e9ia do Sul Unidades por embalagem:2 [&hellip;]<\/p>\n","protected":false},"featured_media":4249,"comment_status":"open","ping_status":"closed","template":"","meta":{"om_disable_all_campaigns":false,"_monsterinsights_skip_tracking":false,"_monsterinsights_sitenote_active":false,"_monsterinsights_sitenote_note":"","_monsterinsights_sitenote_category":0,"jetpack_publicize_message":"","jetpack_publicize_feature_enabled":true,"jetpack_social_post_already_shared":false,"jetpack_social_options":{"image_generator_settings":{"template":"highway","default_image_id":0,"font":"","enabled":false},"version":2}},"product_brand":[164],"product_cat":[96,207,338],"product_tag":[333,336,332,335,334],"class_list":{"0":"post-4251","1":"product","2":"type-product","3":"status-publish","4":"has-post-thumbnail","6":"product_brand-gotoh","7":"product_cat-acessorios","8":"product_cat-acusticos","9":"product_cat-tarraxas-acusticos","10":"product_tag-spirit-j98-gd","11":"product_tag-tarraxa-dourada","12":"product_tag-tarraxa-para-violao","13":"product_tag-tarraxa-violao-classico","14":"product_tag-tarraxa-violao-nylon","16":"first","17":"instock","18":"shipping-taxable","19":"purchasable","20":"product-type-simple"},"aioseo_notices":[],"jetpack_publicize_connections":[],"jetpack_sharing_enabled":true,"_links":{"self":[{"href":"https:\/\/delaet.com.br\/en\/wp-json\/wp\/v2\/product\/4251","targetHints":{"allow":["GET"]}}],"collection":[{"href":"https:\/\/delaet.com.br\/en\/wp-json\/wp\/v2\/product"}],"about":[{"href":"https:\/\/delaet.com.br\/en\/wp-json\/wp\/v2\/types\/product"}],"replies":[{"embeddable":true,"href":"https:\/\/delaet.com.br\/en\/wp-json\/wp\/v2\/comments?post=4251"}],"wp:featuredmedia":[{"embeddable":true,"href":"https:\/\/delaet.com.br\/en\/wp-json\/wp\/v2\/media\/4249"}],"wp:attachment":[{"href":"https:\/\/delaet.com.br\/en\/wp-json\/wp\/v2\/media?parent=4251"}],"wp:term":[{"taxonomy":"product_brand","embeddable":true,"href":"https:\/\/delaet.com.br\/en\/wp-json\/wp\/v2\/product_brand?post=4251"},{"taxonomy":"product_cat","embeddable":true,"href":"https:\/\/delaet.com.br\/en\/wp-json\/wp\/v2\/product_cat?post=4251"},{"taxonomy":"product_tag","embeddable":true,"href":"https:\/\/delaet.com.br\/en\/wp-json\/wp\/v2\/product_tag?post=4251"}],"curies":[{"name":"wp","href":"https:\/\/api.w.org\/{rel}","templated":true}]}}