{"id":4295,"date":"2026-04-12T10:27:40","date_gmt":"2026-04-12T13:27:40","guid":{"rendered":"https:\/\/delaet.com.br\/pt_br\/loja\/produto\/traste-instrumentos-niquel-super-jumbo-3-0m-spirit-fr29-f035\/"},"modified":"2026-04-12T12:18:10","modified_gmt":"2026-04-12T15:18:10","slug":"traste-instrumentos-niquel-super-jumbo-3-0m-spirit-fr29-f035","status":"publish","type":"product","link":"https:\/\/delaet.com.br\/en\/loja\/produto\/traste-instrumentos-niquel-super-jumbo-3-0m-spirit-fr29-f035\/","title":{"rendered":"Traste Instrumentos Niquel Super Jumbo (3.0m) Spirit FR29"},"content":{"rendered":"<p>Trastes s\u00e3o filamentos met\u00e1licos que comp\u00f5em a escala de grande parte dos instrumentos de cordas, cuja a instala\u00e7\u00e3o\/manuten\u00e7\u00e3o \u00e9 feita pelo fabricante\/luthier e distribu\u00edda de maneira meticulosamente calculada, fazendo com que cada unidade posicionada marque e determine que o m\u00fasico obtenha uma nota espec\u00edfica ao performar no instrumento.<br \/>\n&#8211; Traste com 18 por cento de prata n\u00edquelada de alta qualidade<br \/>\n&#8211; A dist\u00e2ncia dos pinos pode ser modificada de acordo com as exig\u00eancias do cliente.<\/p>\n<p>Instrumentos compat\u00edveis:Guitarra\/Baixo\/Viol\u00e3o<br \/> Material:Niquel<br \/> SKU:019531<\/p>\n<p> Condi\u00e7\u00e3o:Novo<br \/> Cor:Cromada<br \/> C\u00f3digo Universal do Produto:7899559805555<br \/> G\u00eanero:Unissex<br \/> Linha:Spirit Guitar Parts<br \/> MPN:H5841<br \/> Marca:Spirit<br \/> Modelo:FR29<br \/> Origem:Cor\u00e9ia do Sul<br \/> Unidades por embalagem:1<br \/> \u00c9 kit:N\u00e3o<br \/> Instrumento Recomendado:Guitarra\/Baixo\/Viol\u00e3o<\/p>\n<p><\/p>","protected":false},"excerpt":{"rendered":"<p>Trastes s\u00e3o filamentos met\u00e1licos que comp\u00f5em a escala de grande parte dos instrumentos de cordas, cuja a instala\u00e7\u00e3o\/manuten\u00e7\u00e3o \u00e9 feita pelo fabricante\/luthier e distribu\u00edda de maneira meticulosamente calculada, fazendo com que cada unidade posicionada marque e determine que o m\u00fasico obtenha uma nota espec\u00edfica ao performar no instrumento. &#8211; Traste com 18 por cento de [&hellip;]<\/p>\n","protected":false},"featured_media":4294,"comment_status":"open","ping_status":"closed","template":"","meta":{"om_disable_all_campaigns":false,"_monsterinsights_skip_tracking":false,"_monsterinsights_sitenote_active":false,"_monsterinsights_sitenote_note":"","_monsterinsights_sitenote_category":0,"jetpack_publicize_message":"","jetpack_publicize_feature_enabled":true,"jetpack_social_post_already_shared":false,"jetpack_social_options":{"image_generator_settings":{"template":"highway","default_image_id":0,"font":"","enabled":false},"version":2}},"product_brand":[165],"product_cat":[96,223,276,277],"product_tag":[298,299,293,292,297,296],"class_list":{"0":"post-4295","1":"product","2":"type-product","3":"status-publish","4":"has-post-thumbnail","6":"product_brand-spirit","7":"product_cat-acessorios","8":"product_cat-outros","9":"product_cat-luthier","10":"product_cat-trastes","11":"product_tag-spirit-fr29","12":"product_tag-traste-de-niquel","13":"product_tag-traste-para-baixo","14":"product_tag-traste-para-guitarra","15":"product_tag-traste-spirit","16":"product_tag-traste-super-jumbo","18":"first","19":"instock","20":"shipping-taxable","21":"purchasable","22":"product-type-simple"},"aioseo_notices":[],"jetpack_publicize_connections":[],"jetpack_sharing_enabled":true,"_links":{"self":[{"href":"https:\/\/delaet.com.br\/en\/wp-json\/wp\/v2\/product\/4295","targetHints":{"allow":["GET"]}}],"collection":[{"href":"https:\/\/delaet.com.br\/en\/wp-json\/wp\/v2\/product"}],"about":[{"href":"https:\/\/delaet.com.br\/en\/wp-json\/wp\/v2\/types\/product"}],"replies":[{"embeddable":true,"href":"https:\/\/delaet.com.br\/en\/wp-json\/wp\/v2\/comments?post=4295"}],"wp:featuredmedia":[{"embeddable":true,"href":"https:\/\/delaet.com.br\/en\/wp-json\/wp\/v2\/media\/4294"}],"wp:attachment":[{"href":"https:\/\/delaet.com.br\/en\/wp-json\/wp\/v2\/media?parent=4295"}],"wp:term":[{"taxonomy":"product_brand","embeddable":true,"href":"https:\/\/delaet.com.br\/en\/wp-json\/wp\/v2\/product_brand?post=4295"},{"taxonomy":"product_cat","embeddable":true,"href":"https:\/\/delaet.com.br\/en\/wp-json\/wp\/v2\/product_cat?post=4295"},{"taxonomy":"product_tag","embeddable":true,"href":"https:\/\/delaet.com.br\/en\/wp-json\/wp\/v2\/product_tag?post=4295"}],"curies":[{"name":"wp","href":"https:\/\/api.w.org\/{rel}","templated":true}]}}