{"id":4311,"date":"2026-04-12T10:28:41","date_gmt":"2026-04-12T13:28:41","guid":{"rendered":"https:\/\/delaet.com.br\/pt_br\/loja\/produto\/traste-violao-3-mts-prata-niquel-18-van-gent-n72s-f035\/"},"modified":"2026-04-13T09:58:13","modified_gmt":"2026-04-13T12:58:13","slug":"traste-violao-3-mts-prata-niquel-18-van-gent-n72s-f035","status":"publish","type":"product","link":"https:\/\/delaet.com.br\/en\/loja\/produto\/traste-violao-3-mts-prata-niquel-18-van-gent-n72s-f035\/","title":{"rendered":"Traste Viol\u00e3o (3 Mts) Prata-N\u00edquel 18% Van Gent N72S"},"content":{"rendered":"<p>Traste para Viol\u00e3o, em barra de 3 metros, fabricado em liga de prata-n\u00edquel 18%, que oferece excelente resist\u00eancia ao desgaste e \u00f3tima durabilidade.<br \/>\nO Traste Van Gent N72S possui largura de 2,0 mm, proporcionando uma tocabilidade confort\u00e1vel, maior precis\u00e3o na execu\u00e7\u00e3o das notas e excelente resposta para t\u00e9cnicas modernas.<\/p>\n<p>Marca: Van Gent<br \/>\nModelo: N72S<br \/>\nAplica\u00e7\u00e3o: Baixo<br \/>\nPerfil: Jumbo<br \/>\nLargura: 2,0 mm<br \/>\nMaterial: Liga de prata-n\u00edquel 18%<br \/>\nComprimento: 3 metros<\/p>\n<p>Cor:Cromado<br \/> \u00c9 kit:N\u00e3o<br \/> Instrumento Recomendado:Viol\u00e3o<br \/> Material:Alpaca<br \/> Unidades por embalagem:1<\/p>\n<p> Condi\u00e7\u00e3o do item:Novo<br \/> Fonte do Produto:Importado<br \/> G\u00eanero:Unissex<br \/> Marca:Van Gent<br \/> Modelo:72S<br \/> Origem:Holanda<br \/> SKU:018457<br \/> C\u00f3digo de Barras:7899559811426<br \/> N\u00famero de pe\u00e7a:72S<br \/> Comprimento da embalagem:36 cm<br \/> Largura da embalagem:32 cm<br \/> Altura da embalagem:3 cm<br \/> Peso da embalagem:33 g<br \/> Tipo da embalagem:Sem embalagem adicional<\/p>\n<p><\/p>","protected":false},"excerpt":{"rendered":"<p>Traste para Viol\u00e3o, em barra de 3 metros, fabricado em liga de prata-n\u00edquel 18%, que oferece excelente resist\u00eancia ao desgaste e \u00f3tima durabilidade. O Traste Van Gent N72S possui largura de 2,0 mm, proporcionando uma tocabilidade confort\u00e1vel, maior precis\u00e3o na execu\u00e7\u00e3o das notas e excelente resposta para t\u00e9cnicas modernas. Marca: Van Gent Modelo: N72S Aplica\u00e7\u00e3o: [&hellip;]<\/p>\n","protected":false},"featured_media":4309,"comment_status":"open","ping_status":"closed","template":"","meta":{"om_disable_all_campaigns":false,"_monsterinsights_skip_tracking":false,"_monsterinsights_sitenote_active":false,"_monsterinsights_sitenote_note":"","_monsterinsights_sitenote_category":0,"jetpack_publicize_message":"","jetpack_publicize_feature_enabled":true,"jetpack_social_post_already_shared":false,"jetpack_social_options":{"image_generator_settings":{"template":"highway","default_image_id":0,"font":"","enabled":false},"version":2}},"product_brand":[179],"product_cat":[28,223,276,277],"product_tag":[274,275,271,272,273],"class_list":{"0":"post-4311","1":"product","2":"type-product","3":"status-publish","4":"has-post-thumbnail","6":"product_brand-van-gent","7":"product_cat-eletricos","8":"product_cat-outros","9":"product_cat-luthier","10":"product_cat-trastes","11":"product_tag-traste-de-guitarra","12":"product_tag-traste-de-viola","13":"product_tag-traste-de-violao","14":"product_tag-traste-prata-niquel-18","15":"product_tag-van-gent-n72s","17":"first","18":"instock","19":"shipping-taxable","20":"purchasable","21":"product-type-simple"},"aioseo_notices":[],"jetpack_publicize_connections":[],"jetpack_sharing_enabled":true,"_links":{"self":[{"href":"https:\/\/delaet.com.br\/en\/wp-json\/wp\/v2\/product\/4311","targetHints":{"allow":["GET"]}}],"collection":[{"href":"https:\/\/delaet.com.br\/en\/wp-json\/wp\/v2\/product"}],"about":[{"href":"https:\/\/delaet.com.br\/en\/wp-json\/wp\/v2\/types\/product"}],"replies":[{"embeddable":true,"href":"https:\/\/delaet.com.br\/en\/wp-json\/wp\/v2\/comments?post=4311"}],"wp:featuredmedia":[{"embeddable":true,"href":"https:\/\/delaet.com.br\/en\/wp-json\/wp\/v2\/media\/4309"}],"wp:attachment":[{"href":"https:\/\/delaet.com.br\/en\/wp-json\/wp\/v2\/media?parent=4311"}],"wp:term":[{"taxonomy":"product_brand","embeddable":true,"href":"https:\/\/delaet.com.br\/en\/wp-json\/wp\/v2\/product_brand?post=4311"},{"taxonomy":"product_cat","embeddable":true,"href":"https:\/\/delaet.com.br\/en\/wp-json\/wp\/v2\/product_cat?post=4311"},{"taxonomy":"product_tag","embeddable":true,"href":"https:\/\/delaet.com.br\/en\/wp-json\/wp\/v2\/product_tag?post=4311"}],"curies":[{"name":"wp","href":"https:\/\/api.w.org\/{rel}","templated":true}]}}