{"id":4313,"date":"2026-04-12T10:28:53","date_gmt":"2026-04-12T13:28:53","guid":{"rendered":"https:\/\/delaet.com.br\/pt_br\/loja\/produto\/trava-correias-de-instrumentos-dourada-par-spirit-h5150_40-f035\/"},"modified":"2026-04-12T12:13:35","modified_gmt":"2026-04-12T15:13:35","slug":"trava-correias-de-instrumentos-dourada-par-spirit-h5150_40-f035","status":"publish","type":"product","link":"https:\/\/delaet.com.br\/en\/loja\/produto\/trava-correias-de-instrumentos-dourada-par-spirit-h5150_40-f035\/","title":{"rendered":"Trava Correias De Instrumentos Dourada (Par) Spirit H5150_40"},"content":{"rendered":"<p>Par de travas para correias (Straplock) de Instrumentos em acabamento durado, Spirit H5150_40.<\/p>\n<p>C\u00f3digo Universal do Produto:7899559813611<br \/> Cor:Dourada<br \/> \u00c9 kit:N\u00e3o<br \/> Instrumentos compat\u00edveis:Instrumentos de Corda<br \/> Linha:Spirit Guitar Parts<br \/> Marca:Spirit<br \/> Material:N\/A<br \/> Modelo:H5150_40<br \/> Origem:Cor\u00e9ia do Sul<br \/> SKU:052520<br \/> Unidades por embalagem:2<\/p>\n<p><\/p>","protected":false},"excerpt":{"rendered":"<p>Par de travas para correias (Straplock) de Instrumentos em acabamento durado, Spirit H5150_40. C\u00f3digo Universal do Produto:7899559813611 Cor:Dourada \u00c9 kit:N\u00e3o Instrumentos compat\u00edveis:Instrumentos de Corda Linha:Spirit Guitar Parts Marca:Spirit Material:N\/A Modelo:H5150_40 Origem:Cor\u00e9ia do Sul SKU:052520 Unidades por embalagem:2<\/p>","protected":false},"featured_media":4312,"comment_status":"open","ping_status":"closed","template":"","meta":{"om_disable_all_campaigns":false,"_monsterinsights_skip_tracking":false,"_monsterinsights_sitenote_active":false,"_monsterinsights_sitenote_note":"","_monsterinsights_sitenote_category":0,"jetpack_publicize_message":"","jetpack_publicize_feature_enabled":true,"jetpack_social_post_already_shared":false,"jetpack_social_options":{"image_generator_settings":{"template":"highway","default_image_id":0,"font":"","enabled":false},"version":2}},"product_brand":[165],"product_cat":[96,28,223],"product_tag":[270,256,269],"class_list":{"0":"post-4313","1":"product","2":"type-product","3":"status-publish","4":"has-post-thumbnail","6":"product_brand-spirit","7":"product_cat-acessorios","8":"product_cat-eletricos","9":"product_cat-outros","10":"product_tag-spirit-h5150","11":"product_tag-trava-para-correia","12":"product_tag-trava-para-correia-dourada","14":"first","15":"instock","16":"shipping-taxable","17":"purchasable","18":"product-type-simple"},"aioseo_notices":[],"jetpack_publicize_connections":[],"jetpack_sharing_enabled":true,"_links":{"self":[{"href":"https:\/\/delaet.com.br\/en\/wp-json\/wp\/v2\/product\/4313","targetHints":{"allow":["GET"]}}],"collection":[{"href":"https:\/\/delaet.com.br\/en\/wp-json\/wp\/v2\/product"}],"about":[{"href":"https:\/\/delaet.com.br\/en\/wp-json\/wp\/v2\/types\/product"}],"replies":[{"embeddable":true,"href":"https:\/\/delaet.com.br\/en\/wp-json\/wp\/v2\/comments?post=4313"}],"wp:featuredmedia":[{"embeddable":true,"href":"https:\/\/delaet.com.br\/en\/wp-json\/wp\/v2\/media\/4312"}],"wp:attachment":[{"href":"https:\/\/delaet.com.br\/en\/wp-json\/wp\/v2\/media?parent=4313"}],"wp:term":[{"taxonomy":"product_brand","embeddable":true,"href":"https:\/\/delaet.com.br\/en\/wp-json\/wp\/v2\/product_brand?post=4313"},{"taxonomy":"product_cat","embeddable":true,"href":"https:\/\/delaet.com.br\/en\/wp-json\/wp\/v2\/product_cat?post=4313"},{"taxonomy":"product_tag","embeddable":true,"href":"https:\/\/delaet.com.br\/en\/wp-json\/wp\/v2\/product_tag?post=4313"}],"curies":[{"name":"wp","href":"https:\/\/api.w.org\/{rel}","templated":true}]}}