{"id":4315,"date":"2026-04-12T10:29:02","date_gmt":"2026-04-12T13:29:02","guid":{"rendered":"https:\/\/delaet.com.br\/pt_br\/loja\/produto\/trava-lock-nut-cromado-fixacao-frontal-gotoh-ghl-2-c-f035\/"},"modified":"2026-04-12T12:13:53","modified_gmt":"2026-04-12T15:13:53","slug":"trava-lock-nut-cromado-fixacao-frontal-gotoh-ghl-2-c-f035","status":"publish","type":"product","link":"https:\/\/delaet.com.br\/en\/loja\/produto\/trava-lock-nut-cromado-fixacao-frontal-gotoh-ghl-2-c-f035\/","title":{"rendered":"Trava Lock Nut Cromado Fixa\u00e7\u00e3o Frontal Gotoh GHL-2 C"},"content":{"rendered":"<p>O Lock Nut, tamb\u00e9m conhecido popularmente como Trava Cordas \u00e9 necess\u00e1rio para sistemas de ponte com tr\u00eamolo flutuante (Floyd Rose).<br \/>\nO Trava Cordas Gotoh GHL-2 \u00e9 fixado pela frente do bra\u00e7o da guitarra, feito em metal com acabamento Chrome (cromado), largura de 43mm e raio de 400mm.<br \/>\nAcabamento em Chrome (cromado)<br \/>\nFixa\u00e7\u00e3o pela frente do bra\u00e7o<br \/>\nInclui ferramentas de montagem, Baixa Cordas (string tree), chaves Allen de 2,5mm e 3mm e cal\u00e7os para ajuste de altura<br \/>\nFabricado no Jap\u00e3o<br \/>\nMedidas: Base com 43mm de comprimento X 15.5mm de largura X 5.75mm\/5.6mm de altura<br \/>\nEspa\u00e7amento da 1\u00aa a 6\u00aa corda de 36.5mm<br \/>\nDist\u00e2ncia entre acessos para fixa\u00e7\u00e3o de 14mm<br \/>\nMedidas para fixa\u00e7\u00e3o do Baixa Cordas de 28.5mm<br \/>\nCurvatura da escala radial de 400mm<\/p>\n<p>Cor:Cromado<br \/> \u00c9 kit:Sim<br \/> Instrumento Recomendado:Guitarra<br \/> Material:Metal<br \/> Unidades por embalagem:1<\/p>\n<p> Condi\u00e7\u00e3o do item:Novo<br \/> Fonte do Produto:Importado<br \/> G\u00eanero:Unissex<br \/> Marca:Gotoh<br \/> Modelo:GHL-2C<br \/> Origem:Jap\u00e3o<br \/> SKU:009067<br \/> C\u00f3digo de Barras:7899559812522<br \/> N\u00famero de pe\u00e7a:GHL-2C<br \/> Comprimento da embalagem:23 cm<br \/> Largura da embalagem:16 cm<br \/> Altura da embalagem:6 cm<br \/> Peso da embalagem:16 g<br \/> Tipo da embalagem:Sem embalagem adicional<\/p>\n<p><\/p>","protected":false},"excerpt":{"rendered":"<p>O Lock Nut, tamb\u00e9m conhecido popularmente como Trava Cordas \u00e9 necess\u00e1rio para sistemas de ponte com tr\u00eamolo flutuante (Floyd Rose). O Trava Cordas Gotoh GHL-2 \u00e9 fixado pela frente do bra\u00e7o da guitarra, feito em metal com acabamento Chrome (cromado), largura de 43mm e raio de 400mm. Acabamento em Chrome (cromado) Fixa\u00e7\u00e3o pela frente do [&hellip;]<\/p>\n","protected":false},"featured_media":4314,"comment_status":"open","ping_status":"closed","template":"","meta":{"om_disable_all_campaigns":false,"_monsterinsights_skip_tracking":false,"_monsterinsights_sitenote_active":false,"_monsterinsights_sitenote_note":"","_monsterinsights_sitenote_category":0,"jetpack_publicize_message":"","jetpack_publicize_feature_enabled":true,"jetpack_social_post_already_shared":false,"jetpack_social_options":{"image_generator_settings":{"template":"highway","default_image_id":0,"font":"","enabled":false},"version":2}},"product_brand":[164],"product_cat":[96,28,223],"product_tag":[267,263,264,268,262],"class_list":{"0":"post-4315","1":"product","2":"type-product","3":"status-publish","4":"has-post-thumbnail","6":"product_brand-gotoh","7":"product_cat-acessorios","8":"product_cat-eletricos","9":"product_cat-outros","10":"product_tag-gotoh-ghl-2-c","11":"product_tag-lock-nut","12":"product_tag-lock-nut-cromado","13":"product_tag-lock-nut-fixacao-frontal","14":"product_tag-trava-para-pestana","16":"first","17":"instock","18":"shipping-taxable","19":"purchasable","20":"product-type-simple"},"aioseo_notices":[],"jetpack_publicize_connections":[],"jetpack_sharing_enabled":true,"_links":{"self":[{"href":"https:\/\/delaet.com.br\/en\/wp-json\/wp\/v2\/product\/4315","targetHints":{"allow":["GET"]}}],"collection":[{"href":"https:\/\/delaet.com.br\/en\/wp-json\/wp\/v2\/product"}],"about":[{"href":"https:\/\/delaet.com.br\/en\/wp-json\/wp\/v2\/types\/product"}],"replies":[{"embeddable":true,"href":"https:\/\/delaet.com.br\/en\/wp-json\/wp\/v2\/comments?post=4315"}],"wp:featuredmedia":[{"embeddable":true,"href":"https:\/\/delaet.com.br\/en\/wp-json\/wp\/v2\/media\/4314"}],"wp:attachment":[{"href":"https:\/\/delaet.com.br\/en\/wp-json\/wp\/v2\/media?parent=4315"}],"wp:term":[{"taxonomy":"product_brand","embeddable":true,"href":"https:\/\/delaet.com.br\/en\/wp-json\/wp\/v2\/product_brand?post=4315"},{"taxonomy":"product_cat","embeddable":true,"href":"https:\/\/delaet.com.br\/en\/wp-json\/wp\/v2\/product_cat?post=4315"},{"taxonomy":"product_tag","embeddable":true,"href":"https:\/\/delaet.com.br\/en\/wp-json\/wp\/v2\/product_tag?post=4315"}],"curies":[{"name":"wp","href":"https:\/\/api.w.org\/{rel}","templated":true}]}}