{"id":4329,"date":"2026-04-12T10:29:37","date_gmt":"2026-04-12T13:29:37","guid":{"rendered":"https:\/\/delaet.com.br\/pt_br\/loja\/produto\/trava-metalica-correia-niquelada-d-addario-pw-sls-02-f035\/"},"modified":"2026-04-12T12:14:44","modified_gmt":"2026-04-12T15:14:44","slug":"trava-metalica-correia-niquelada-d-addario-pw-sls-02-f035","status":"publish","type":"product","link":"https:\/\/delaet.com.br\/en\/loja\/produto\/trava-metalica-correia-niquelada-d-addario-pw-sls-02-f035\/","title":{"rendered":"Trava Metalica Correia Niquelada D Addario PW-SLS-02"},"content":{"rendered":"<p>O Strap Lock Universal D Addario foi desenvolvido por Ned Steinberger e proporciona a tranquilidade de que o instrumento ficar\u00e1 firmemente preso a correia. De pr\u00e1tica instala\u00e7\u00e3o, nossos Strap Locks facilitam na coloca\u00e7\u00e3o e retirada da correia, e tornam a performance segura, at\u00e9 mesmo para m\u00fasicos que se movimentam muito pelo palco. Os pinos de correia est\u00e3o dispon\u00edveis nas cores preto, dourado e cromado.<\/p>\n<p>Origem:China<br \/> Cor:Niquelado<br \/> Unidades por Embalagem:2<br \/> G\u00eanero:Unissex<br \/> Linha:Universal<br \/> C\u00f3digo Universal do Produto:0019954239176<br \/> SKU:030317<\/p>\n<p> Condi\u00e7\u00e3o do \u00edtem:Novo<br \/> MPN:PW-SLS-02<br \/> Fonte do Produto:Importado<br \/> \u00c9 kit:Sim<br \/> E kit:Sim<br \/> Material:A\u00e7o\/Pl\u00e1stico<br \/> Modelo:PW-SLS-02<br \/> Unidades por embalagem:2<br \/> \u00c9 ajust\u00e1vel:Sim<br \/> Comprimento:N\/A<br \/> Instrumento Recomendado:Baixo\/Guitarra<\/p>\n<p><\/p>","protected":false},"excerpt":{"rendered":"<p>O Strap Lock Universal D Addario foi desenvolvido por Ned Steinberger e proporciona a tranquilidade de que o instrumento ficar\u00e1 firmemente preso a correia. De pr\u00e1tica instala\u00e7\u00e3o, nossos Strap Locks facilitam na coloca\u00e7\u00e3o e retirada da correia, e tornam a performance segura, at\u00e9 mesmo para m\u00fasicos que se movimentam muito pelo palco. Os pinos de [&hellip;]<\/p>\n","protected":false},"featured_media":4324,"comment_status":"open","ping_status":"closed","template":"","meta":{"om_disable_all_campaigns":false,"_monsterinsights_skip_tracking":false,"_monsterinsights_sitenote_active":false,"_monsterinsights_sitenote_note":"","_monsterinsights_sitenote_category":0,"jetpack_publicize_message":"","jetpack_publicize_feature_enabled":true,"jetpack_social_post_already_shared":false,"jetpack_social_options":{"image_generator_settings":{"template":"highway","default_image_id":0,"font":"","enabled":false},"version":2}},"product_brand":[160],"product_cat":[96,28,223],"product_tag":[253,258,259,257,256],"class_list":{"0":"post-4329","1":"product","2":"type-product","3":"status-publish","4":"has-post-thumbnail","6":"product_brand-daddario","7":"product_cat-acessorios","8":"product_cat-eletricos","9":"product_cat-outros","10":"product_tag-daddario","11":"product_tag-pw-sls-02","12":"product_tag-straplock","13":"product_tag-trava-niquel","14":"product_tag-trava-para-correia","16":"first","17":"instock","18":"shipping-taxable","19":"purchasable","20":"product-type-simple"},"aioseo_notices":[],"jetpack_publicize_connections":[],"jetpack_sharing_enabled":true,"_links":{"self":[{"href":"https:\/\/delaet.com.br\/en\/wp-json\/wp\/v2\/product\/4329","targetHints":{"allow":["GET"]}}],"collection":[{"href":"https:\/\/delaet.com.br\/en\/wp-json\/wp\/v2\/product"}],"about":[{"href":"https:\/\/delaet.com.br\/en\/wp-json\/wp\/v2\/types\/product"}],"replies":[{"embeddable":true,"href":"https:\/\/delaet.com.br\/en\/wp-json\/wp\/v2\/comments?post=4329"}],"wp:featuredmedia":[{"embeddable":true,"href":"https:\/\/delaet.com.br\/en\/wp-json\/wp\/v2\/media\/4324"}],"wp:attachment":[{"href":"https:\/\/delaet.com.br\/en\/wp-json\/wp\/v2\/media?parent=4329"}],"wp:term":[{"taxonomy":"product_brand","embeddable":true,"href":"https:\/\/delaet.com.br\/en\/wp-json\/wp\/v2\/product_brand?post=4329"},{"taxonomy":"product_cat","embeddable":true,"href":"https:\/\/delaet.com.br\/en\/wp-json\/wp\/v2\/product_cat?post=4329"},{"taxonomy":"product_tag","embeddable":true,"href":"https:\/\/delaet.com.br\/en\/wp-json\/wp\/v2\/product_tag?post=4329"}],"curies":[{"name":"wp","href":"https:\/\/api.w.org\/{rel}","templated":true}]}}