{"id":4338,"date":"2026-04-12T10:30:00","date_gmt":"2026-04-12T13:30:00","guid":{"rendered":"https:\/\/delaet.com.br\/pt_br\/loja\/produto\/umidificador-para-violao-daddario-humidifier-pro-gh-f035\/"},"modified":"2026-04-12T12:15:18","modified_gmt":"2026-04-12T15:15:18","slug":"umidificador-para-violao-daddario-humidifier-pro-gh-f035","status":"publish","type":"product","link":"https:\/\/delaet.com.br\/en\/loja\/produto\/umidificador-para-violao-daddario-humidifier-pro-gh-f035\/","title":{"rendered":"Umidificador Para Viol\u00e3o DAddario Humidifier Pro GH"},"content":{"rendered":"<p>O DAddario Humidifier Pro protege o viol\u00e3o mantendo-o protegido de umidades. Equipado com uma exclusiva esponja hidrof\u00edlica que ret\u00e9m 12X seu peso seco em \u00e1gua (muito mais do que uma esponja comum), o Humidifier Pro possibilita per\u00edodos mais longos entre as reposi\u00e7\u00f5es, otimizando ainda mais a prote\u00e7\u00e3o em ambientes secos. Previne contra rachaduras, empenamentos e retra\u00e7\u00e3o da madeira, preservando a capacidade de performance e prolongando a vida \u00fatil dos instrumentos. O Humidifier Pro \u00e9 acomodado suspenso entre cordas, liberando a umidade de maneira uniforme e lenta dentro do viol\u00e3o, sem tocar o corpo do instrumento. A tampa do umidificador permite acesso para verifica\u00e7\u00e3o do status da vida \u00fatil da esponja, evitando manuseios desnecess\u00e1rios e mantendo a veda\u00e7\u00e3o herm\u00e9tica quando recolocada. A reposi\u00e7\u00e3o de refis no umidificador \u00e9 extremamente f\u00e1cil, possibilitando a troca das esponjas de maneira pr\u00e1tica, mantendo assim o viol\u00e3o sempre protegido.<\/p>\n<p>Instrumentos compat\u00edveis:Viol\u00e3o<br \/> Materiais:Pl\u00e1stico\/Esponja<br \/> Unidade de Largura:N\/A<br \/> Comprimento m\u00ednimo:N\/A<br \/> Unidade de Comprimento m\u00ednimo:N\/A<br \/> Comprimento m\u00e1ximo:N\/A<br \/> Unidade de Comprimento m\u00e1ximo:N\/A<br \/> \u00c9 ajust\u00e1vel:N\u00e3o<br \/> Modelo detalhado:DAddario Humidifier Pro GH<br \/> SKU:030505<br \/> Origem:Estados Unidos<br \/> G\u00eanero:Unissex<\/p>\n<p> Condi\u00e7\u00e3o do item:Novo<br \/> C\u00f3digo de barras:019954169633<br \/> \u00c9 Kit:N\u00e3o<br \/> Linha:Manuten\u00e7\u00e3o e Conserva\u00e7\u00e3o<br \/> \u00c9 set:N\/A<br \/> Desenho:N\/A<br \/> Formato de venda:N\/A<br \/> Unidades por kit:N\/A<br \/> Material da palheta:N\/A<br \/> Instrumentos recomendados:Viol\u00e3o<br \/> Artista relacionado:N\/A<br \/> Quantidade de palhetas:N\/A<br \/> \u00c9 palheta tipo dedeira:N\/A<br \/> Espessura:N\/A<\/p>\n<p><\/p>","protected":false},"excerpt":{"rendered":"<p>O DAddario Humidifier Pro protege o viol\u00e3o mantendo-o protegido de umidades. Equipado com uma exclusiva esponja hidrof\u00edlica que ret\u00e9m 12X seu peso seco em \u00e1gua (muito mais do que uma esponja comum), o Humidifier Pro possibilita per\u00edodos mais longos entre as reposi\u00e7\u00f5es, otimizando ainda mais a prote\u00e7\u00e3o em ambientes secos. Previne contra rachaduras, empenamentos e [&hellip;]<\/p>\n","protected":false},"featured_media":4334,"comment_status":"open","ping_status":"closed","template":"","meta":{"om_disable_all_campaigns":false,"_monsterinsights_skip_tracking":false,"_monsterinsights_sitenote_active":false,"_monsterinsights_sitenote_note":"","_monsterinsights_sitenote_category":0,"jetpack_publicize_message":"","jetpack_publicize_feature_enabled":true,"jetpack_social_post_already_shared":false,"jetpack_social_options":{"image_generator_settings":{"template":"highway","default_image_id":0,"font":"","enabled":false},"version":2}},"product_brand":[160],"product_cat":[96,207,161],"product_tag":[253,251,252,250],"class_list":{"0":"post-4338","1":"product","2":"type-product","3":"status-publish","4":"has-post-thumbnail","6":"product_brand-daddario","7":"product_cat-acessorios","8":"product_cat-acusticos","9":"product_cat-controladores-de-umidade-e-umidificadores","10":"product_tag-daddario","11":"product_tag-humidifier","12":"product_tag-pro-gh","13":"product_tag-umidificador-para-violao","15":"first","16":"instock","17":"shipping-taxable","18":"purchasable","19":"product-type-simple"},"aioseo_notices":[],"jetpack_publicize_connections":[],"jetpack_sharing_enabled":true,"_links":{"self":[{"href":"https:\/\/delaet.com.br\/en\/wp-json\/wp\/v2\/product\/4338","targetHints":{"allow":["GET"]}}],"collection":[{"href":"https:\/\/delaet.com.br\/en\/wp-json\/wp\/v2\/product"}],"about":[{"href":"https:\/\/delaet.com.br\/en\/wp-json\/wp\/v2\/types\/product"}],"replies":[{"embeddable":true,"href":"https:\/\/delaet.com.br\/en\/wp-json\/wp\/v2\/comments?post=4338"}],"wp:featuredmedia":[{"embeddable":true,"href":"https:\/\/delaet.com.br\/en\/wp-json\/wp\/v2\/media\/4334"}],"wp:attachment":[{"href":"https:\/\/delaet.com.br\/en\/wp-json\/wp\/v2\/media?parent=4338"}],"wp:term":[{"taxonomy":"product_brand","embeddable":true,"href":"https:\/\/delaet.com.br\/en\/wp-json\/wp\/v2\/product_brand?post=4338"},{"taxonomy":"product_cat","embeddable":true,"href":"https:\/\/delaet.com.br\/en\/wp-json\/wp\/v2\/product_cat?post=4338"},{"taxonomy":"product_tag","embeddable":true,"href":"https:\/\/delaet.com.br\/en\/wp-json\/wp\/v2\/product_tag?post=4338"}],"curies":[{"name":"wp","href":"https:\/\/api.w.org\/{rel}","templated":true}]}}