{"id":4350,"date":"2026-04-12T10:30:29","date_gmt":"2026-04-12T13:30:29","guid":{"rendered":"https:\/\/delaet.com.br\/pt_br\/loja\/produto\/violao-eletroacustico-apxt2-ovs-old-violin-sunburst-com-bag-yamaha-f097\/"},"modified":"2026-04-12T12:15:49","modified_gmt":"2026-04-12T15:15:49","slug":"violao-eletroacustico-apxt2-ovs-old-violin-sunburst-com-bag-yamaha-f097","status":"publish","type":"product","link":"https:\/\/delaet.com.br\/en\/loja\/produto\/violao-eletroacustico-apxt2-ovs-old-violin-sunburst-com-bag-yamaha-f097\/","title":{"rendered":"Viol\u00e3o Eletroac\u00fastico Apxt2 Ovs Old Violin Sunburst Com Bag Yamaha"},"content":{"rendered":"<p>O APXT2 \u00e9 3\/4 do tamanho do viol\u00e3o eletroac\u00fastico de mais vendido do mundo, o APX500III. Este viol\u00e3o compacto divertido e bem constru\u00eddo \u00e9 um \u00f3timo companheiro quando voc\u00ea n\u00e3o est\u00e1 na estrada. O APXT2 conta com um sistema de captadores baseados em ART e afinadores de propriedade da Yamaha com grande sensibilidade e precis\u00e3o para r\u00e1pida afina\u00e7\u00e3o. Gig bag inclu\u00edda.<\/p>\n<p>Caracter\u00edsticas<\/p>\n<p>&#8211; Corpo APX escalonado<br \/>&#8211; Tampo em abeto<br \/>&#8211; Recrie o timbre natural e din\u00e2mica por meio de um captador ART<br \/>&#8211; Gig bag original inclu\u00edda<\/p>\n<p>Especifica\u00e7\u00f5es<\/p>\n<p>&#8211; Marca: Yamaha<br \/>&#8211; Modelo: APXT2<br \/>&#8211; Origem: Indon\u00e9sia<br \/>&#8211; Cor: OVS (Old Violin Sunburst)<br \/>&#8211; Tipo: Eletroac\u00fastico<br \/>&#8211; Orienta\u00e7\u00e3o: Destro<br \/>&#8211; Cordas: 6 <br \/>&#8211; Tampo: Spruce, s\u00f3lido<br \/>&#8211; Corpo: Meranti<br \/>&#8211; Escala: Rosewood<br \/>&#8211; Tarraxas: Prateadas<br \/>&#8211; Trastes: 21<br \/>&#8211; Ponte: Rosewood, pino ABS preto <br \/>&#8211; Acabamento: Brilhante <br \/>&#8211; Equalizador: 2 bandas com afinador<br \/>&#8211; Peso: Aprox. 2,4 kg<\/p>\n<p>Dimens\u00f5es<\/p>\n<p>&#8211; Comprimento Total: 86,6 cm<br \/>&#8211; Escala: 58 cm <br \/>&#8211; Corpo: 38,5 cm<br \/>&#8211; Largura do Corpo: 30 cm<br \/>&#8211; Profundidade: 7,5 cm<\/p>\n<p>Conte\u00fado da Embalagem<\/p>\n<p>&#8211; 01 Viol\u00e3o Eletroac\u00fastico APXT2 Yamaha<br \/>&#8211; 01 Chave Allen<br \/>&#8211; 01 Gig Bag<br \/>&#8211; Manual do Propriet\u00e1rio<\/p>\n<p>&#8211; Dimens\u00f5es da Embalagem (AxLxP): 12 x 42 x 95 cm<\/p>\n<p>*imagens meramente Ilustrativas<\/p>","protected":false},"excerpt":{"rendered":"<p>O APXT2 \u00e9 3\/4 do tamanho do viol\u00e3o eletroac\u00fastico de mais vendido do mundo, o APX500III. Este viol\u00e3o compacto divertido e bem constru\u00eddo \u00e9 um \u00f3timo companheiro quando voc\u00ea n\u00e3o est\u00e1 na estrada. O APXT2 conta com um sistema de captadores baseados em ART e afinadores de propriedade da Yamaha com grande sensibilidade e precis\u00e3o [&hellip;]<\/p>\n","protected":false},"featured_media":4345,"comment_status":"open","ping_status":"closed","template":"","meta":{"om_disable_all_campaigns":false,"jetpack_publicize_message":"","jetpack_publicize_feature_enabled":true,"jetpack_social_post_already_shared":false,"jetpack_social_options":{"image_generator_settings":{"template":"highway","default_image_id":0,"font":"","enabled":false},"version":2}},"product_brand":[163],"product_cat":[207,208],"product_tag":[243,245,244,84,240,241,242],"class_list":{"0":"post-4350","1":"product","2":"type-product","3":"status-publish","4":"has-post-thumbnail","6":"product_brand-yamaha","7":"product_cat-acusticos","8":"product_cat-violao-aco-2","9":"product_tag-apxt2","10":"product_tag-old-violin-sunburst","11":"product_tag-ovs","12":"product_tag-violao","13":"product_tag-violao-de-aco","14":"product_tag-violao-yamaha","15":"product_tag-yamaha","17":"first","18":"instock","19":"shipping-taxable","20":"purchasable","21":"product-type-simple"},"aioseo_notices":[],"jetpack_publicize_connections":[],"jetpack_sharing_enabled":true,"_links":{"self":[{"href":"https:\/\/delaet.com.br\/en\/wp-json\/wp\/v2\/product\/4350","targetHints":{"allow":["GET"]}}],"collection":[{"href":"https:\/\/delaet.com.br\/en\/wp-json\/wp\/v2\/product"}],"about":[{"href":"https:\/\/delaet.com.br\/en\/wp-json\/wp\/v2\/types\/product"}],"replies":[{"embeddable":true,"href":"https:\/\/delaet.com.br\/en\/wp-json\/wp\/v2\/comments?post=4350"}],"wp:featuredmedia":[{"embeddable":true,"href":"https:\/\/delaet.com.br\/en\/wp-json\/wp\/v2\/media\/4345"}],"wp:attachment":[{"href":"https:\/\/delaet.com.br\/en\/wp-json\/wp\/v2\/media?parent=4350"}],"wp:term":[{"taxonomy":"product_brand","embeddable":true,"href":"https:\/\/delaet.com.br\/en\/wp-json\/wp\/v2\/product_brand?post=4350"},{"taxonomy":"product_cat","embeddable":true,"href":"https:\/\/delaet.com.br\/en\/wp-json\/wp\/v2\/product_cat?post=4350"},{"taxonomy":"product_tag","embeddable":true,"href":"https:\/\/delaet.com.br\/en\/wp-json\/wp\/v2\/product_tag?post=4350"}],"curies":[{"name":"wp","href":"https:\/\/api.w.org\/{rel}","templated":true}]}}