{"id":4592,"date":"2026-04-17T17:05:12","date_gmt":"2026-04-17T20:05:12","guid":{"rendered":"https:\/\/delaet.com.br\/pt_br\/loja\/produto\/encordoamento-giannini-p-ukulele-nylon-branco-geuksc-f108\/"},"modified":"2026-04-17T17:44:06","modified_gmt":"2026-04-17T20:44:06","slug":"encordoamento-giannini-p-ukulele-nylon-branco-geuksc-f108","status":"publish","type":"product","link":"https:\/\/delaet.com.br\/en\/loja\/produto\/encordoamento-giannini-p-ukulele-nylon-branco-geuksc-f108\/","title":{"rendered":"Encordoamento Giannini P\/ ukulele Nylon Branco Geuksc"},"content":{"rendered":"<p><span style=\"font-size: 10pt\"><span style=\"color: #666666;font-family: 'Proxima Nova', -apple-system, Roboto, Arial, sans-serif\"><span style=\"color: #616161;font-family: Poppins, 'Helvetica Neue', Helvetica, Arial, sans-serif\">Encordoamento Giannini P\/Ukulele Nylon Branco GEUKSC<\/p>\n<p><\/span>A s\u00e9rie\u00a0Cobra\u00a0apresenta toda a versalidade dos encordoamentos Giannini. O encordoamento para ukulele\u00a0Giannini Cobra GEUKSC\u00a0\u00e9 perfeita para ukuleles Concert ou Soprano, para voc\u00ea tirar o melhor som do seu instrumento.\u00a0<\/span><span style=\"color: #666666;font-family: 'Proxima Nova', -apple-system, Roboto, Arial, sans-serif\">Todos os encordoamentos Giannini s\u00e3o produzidos no Brasil.<\/span><\/span><\/p>\n<p><span style=\"font-size: 10pt\"><span style=\"color: #616161;font-family: Soleil, 'Helvetica Neue', Helvetica, Arial, sans-serif;font-size: 10pt\">Jogo de 4 cordas para Ukulele.<\/span><br style=\"font-size: 16px;color: #616161;font-family: Soleil, 'Helvetica Neue', Helvetica, Arial, sans-serif\"><span style=\"color: #616161;font-family: Soleil, 'Helvetica Neue', Helvetica, Arial, sans-serif;font-size: 10pt\">Marca: Giannini<\/span><br style=\"font-size: 16px;color: #616161;font-family: Soleil, 'Helvetica Neue', Helvetica, Arial, sans-serif\"><span style=\"color: #616161;font-family: Soleil, 'Helvetica Neue', Helvetica, Arial, sans-serif;font-size: 10pt\">S\u00e9rie: Cobra<\/span><br style=\"font-size: 16px;color: #616161;font-family: Soleil, 'Helvetica Neue', Helvetica, Arial, sans-serif\"><span style=\"color: #616161;font-family: Soleil, 'Helvetica Neue', Helvetica, Arial, sans-serif;font-size: 10pt\">Fabrica\u00e7\u00e3o: Brasil<\/span><br style=\"font-size: 16px;color: #616161;font-family: Soleil, 'Helvetica Neue', Helvetica, Arial, sans-serif\"><span style=\"color: #616161;font-family: Soleil, 'Helvetica Neue', Helvetica, Arial, sans-serif;font-size: 10pt\">Tens\u00e3o: Leve<\/span><br style=\"font-size: 16px;color: #616161;font-family: Soleil, 'Helvetica Neue', Helvetica, Arial, sans-serif\"><span style=\"color: #616161;font-family: Soleil, 'Helvetica Neue', Helvetica, Arial, sans-serif;font-size: 10pt\">Alma: Nylon Branco<\/span><\/span><\/p>","protected":false},"excerpt":{"rendered":"<p>Encordoamento Giannini P\/Ukulele Nylon Branco GEUKSC A s\u00e9rie\u00a0Cobra\u00a0apresenta toda a versalidade dos encordoamentos Giannini. O encordoamento para ukulele\u00a0Giannini Cobra GEUKSC\u00a0\u00e9 perfeita para ukuleles Concert ou Soprano, para voc\u00ea tirar o melhor som do seu instrumento.\u00a0Todos os encordoamentos Giannini s\u00e3o produzidos no Brasil. Jogo de 4 cordas para Ukulele.Marca: GianniniS\u00e9rie: CobraFabrica\u00e7\u00e3o: BrasilTens\u00e3o: LeveAlma: Nylon Branco<\/p>","protected":false},"featured_media":4590,"comment_status":"open","ping_status":"closed","template":"","meta":{"om_disable_all_campaigns":false,"_monsterinsights_skip_tracking":false,"_monsterinsights_sitenote_active":false,"_monsterinsights_sitenote_note":"","_monsterinsights_sitenote_category":0,"jetpack_publicize_message":"","jetpack_publicize_feature_enabled":true,"jetpack_social_post_already_shared":true,"jetpack_social_options":{"image_generator_settings":{"template":"highway","default_image_id":0,"font":"","enabled":false},"version":2}},"product_brand":[170],"product_cat":[207,213],"product_tag":[753,754],"class_list":{"0":"post-4592","1":"product","2":"type-product","3":"status-publish","4":"has-post-thumbnail","6":"product_brand-giannini","7":"product_cat-acusticos","8":"product_cat-encordoamentos-ukulele","9":"product_tag-cordas-para-ukulele","10":"product_tag-encordoamento-para-ukulele","12":"first","13":"instock","14":"shipping-taxable","15":"purchasable","16":"product-type-simple"},"aioseo_notices":[],"jetpack_publicize_connections":[],"jetpack_sharing_enabled":true,"_links":{"self":[{"href":"https:\/\/delaet.com.br\/en\/wp-json\/wp\/v2\/product\/4592","targetHints":{"allow":["GET"]}}],"collection":[{"href":"https:\/\/delaet.com.br\/en\/wp-json\/wp\/v2\/product"}],"about":[{"href":"https:\/\/delaet.com.br\/en\/wp-json\/wp\/v2\/types\/product"}],"replies":[{"embeddable":true,"href":"https:\/\/delaet.com.br\/en\/wp-json\/wp\/v2\/comments?post=4592"}],"wp:featuredmedia":[{"embeddable":true,"href":"https:\/\/delaet.com.br\/en\/wp-json\/wp\/v2\/media\/4590"}],"wp:attachment":[{"href":"https:\/\/delaet.com.br\/en\/wp-json\/wp\/v2\/media?parent=4592"}],"wp:term":[{"taxonomy":"product_brand","embeddable":true,"href":"https:\/\/delaet.com.br\/en\/wp-json\/wp\/v2\/product_brand?post=4592"},{"taxonomy":"product_cat","embeddable":true,"href":"https:\/\/delaet.com.br\/en\/wp-json\/wp\/v2\/product_cat?post=4592"},{"taxonomy":"product_tag","embeddable":true,"href":"https:\/\/delaet.com.br\/en\/wp-json\/wp\/v2\/product_tag?post=4592"}],"curies":[{"name":"wp","href":"https:\/\/api.w.org\/{rel}","templated":true}]}}