{"id":4595,"date":"2026-04-17T17:05:28","date_gmt":"2026-04-17T20:05:28","guid":{"rendered":"https:\/\/delaet.com.br\/pt_br\/loja\/produto\/encordoamento-giannini-p-violino-aluminio-media-geavva-f108\/"},"modified":"2026-04-17T17:44:18","modified_gmt":"2026-04-17T20:44:18","slug":"encordoamento-giannini-p-violino-aluminio-media-geavva-f108","status":"publish","type":"product","link":"https:\/\/delaet.com.br\/en\/loja\/produto\/encordoamento-giannini-p-violino-aluminio-media-geavva-f108\/","title":{"rendered":"Encordoamento Giannini P\/ violino Aluminio M\u00e9dia Geavva"},"content":{"rendered":"<p><span style=\"font-size: 10pt\"><span style=\"color: #666666;font-family: 'Proxima Nova', -apple-system, Roboto, Arial, sans-serif\">Encordoamento Giannini P\/Violino Aluminio M\u00e9dia GEAVVA<\/span><span style=\"color: #666666;font-family: 'Proxima Nova', -apple-system, Roboto, Arial, sans-serif\"><\/p>\n<p>A s\u00e9rie Arco traz encordoamentos com excelente resposta tonal para o seu instrumento, com timbres claros e cristalinos. Com um n\u00facleo de a\u00e7o revestido em alum\u00ednio, \u00e9 a corda indicada para os m\u00fasicos que buscam um som puro e encorpado.<\/span><\/span><\/p>\n<p><span style=\"color: #616161;font-family: Soleil, 'Helvetica Neue', Helvetica, Arial, sans-serif;font-size: 10pt\">Jogo de 4 cordas para Violino.<\/span><br style=\"color: #616161;font-family: Soleil, 'Helvetica Neue', Helvetica, Arial, sans-serif;font-size: 16px\"><span style=\"color: #616161;font-family: Soleil, 'Helvetica Neue', Helvetica, Arial, sans-serif;font-size: 10pt\">Marca: Giannini<\/span><br style=\"color: #616161;font-family: Soleil, 'Helvetica Neue', Helvetica, Arial, sans-serif;font-size: 16px\"><span style=\"color: #616161;font-family: Soleil, 'Helvetica Neue', Helvetica, Arial, sans-serif;font-size: 10pt\">S\u00e9rie: Arco<\/span><br style=\"color: #616161;font-family: Soleil, 'Helvetica Neue', Helvetica, Arial, sans-serif;font-size: 16px\"><span style=\"color: #616161;font-family: Soleil, 'Helvetica Neue', Helvetica, Arial, sans-serif;font-size: 10pt\">Fabrica\u00e7\u00e3o: Brasil<\/span><br style=\"color: #616161;font-family: Soleil, 'Helvetica Neue', Helvetica, Arial, sans-serif;font-size: 16px\"><span style=\"color: #616161;font-family: Soleil, 'Helvetica Neue', Helvetica, Arial, sans-serif;font-size: 10pt\">Tens\u00e3o: M\u00e9dia<\/span><br style=\"color: #616161;font-family: Soleil, 'Helvetica Neue', Helvetica, Arial, sans-serif;font-size: 16px\"><span style=\"color: #616161;font-family: Soleil, 'Helvetica Neue', Helvetica, Arial, sans-serif;font-size: 10pt\">Alma: A\u00e7o<br \/>Revestimento: Aluminio<\/span><\/p>\n<div id=\"acfifjfajpekbmhmjppnmmjgmhjkildl\" class=\"acfifjfajpekbmhmjppnmmjgmhjkildl\"><\/div>","protected":false},"excerpt":{"rendered":"<p>Encordoamento Giannini P\/Violino Aluminio M\u00e9dia GEAVVA A s\u00e9rie Arco traz encordoamentos com excelente resposta tonal para o seu instrumento, com timbres claros e cristalinos. Com um n\u00facleo de a\u00e7o revestido em alum\u00ednio, \u00e9 a corda indicada para os m\u00fasicos que buscam um som puro e encorpado. Jogo de 4 cordas para Violino.Marca: GianniniS\u00e9rie: ArcoFabrica\u00e7\u00e3o: BrasilTens\u00e3o: [&hellip;]<\/p>\n","protected":false},"featured_media":4593,"comment_status":"open","ping_status":"closed","template":"","meta":{"om_disable_all_campaigns":false,"jetpack_publicize_message":"","jetpack_publicize_feature_enabled":true,"jetpack_social_post_already_shared":true,"jetpack_social_options":{"image_generator_settings":{"template":"highway","default_image_id":0,"font":"","enabled":false},"version":2}},"product_brand":[170],"product_cat":[210,231],"product_tag":[612,611],"class_list":{"0":"post-4595","1":"product","2":"type-product","3":"status-publish","4":"has-post-thumbnail","6":"product_brand-giannini","7":"product_cat-friccionadas","8":"product_cat-encordoamentos-violino","9":"product_tag-cordas-para-violino","10":"product_tag-encordoamento-para-violino","12":"first","13":"instock","14":"shipping-taxable","15":"purchasable","16":"product-type-simple"},"aioseo_notices":[],"jetpack_publicize_connections":[],"jetpack_sharing_enabled":true,"_links":{"self":[{"href":"https:\/\/delaet.com.br\/en\/wp-json\/wp\/v2\/product\/4595","targetHints":{"allow":["GET"]}}],"collection":[{"href":"https:\/\/delaet.com.br\/en\/wp-json\/wp\/v2\/product"}],"about":[{"href":"https:\/\/delaet.com.br\/en\/wp-json\/wp\/v2\/types\/product"}],"replies":[{"embeddable":true,"href":"https:\/\/delaet.com.br\/en\/wp-json\/wp\/v2\/comments?post=4595"}],"wp:featuredmedia":[{"embeddable":true,"href":"https:\/\/delaet.com.br\/en\/wp-json\/wp\/v2\/media\/4593"}],"wp:attachment":[{"href":"https:\/\/delaet.com.br\/en\/wp-json\/wp\/v2\/media?parent=4595"}],"wp:term":[{"taxonomy":"product_brand","embeddable":true,"href":"https:\/\/delaet.com.br\/en\/wp-json\/wp\/v2\/product_brand?post=4595"},{"taxonomy":"product_cat","embeddable":true,"href":"https:\/\/delaet.com.br\/en\/wp-json\/wp\/v2\/product_cat?post=4595"},{"taxonomy":"product_tag","embeddable":true,"href":"https:\/\/delaet.com.br\/en\/wp-json\/wp\/v2\/product_tag?post=4595"}],"curies":[{"name":"wp","href":"https:\/\/api.w.org\/{rel}","templated":true}]}}