{"id":4604,"date":"2026-04-17T17:06:16","date_gmt":"2026-04-17T20:06:16","guid":{"rendered":"https:\/\/delaet.com.br\/pt_br\/loja\/produto\/encordoamento-giannini-p-violao-aco-bronze-65-35-0-011-gespw-f108\/"},"modified":"2026-04-17T17:41:29","modified_gmt":"2026-04-17T20:41:29","slug":"encordoamento-giannini-p-violao-aco-bronze-65-35-0-011-gespw-f108","status":"publish","type":"product","link":"https:\/\/delaet.com.br\/en\/loja\/produto\/encordoamento-giannini-p-violao-aco-bronze-65-35-0-011-gespw-f108\/","title":{"rendered":"Encordoamento Giannini P\/ viol\u00e3o A\u00e7o Bronze 65\/35 0.011&#8243; Gespw"},"content":{"rendered":"<p><span style=\"font-size: 10pt\">Encordoamento Giannini P\/Viol\u00e3o A\u00e7o Bronze 65\/35 0.011&#8243; GESPW<\/span><\/p>\n<p><span style=\"color: #666666;font-family: 'Proxima Nova', -apple-system, Roboto, Arial, sans-serif;font-size: 10pt\">Os encordoamentos Giannini da s\u00e9rie Ac\u00fastico s\u00e3o perfeitos para voc\u00ea conseguir o melhor som, limpo e encorpado, do seu instrumento. O encordoamento para viol\u00e3o a\u00e7o Ac\u00fastico GESPW \u00e9 indicado para m\u00fasicos que gostam de um encordoamento com som brilhante e limpo.<\/p>\n<p>Jogo de 6 cordas para Viol\u00e3o.<\/span><br style=\"color: #666666;font-family: 'Proxima Nova', -apple-system, Roboto, Arial, sans-serif;font-size: 20px\"><span style=\"color: #666666;font-family: 'Proxima Nova', -apple-system, Roboto, Arial, sans-serif;font-size: 10pt\">Marca: Giannini<\/span><br style=\"color: #666666;font-family: 'Proxima Nova', -apple-system, Roboto, Arial, sans-serif;font-size: 20px\"><span style=\"color: #666666;font-family: 'Proxima Nova', -apple-system, Roboto, Arial, sans-serif;font-size: 10pt\">S\u00e9rie: Ac\u00fastico<\/span><br style=\"color: #666666;font-family: 'Proxima Nova', -apple-system, Roboto, Arial, sans-serif;font-size: 20px\"><span style=\"color: #666666;font-family: 'Proxima Nova', -apple-system, Roboto, Arial, sans-serif;font-size: 10pt\">Acabamento: Bolinha<\/span><br style=\"color: #666666;font-family: 'Proxima Nova', -apple-system, Roboto, Arial, sans-serif;font-size: 20px\"><span style=\"color: #666666;font-family: 'Proxima Nova', -apple-system, Roboto, Arial, sans-serif;font-size: 10pt\">Fabrica\u00e7\u00e3o: Brasil<\/span><br style=\"color: #666666;font-family: 'Proxima Nova', -apple-system, Roboto, Arial, sans-serif;font-size: 20px\"><span style=\"color: #666666;font-family: 'Proxima Nova', -apple-system, Roboto, Arial, sans-serif;font-size: 10pt\">Alma: A\u00e7o<\/span><br style=\"color: #666666;font-family: 'Proxima Nova', -apple-system, Roboto, Arial, sans-serif;font-size: 20px\"><span style=\"color: #666666;font-family: 'Proxima Nova', -apple-system, Roboto, Arial, sans-serif;font-size: 10pt\">Revestimento: Bronze 65\/35<\/span><br style=\"color: #666666;font-family: 'Proxima Nova', -apple-system, Roboto, Arial, sans-serif;font-size: 20px\"><span style=\"color: #666666;font-family: 'Proxima Nova', -apple-system, Roboto, Arial, sans-serif;font-size: 10pt\">Acabamento: Bolinha<\/span><\/p>","protected":false},"excerpt":{"rendered":"<p>Encordoamento Giannini P\/Viol\u00e3o A\u00e7o Bronze 65\/35 0.011&#8243; GESPW Os encordoamentos Giannini da s\u00e9rie Ac\u00fastico s\u00e3o perfeitos para voc\u00ea conseguir o melhor som, limpo e encorpado, do seu instrumento. O encordoamento para viol\u00e3o a\u00e7o Ac\u00fastico GESPW \u00e9 indicado para m\u00fasicos que gostam de um encordoamento com som brilhante e limpo. Jogo de 6 cordas para Viol\u00e3o.Marca: [&hellip;]<\/p>\n","protected":false},"featured_media":4602,"comment_status":"open","ping_status":"closed","template":"","meta":{"om_disable_all_campaigns":false,"_monsterinsights_skip_tracking":false,"_monsterinsights_sitenote_active":false,"_monsterinsights_sitenote_note":"","_monsterinsights_sitenote_category":0,"jetpack_publicize_message":"","jetpack_publicize_feature_enabled":true,"jetpack_social_post_already_shared":true,"jetpack_social_options":{"image_generator_settings":{"template":"highway","default_image_id":0,"font":"","enabled":false},"version":2}},"product_brand":[170],"product_cat":[207,212],"product_tag":[751,752],"class_list":{"0":"post-4604","1":"product","2":"type-product","3":"status-publish","4":"has-post-thumbnail","6":"product_brand-giannini","7":"product_cat-acusticos","8":"product_cat-encordoamentos-aco","9":"product_tag-cordas-de-violao-aco","10":"product_tag-encordoamento-para-violao-aco","12":"first","13":"instock","14":"shipping-taxable","15":"purchasable","16":"product-type-simple"},"aioseo_notices":[],"jetpack_publicize_connections":[],"jetpack_sharing_enabled":true,"_links":{"self":[{"href":"https:\/\/delaet.com.br\/en\/wp-json\/wp\/v2\/product\/4604","targetHints":{"allow":["GET"]}}],"collection":[{"href":"https:\/\/delaet.com.br\/en\/wp-json\/wp\/v2\/product"}],"about":[{"href":"https:\/\/delaet.com.br\/en\/wp-json\/wp\/v2\/types\/product"}],"replies":[{"embeddable":true,"href":"https:\/\/delaet.com.br\/en\/wp-json\/wp\/v2\/comments?post=4604"}],"wp:featuredmedia":[{"embeddable":true,"href":"https:\/\/delaet.com.br\/en\/wp-json\/wp\/v2\/media\/4602"}],"wp:attachment":[{"href":"https:\/\/delaet.com.br\/en\/wp-json\/wp\/v2\/media?parent=4604"}],"wp:term":[{"taxonomy":"product_brand","embeddable":true,"href":"https:\/\/delaet.com.br\/en\/wp-json\/wp\/v2\/product_brand?post=4604"},{"taxonomy":"product_cat","embeddable":true,"href":"https:\/\/delaet.com.br\/en\/wp-json\/wp\/v2\/product_cat?post=4604"},{"taxonomy":"product_tag","embeddable":true,"href":"https:\/\/delaet.com.br\/en\/wp-json\/wp\/v2\/product_tag?post=4604"}],"curies":[{"name":"wp","href":"https:\/\/api.w.org\/{rel}","templated":true}]}}