{"id":4623,"date":"2026-04-17T17:25:38","date_gmt":"2026-04-17T20:25:38","guid":{"rendered":"https:\/\/delaet.com.br\/pt_br\/loja\/produto\/encordoamento-giannini-p-violao-nylon-cristal-ouro-c-bolinha-genwg-f108\/"},"modified":"2026-04-17T18:17:49","modified_gmt":"2026-04-17T21:17:49","slug":"encordoamento-giannini-p-violao-nylon-cristal-ouro-c-bolinha-genwg-f108","status":"publish","type":"product","link":"https:\/\/delaet.com.br\/en\/loja\/produto\/encordoamento-giannini-p-violao-nylon-cristal-ouro-c-bolinha-genwg-f108\/","title":{"rendered":"Encordoamento Giannini P\/ viol\u00e3o Nylon Cristal\/ouro C\/bolinha Genwg"},"content":{"rendered":"<p>Encordoamento Giannini P\/Viol\u00e3o Nylon Cristal\/Ouro C\/Bolinha GENWG<\/p>\n<p>A s\u00e9rie MPB apresenta toda a sonoridade que a nossa m\u00fasica brasileira pede. O encordoamento para viol\u00e3o n\u00e1ilon Giannini MPB GENWG \u00e9 indicado para m\u00fasicos que gostam de cordas com uma pegada m\u00e9dia. Produzidas em n\u00e1ilon cristal-ouro, o modelo GENWG tem tens\u00e3o m\u00e9dia.<\/p>\n<p>Jogo de 6 cordas para Viol\u00e3o.<br \/>Marca: Giannini<br \/>S\u00e9rie: MPB<br \/>Fabrica\u00e7\u00e3o: Brasil<br \/>Alma: Nylon<br \/>Revestimento: F\u00f3sforo Bronze<\/p>","protected":false},"excerpt":{"rendered":"<p>Encordoamento Giannini P\/Viol\u00e3o Nylon Cristal\/Ouro C\/Bolinha GENWG A s\u00e9rie MPB apresenta toda a sonoridade que a nossa m\u00fasica brasileira pede. O encordoamento para viol\u00e3o n\u00e1ilon Giannini MPB GENWG \u00e9 indicado para m\u00fasicos que gostam de cordas com uma pegada m\u00e9dia. Produzidas em n\u00e1ilon cristal-ouro, o modelo GENWG tem tens\u00e3o m\u00e9dia. Jogo de 6 cordas para [&hellip;]<\/p>\n","protected":false},"featured_media":4621,"comment_status":"open","ping_status":"closed","template":"","meta":{"om_disable_all_campaigns":false,"jetpack_publicize_message":"","jetpack_publicize_feature_enabled":true,"jetpack_social_post_already_shared":true,"jetpack_social_options":{"image_generator_settings":{"template":"highway","default_image_id":0,"font":"","enabled":false},"version":2}},"product_brand":[170],"product_cat":[211],"product_tag":[750,749,748],"class_list":{"0":"post-4623","1":"product","2":"type-product","3":"status-publish","4":"has-post-thumbnail","6":"product_brand-giannini","7":"product_cat-encordoamentos-nylon","8":"product_tag-cordas-de-violao-classico","9":"product_tag-encordoamento-de-violao","10":"product_tag-encordoamento-de-violao-nylon","12":"first","13":"instock","14":"shipping-taxable","15":"purchasable","16":"product-type-simple"},"aioseo_notices":[],"jetpack_publicize_connections":[],"jetpack_sharing_enabled":true,"_links":{"self":[{"href":"https:\/\/delaet.com.br\/en\/wp-json\/wp\/v2\/product\/4623","targetHints":{"allow":["GET"]}}],"collection":[{"href":"https:\/\/delaet.com.br\/en\/wp-json\/wp\/v2\/product"}],"about":[{"href":"https:\/\/delaet.com.br\/en\/wp-json\/wp\/v2\/types\/product"}],"replies":[{"embeddable":true,"href":"https:\/\/delaet.com.br\/en\/wp-json\/wp\/v2\/comments?post=4623"}],"wp:featuredmedia":[{"embeddable":true,"href":"https:\/\/delaet.com.br\/en\/wp-json\/wp\/v2\/media\/4621"}],"wp:attachment":[{"href":"https:\/\/delaet.com.br\/en\/wp-json\/wp\/v2\/media?parent=4623"}],"wp:term":[{"taxonomy":"product_brand","embeddable":true,"href":"https:\/\/delaet.com.br\/en\/wp-json\/wp\/v2\/product_brand?post=4623"},{"taxonomy":"product_cat","embeddable":true,"href":"https:\/\/delaet.com.br\/en\/wp-json\/wp\/v2\/product_cat?post=4623"},{"taxonomy":"product_tag","embeddable":true,"href":"https:\/\/delaet.com.br\/en\/wp-json\/wp\/v2\/product_tag?post=4623"}],"curies":[{"name":"wp","href":"https:\/\/api.w.org\/{rel}","templated":true}]}}