{"id":4629,"date":"2026-04-17T17:26:05","date_gmt":"2026-04-17T20:26:05","guid":{"rendered":"https:\/\/delaet.com.br\/pt_br\/loja\/produto\/encordoamento-p-cavaquinho-giannini-cobra-niquel-pesada-gescp-f108\/"},"modified":"2026-04-17T18:17:18","modified_gmt":"2026-04-17T21:17:18","slug":"encordoamento-p-cavaquinho-giannini-cobra-niquel-pesada-gescp-f108","status":"publish","type":"product","link":"https:\/\/delaet.com.br\/en\/loja\/produto\/encordoamento-p-cavaquinho-giannini-cobra-niquel-pesada-gescp-f108\/","title":{"rendered":"Encordoamento P\/ cavaquinho Giannini Cobra Niquel Pesada Gescp"},"content":{"rendered":"<div class=\"panel-head\" style=\"font-size: 16px; background-color: transparent; margin: 0px auto; max-width: 1060px; padding: 0px; color: #616161; font-family: Soleil, 'Helvetica Neue', Helvetica, Arial, sans-serif;\">\n<h2 class=\"main-title\" style=\"color: #000000; font-family: Poppins, 'Helvetica Neue', Helvetica, Arial, sans-serif; line-height: 1.2em; margin: 0px; font-size: 1.25rem; padding: 0px;\"><span style=\"font-size: 10pt;\"><small id=\"msgNomeProduto\" style=\"font-size: 1.125rem; color: #616161; font-weight: 400; line-height: 1; padding-top: 5px;\"><span style=\"font-size: 10pt; background-color: transparent;\">Encordoamento P\/Cavaquinho Giannini Cobra Niquel Leve GESCP<\/span><br \/>\n<\/small><\/span><\/h2>\n<div class=\"mensagens-header-edicao\"><\/div>\n<\/div>\n<div class=\"panel-body\" style=\"font-size: 16px; padding: 0px; background-color: transparent; margin: 25px auto 0px; max-width: 1060px; min-height: 400px; color: #616161; font-family: Soleil, 'Helvetica Neue', Helvetica, Arial, sans-serif;\">\n<div id=\"tab-geral\" class=\"tab-container\" style=\"clear: both; margin-top: 5px;\"><span style=\"color: #666666; font-family: 'Proxima Nova', -apple-system, Roboto, Arial, sans-serif; font-size: 20px;\"><span style=\"font-size: 10pt;\">A s\u00e9rie Cobra apresenta toda a versalidade dos encordoamentos Giannini. O encordoamento para cavaquinho Giannini Cobra GESCP \u00e9 indicado para m\u00fasicos que gostam de cordas com uma pegada mais pesada.<br \/>\n<span style=\"color: #616161; font-family: Soleil, 'Helvetica Neue', Helvetica, Arial, sans-serif; font-size: 10pt;\"><br \/>\nJogo de 4 cordas para Cavaquinho.<\/span><br style=\"color: #616161; font-family: Soleil, 'Helvetica Neue', Helvetica, Arial, sans-serif; font-size: 16px;\" \/><span style=\"color: #616161; font-family: Soleil, 'Helvetica Neue', Helvetica, Arial, sans-serif; font-size: 10pt;\">Marca: Giannini<\/span><br style=\"color: #616161; font-family: Soleil, 'Helvetica Neue', Helvetica, Arial, sans-serif; font-size: 16px;\" \/><span style=\"color: #616161; font-family: Soleil, 'Helvetica Neue', Helvetica, Arial, sans-serif; font-size: 10pt;\">S\u00e9rie: Cobra<\/span><br style=\"color: #616161; font-family: Soleil, 'Helvetica Neue', Helvetica, Arial, sans-serif; font-size: 16px;\" \/><span style=\"color: #616161; font-family: Soleil, 'Helvetica Neue', Helvetica, Arial, sans-serif; font-size: 10pt;\">Fabrica\u00e7\u00e3o: Brasil<\/span><br style=\"color: #616161; font-family: Soleil, 'Helvetica Neue', Helvetica, Arial, sans-serif; font-size: 16px;\" \/><span style=\"color: #616161; font-family: Soleil, 'Helvetica Neue', Helvetica, Arial, sans-serif; font-size: 10pt;\">Tens\u00e3o: Pesada<\/span><br style=\"color: #616161; font-family: Soleil, 'Helvetica Neue', Helvetica, Arial, sans-serif; font-size: 16px;\" \/><span style=\"color: #616161; font-family: Soleil, 'Helvetica Neue', Helvetica, Arial, sans-serif; font-size: 10pt;\">Alma: A\u00e7o<br \/>\n<\/span>Medidas: 011-013-020-029<\/span><\/span><\/div>\n<\/div>\n<p>&nbsp;<\/p>","protected":false},"excerpt":{"rendered":"<p>Encordoamento P\/Cavaquinho Giannini Cobra Niquel Leve GESCP A s\u00e9rie Cobra apresenta toda a versalidade dos encordoamentos Giannini. O encordoamento para cavaquinho Giannini Cobra GESCP \u00e9 indicado para m\u00fasicos que gostam de cordas com uma pegada mais pesada. Jogo de 4 cordas para Cavaquinho.Marca: GianniniS\u00e9rie: CobraFabrica\u00e7\u00e3o: BrasilTens\u00e3o: PesadaAlma: A\u00e7o Medidas: 011-013-020-029 &nbsp;<\/p>","protected":false},"featured_media":4627,"comment_status":"open","ping_status":"closed","template":"","meta":{"om_disable_all_campaigns":false,"jetpack_publicize_message":"","jetpack_publicize_feature_enabled":true,"jetpack_social_post_already_shared":true,"jetpack_social_options":{"image_generator_settings":{"template":"highway","default_image_id":0,"font":"","enabled":false},"version":2}},"product_brand":[170],"product_cat":[207,747],"product_tag":[744,745,746],"class_list":{"0":"post-4629","1":"product","2":"type-product","3":"status-publish","4":"has-post-thumbnail","6":"product_brand-giannini","7":"product_cat-acusticos","8":"product_cat-encordoamentos-de-cavaquinho","9":"product_tag-cordas-de-cavaco","10":"product_tag-cordas-de-cavaquinho","11":"product_tag-encordoamento-de-cavaquinho","13":"first","14":"instock","15":"shipping-taxable","16":"purchasable","17":"product-type-simple"},"aioseo_notices":[],"jetpack_publicize_connections":[],"jetpack_sharing_enabled":true,"_links":{"self":[{"href":"https:\/\/delaet.com.br\/en\/wp-json\/wp\/v2\/product\/4629","targetHints":{"allow":["GET"]}}],"collection":[{"href":"https:\/\/delaet.com.br\/en\/wp-json\/wp\/v2\/product"}],"about":[{"href":"https:\/\/delaet.com.br\/en\/wp-json\/wp\/v2\/types\/product"}],"replies":[{"embeddable":true,"href":"https:\/\/delaet.com.br\/en\/wp-json\/wp\/v2\/comments?post=4629"}],"wp:featuredmedia":[{"embeddable":true,"href":"https:\/\/delaet.com.br\/en\/wp-json\/wp\/v2\/media\/4627"}],"wp:attachment":[{"href":"https:\/\/delaet.com.br\/en\/wp-json\/wp\/v2\/media?parent=4629"}],"wp:term":[{"taxonomy":"product_brand","embeddable":true,"href":"https:\/\/delaet.com.br\/en\/wp-json\/wp\/v2\/product_brand?post=4629"},{"taxonomy":"product_cat","embeddable":true,"href":"https:\/\/delaet.com.br\/en\/wp-json\/wp\/v2\/product_cat?post=4629"},{"taxonomy":"product_tag","embeddable":true,"href":"https:\/\/delaet.com.br\/en\/wp-json\/wp\/v2\/product_tag?post=4629"}],"curies":[{"name":"wp","href":"https:\/\/api.w.org\/{rel}","templated":true}]}}