{"id":4635,"date":"2026-04-17T17:26:30","date_gmt":"2026-04-17T20:26:30","guid":{"rendered":"https:\/\/delaet.com.br\/pt_br\/loja\/produto\/encordoamento-viola-giannini-cobre-prateado-media-gesvm-f108\/"},"modified":"2026-04-17T17:32:36","modified_gmt":"2026-04-17T20:32:36","slug":"encordoamento-viola-giannini-cobre-prateado-media-gesvm-f108","status":"publish","type":"product","link":"https:\/\/delaet.com.br\/en\/loja\/produto\/encordoamento-viola-giannini-cobre-prateado-media-gesvm-f108\/","title":{"rendered":"Encordoamento Viola Giannini Cobre Prateado Media Gesvm"},"content":{"rendered":"<div class=\"panel-head\" style=\"font-size: 16px;background-color: transparent;margin: 0px auto;max-width: 1060px;padding: 0px;color: #616161;font-family: Soleil, 'Helvetica Neue', Helvetica, Arial, sans-serif\">\n<h2 class=\"main-title\" style=\"color: #000000;font-family: Poppins, 'Helvetica Neue', Helvetica, Arial, sans-serif;line-height: 1.2em;margin: 0px;font-size: 1.25rem;padding: 0px\"><small id=\"msgNomeProduto\" style=\"font-size: 1.125rem;color: #616161;font-weight: 400;line-height: 1;padding-top: 5px\"><span style=\"font-size: 10pt;background-color: transparent\">Encordoamento Viola Giannini Cobre Prateado Alta GESVA<\/p>\n<p><\/span><span style=\"color: #666666;font-family: 'Proxima Nova', -apple-system, Roboto, Arial, sans-serif;font-size: 10pt\">Encordoamento para viola caipira Giannini Cobra calibre 0.010\u201d tens\u00e3o leve em cobre prateado com bolinha modelo GESVL.\u00a0<\/span><span style=\"color: #666666;font-family: 'Proxima Nova', -apple-system, Roboto, Arial, sans-serif;font-size: 10pt\">Para afina\u00e7\u00f5es Cebol\u00e3o em R\u00e9, Natural, Cana Verde e Paragua\u00e7u.<\/span><br \/><\/small><\/h2>\n<div class=\"mensagens-header-edicao\">\u00a0<br \/><span style=\"font-size: 10pt\">Jogo de 10 cordas para Viola.<\/span><br \/><span style=\"font-size: 10pt\">Marca: Giannini<\/span><br \/><span style=\"font-size: 10pt\">S\u00e9rie: Cobra<\/span><br \/><span style=\"font-size: 10pt\">Fabrica\u00e7\u00e3o: Brasil<\/span><br \/><span style=\"font-size: 10pt\">Tens\u00e3o: M\u00e9dia<\/span><br \/><span style=\"font-size: 10pt\">Alma: A\u00e7o<\/span><br \/><span style=\"font-size: 10pt\">Revestimento: Cobre Prateado<\/span><\/div>\n<\/p><\/div>","protected":false},"excerpt":{"rendered":"<p>Encordoamento Viola Giannini Cobre Prateado Alta GESVA Encordoamento para viola caipira Giannini Cobra calibre 0.010\u201d tens\u00e3o leve em cobre prateado com bolinha modelo GESVL.\u00a0Para afina\u00e7\u00f5es Cebol\u00e3o em R\u00e9, Natural, Cana Verde e Paragua\u00e7u. \u00a0Jogo de 10 cordas para Viola.Marca: GianniniS\u00e9rie: CobraFabrica\u00e7\u00e3o: BrasilTens\u00e3o: M\u00e9diaAlma: A\u00e7oRevestimento: Cobre Prateado<\/p>","protected":false},"featured_media":4633,"comment_status":"open","ping_status":"closed","template":"","meta":{"om_disable_all_campaigns":false,"jetpack_publicize_message":"","jetpack_publicize_feature_enabled":true,"jetpack_social_post_already_shared":true,"jetpack_social_options":{"image_generator_settings":{"template":"highway","default_image_id":0,"font":"","enabled":false},"version":2}},"product_brand":[170],"product_cat":[207,214],"product_tag":[607,742,743],"class_list":{"0":"post-4635","1":"product","2":"type-product","3":"status-publish","4":"has-post-thumbnail","6":"product_brand-giannini","7":"product_cat-acusticos","8":"product_cat-encordoamentos-viola","9":"product_tag-cordas-de-viola","10":"product_tag-cordas-viola-caipira","11":"product_tag-encordoamento-de-viola","13":"first","14":"instock","15":"shipping-taxable","16":"purchasable","17":"product-type-simple"},"aioseo_notices":[],"jetpack_publicize_connections":[],"jetpack_sharing_enabled":true,"_links":{"self":[{"href":"https:\/\/delaet.com.br\/en\/wp-json\/wp\/v2\/product\/4635","targetHints":{"allow":["GET"]}}],"collection":[{"href":"https:\/\/delaet.com.br\/en\/wp-json\/wp\/v2\/product"}],"about":[{"href":"https:\/\/delaet.com.br\/en\/wp-json\/wp\/v2\/types\/product"}],"replies":[{"embeddable":true,"href":"https:\/\/delaet.com.br\/en\/wp-json\/wp\/v2\/comments?post=4635"}],"wp:featuredmedia":[{"embeddable":true,"href":"https:\/\/delaet.com.br\/en\/wp-json\/wp\/v2\/media\/4633"}],"wp:attachment":[{"href":"https:\/\/delaet.com.br\/en\/wp-json\/wp\/v2\/media?parent=4635"}],"wp:term":[{"taxonomy":"product_brand","embeddable":true,"href":"https:\/\/delaet.com.br\/en\/wp-json\/wp\/v2\/product_brand?post=4635"},{"taxonomy":"product_cat","embeddable":true,"href":"https:\/\/delaet.com.br\/en\/wp-json\/wp\/v2\/product_cat?post=4635"},{"taxonomy":"product_tag","embeddable":true,"href":"https:\/\/delaet.com.br\/en\/wp-json\/wp\/v2\/product_tag?post=4635"}],"curies":[{"name":"wp","href":"https:\/\/api.w.org\/{rel}","templated":true}]}}