{"id":4641,"date":"2026-04-18T17:23:02","date_gmt":"2026-04-18T20:23:02","guid":{"rendered":"https:\/\/delaet.com.br\/pt_br\/loja\/produto\/encordoador-manual-p04119-ernie-ball-f108\/"},"modified":"2026-04-19T23:18:01","modified_gmt":"2026-04-20T02:18:01","slug":"encordoador-manual-p04119-ernie-ball-f108","status":"publish","type":"product","link":"https:\/\/delaet.com.br\/en\/loja\/produto\/encordoador-manual-p04119-ernie-ball-f108\/","title":{"rendered":"Encordoador Manual P04119 Ernie Ball"},"content":{"rendered":"<p>ENCORDOADOR MANUAL P04119 ERNIE BALL<\/p>\n<p>O Encordoador Manual Ernie Ball P04119, tamb\u00e9m conhecido como Pegwinder, \u00e9 uma ferramenta essencial para m\u00fasicos que desejam agilizar e facilitar o processo de troca de cordas em seus instrumentos de corda, como guitarras e viol\u00f5es.<\/p>\n<p>Especifica\u00e7\u00f5es T\u00e9cnicas:<br \/>\u2022 \u00a0 \u00a0Material: Fabricado em pl\u00e1stico moldado de alta resist\u00eancia, garantindo durabilidade e leveza.<br \/>\u2022 \u00a0 \u00a0Compatibilidade: Projetado para uso em guitarras e outros instrumentos de corda. N\u00e3o \u00e9 recomendado para contrabaixos.<br \/>\u2022 \u00a0 \u00a0Fun\u00e7\u00f5es Adicionais: Possui um encaixe espec\u00edfico para facilitar a remo\u00e7\u00e3o de pinos pl\u00e1sticos da ponte em viol\u00f5es, tornando a troca de cordas ainda mais pr\u00e1tica.<\/p>\n<p>Benef\u00edcios:<br \/>\u2022 \u00a0 \u00a0Efici\u00eancia: Permite a instala\u00e7\u00e3o de cordas de forma r\u00e1pida e f\u00e1cil, comparado ao m\u00e9todo de enrolamento manual, economizando tempo e esfor\u00e7o durante a manuten\u00e7\u00e3o do instrumento.<br \/>\u2022 \u00a0 \u00a0Praticidade: O design ergon\u00f4mico proporciona um manuseio confort\u00e1vel, facilitando o processo de encordoamento.<\/p>","protected":false},"excerpt":{"rendered":"<p>ENCORDOADOR MANUAL P04119 ERNIE BALL O Encordoador Manual Ernie Ball P04119, tamb\u00e9m conhecido como Pegwinder, \u00e9 uma ferramenta essencial para m\u00fasicos que desejam agilizar e facilitar o processo de troca de cordas em seus instrumentos de corda, como guitarras e viol\u00f5es. Especifica\u00e7\u00f5es T\u00e9cnicas:\u2022 \u00a0 \u00a0Material: Fabricado em pl\u00e1stico moldado de alta resist\u00eancia, garantindo durabilidade e [&hellip;]<\/p>\n","protected":false},"featured_media":4638,"comment_status":"open","ping_status":"closed","template":"","meta":{"om_disable_all_campaigns":false,"jetpack_publicize_message":"","jetpack_publicize_feature_enabled":true,"jetpack_social_post_already_shared":true,"jetpack_social_options":{"image_generator_settings":{"template":"highway","default_image_id":0,"font":"","enabled":false},"version":2}},"product_brand":[769],"product_cat":[96,207,109,28,455,223],"product_tag":[624,779],"class_list":{"0":"post-4641","1":"product","2":"type-product","3":"status-publish","4":"has-post-thumbnail","6":"product_brand-ernie-ball","7":"product_cat-acessorios","8":"product_cat-acusticos","9":"product_cat-afinadores","10":"product_cat-eletricos","11":"product_cat-outros-acusticos","12":"product_cat-outros","13":"product_tag-encordoador","14":"product_tag-encordoador-manual","16":"first","17":"instock","18":"shipping-taxable","19":"purchasable","20":"product-type-simple"},"aioseo_notices":[],"jetpack_publicize_connections":[],"jetpack_sharing_enabled":true,"_links":{"self":[{"href":"https:\/\/delaet.com.br\/en\/wp-json\/wp\/v2\/product\/4641","targetHints":{"allow":["GET"]}}],"collection":[{"href":"https:\/\/delaet.com.br\/en\/wp-json\/wp\/v2\/product"}],"about":[{"href":"https:\/\/delaet.com.br\/en\/wp-json\/wp\/v2\/types\/product"}],"replies":[{"embeddable":true,"href":"https:\/\/delaet.com.br\/en\/wp-json\/wp\/v2\/comments?post=4641"}],"wp:featuredmedia":[{"embeddable":true,"href":"https:\/\/delaet.com.br\/en\/wp-json\/wp\/v2\/media\/4638"}],"wp:attachment":[{"href":"https:\/\/delaet.com.br\/en\/wp-json\/wp\/v2\/media?parent=4641"}],"wp:term":[{"taxonomy":"product_brand","embeddable":true,"href":"https:\/\/delaet.com.br\/en\/wp-json\/wp\/v2\/product_brand?post=4641"},{"taxonomy":"product_cat","embeddable":true,"href":"https:\/\/delaet.com.br\/en\/wp-json\/wp\/v2\/product_cat?post=4641"},{"taxonomy":"product_tag","embeddable":true,"href":"https:\/\/delaet.com.br\/en\/wp-json\/wp\/v2\/product_tag?post=4641"}],"curies":[{"name":"wp","href":"https:\/\/api.w.org\/{rel}","templated":true}]}}