{"id":4707,"date":"2026-04-19T14:44:12","date_gmt":"2026-04-19T17:44:12","guid":{"rendered":"https:\/\/delaet.com.br\/pt_br\/loja\/produto\/bateria-9v-alcalina-com-lanterna-elgin-f108\/"},"modified":"2026-04-19T14:50:25","modified_gmt":"2026-04-19T17:50:25","slug":"bateria-9v-alcalina-com-lanterna-elgin-f108","status":"publish","type":"product","link":"https:\/\/delaet.com.br\/en\/loja\/produto\/bateria-9v-alcalina-com-lanterna-elgin-f108\/","title":{"rendered":"Bateria 9v Alcalina Com Lanterna Elgin"},"content":{"rendered":"<p>Bateria 9V Alcalina com Lanterna Elgin<\/p>\n<p>A Bateria 9V Alcalina com Lanterna Elgin oferece pot\u00eancia, durabilidade e praticidade em um \u00fanico produto. Ideal para quem precisa de energia confi\u00e1vel em equipamentos eletr\u00f4nicos e ainda conta com uma lanterna embutida para uso em emerg\u00eancias ou baixa ilumina\u00e7\u00e3o.<\/p>\n<p>Especifica\u00e7\u00f5es t\u00e9cnicas:<br \/>\u2022 \u00a0 \u00a0Marca: Elgin<br \/>\u2022 \u00a0 \u00a0Tipo: Alcalina<br \/>\u2022 \u00a0 \u00a0Voltagem: 9V<br \/>\u2022 \u00a0 \u00a0Fun\u00e7\u00e3o extra: Lanterna integrada<br \/>\u2022 \u00a0 \u00a0Alta durabilidade e desempenho est\u00e1vel<br \/>\u2022 \u00a0 \u00a0Ideal para: Equipamentos eletr\u00f4nicos, alarmes, microfones, controles e uso dom\u00e9stico em geral<\/p>\n<p>Com a qualidade reconhecida da Elgin, esta bateria garante energia por mais tempo e ainda oferece a conveni\u00eancia de uma lanterna sempre \u00e0 m\u00e3o. Efici\u00eancia e versatilidade em um s\u00f3 produto.<\/p>","protected":false},"excerpt":{"rendered":"<p>Bateria 9V Alcalina com Lanterna Elgin A Bateria 9V Alcalina com Lanterna Elgin oferece pot\u00eancia, durabilidade e praticidade em um \u00fanico produto. Ideal para quem precisa de energia confi\u00e1vel em equipamentos eletr\u00f4nicos e ainda conta com uma lanterna embutida para uso em emerg\u00eancias ou baixa ilumina\u00e7\u00e3o. Especifica\u00e7\u00f5es t\u00e9cnicas:\u2022 \u00a0 \u00a0Marca: Elgin\u2022 \u00a0 \u00a0Tipo: Alcalina\u2022 \u00a0 [&hellip;]<\/p>\n","protected":false},"featured_media":4704,"comment_status":"open","ping_status":"closed","template":"","meta":{"om_disable_all_campaigns":false,"jetpack_publicize_message":"","jetpack_publicize_feature_enabled":true,"jetpack_social_post_already_shared":true,"jetpack_social_options":{"image_generator_settings":{"template":"highway","default_image_id":0,"font":"","enabled":false},"version":2}},"product_brand":[762],"product_cat":[758],"product_tag":[759,760],"class_list":{"0":"post-4707","1":"product","2":"type-product","3":"status-publish","4":"has-post-thumbnail","6":"product_brand-elgin","7":"product_cat-pilhas-e-baterias","8":"product_tag-bateria","9":"product_tag-bateria-9v","11":"first","12":"instock","13":"shipping-taxable","14":"purchasable","15":"product-type-simple"},"aioseo_notices":[],"jetpack_publicize_connections":[],"jetpack_sharing_enabled":true,"_links":{"self":[{"href":"https:\/\/delaet.com.br\/en\/wp-json\/wp\/v2\/product\/4707","targetHints":{"allow":["GET"]}}],"collection":[{"href":"https:\/\/delaet.com.br\/en\/wp-json\/wp\/v2\/product"}],"about":[{"href":"https:\/\/delaet.com.br\/en\/wp-json\/wp\/v2\/types\/product"}],"replies":[{"embeddable":true,"href":"https:\/\/delaet.com.br\/en\/wp-json\/wp\/v2\/comments?post=4707"}],"wp:featuredmedia":[{"embeddable":true,"href":"https:\/\/delaet.com.br\/en\/wp-json\/wp\/v2\/media\/4704"}],"wp:attachment":[{"href":"https:\/\/delaet.com.br\/en\/wp-json\/wp\/v2\/media?parent=4707"}],"wp:term":[{"taxonomy":"product_brand","embeddable":true,"href":"https:\/\/delaet.com.br\/en\/wp-json\/wp\/v2\/product_brand?post=4707"},{"taxonomy":"product_cat","embeddable":true,"href":"https:\/\/delaet.com.br\/en\/wp-json\/wp\/v2\/product_cat?post=4707"},{"taxonomy":"product_tag","embeddable":true,"href":"https:\/\/delaet.com.br\/en\/wp-json\/wp\/v2\/product_tag?post=4707"}],"curies":[{"name":"wp","href":"https:\/\/api.w.org\/{rel}","templated":true}]}}