{"id":4712,"date":"2026-04-19T14:44:30","date_gmt":"2026-04-19T17:44:30","guid":{"rendered":"https:\/\/delaet.com.br\/pt_br\/loja\/produto\/bateria-9v-alcalina-unidade-flex-f108\/"},"modified":"2026-04-19T14:49:47","modified_gmt":"2026-04-19T17:49:47","slug":"bateria-9v-alcalina-unidade-flex-f108","status":"publish","type":"product","link":"https:\/\/delaet.com.br\/en\/loja\/produto\/bateria-9v-alcalina-unidade-flex-f108\/","title":{"rendered":"Bateria 9v Alcalina Unidade Flex"},"content":{"rendered":"<p>Bateria 9V Alcalina Unidade Flex<\/p>\n<p>A Bateria 9V Alcalina \u00e9 ideal para alimentar aparelhos que exigem energia est\u00e1vel e de longa dura\u00e7\u00e3o, como detectores de fuma\u00e7a, microfones, brinquedos e equipamentos eletr\u00f4nicos em geral. Oferece desempenho confi\u00e1vel para o uso no dia a dia.<\/p>\n<p>Caracter\u00edsticas do Produto<br \/>\u2022 \u00a0 \u00a0Bateria 9V alcalina<br \/>\u2022 \u00a0 \u00a0Energia est\u00e1vel e duradoura<br \/>\u2022 \u00a0 \u00a0Ideal para aparelhos eletr\u00f4nicos diversos<br \/>\u2022 \u00a0 \u00a0Boa performance em dispositivos de m\u00e9dio consumo<br \/>\u2022 \u00a0 \u00a0F\u00e1cil de instalar e substituir<br \/>\u2022 \u00a0 \u00a0Produto leve e compacto<br \/>\u2022 \u00a0 \u00a0Indicada para uso residencial e profissional<\/p>\n<p>Produto novo, pronto para uso e com excelente custo-benef\u00edcio. Envio r\u00e1pido e embalagem segura para que voc\u00ea receba tudo em perfeito estado. Energia confi\u00e1vel para manter seus aparelhos funcionando.<\/p>","protected":false},"excerpt":{"rendered":"<p>Bateria 9V Alcalina Unidade Flex A Bateria 9V Alcalina \u00e9 ideal para alimentar aparelhos que exigem energia est\u00e1vel e de longa dura\u00e7\u00e3o, como detectores de fuma\u00e7a, microfones, brinquedos e equipamentos eletr\u00f4nicos em geral. Oferece desempenho confi\u00e1vel para o uso no dia a dia. Caracter\u00edsticas do Produto\u2022 \u00a0 \u00a0Bateria 9V alcalina\u2022 \u00a0 \u00a0Energia est\u00e1vel e duradoura\u2022 [&hellip;]<\/p>\n","protected":false},"featured_media":4708,"comment_status":"open","ping_status":"closed","template":"","meta":{"om_disable_all_campaigns":false,"jetpack_publicize_message":"","jetpack_publicize_feature_enabled":true,"jetpack_social_post_already_shared":true,"jetpack_social_options":{"image_generator_settings":{"template":"highway","default_image_id":0,"font":"","enabled":false},"version":2}},"product_brand":[775],"product_cat":[758],"product_tag":[759,760],"class_list":{"0":"post-4712","1":"product","2":"type-product","3":"status-publish","4":"has-post-thumbnail","6":"product_brand-flex","7":"product_cat-pilhas-e-baterias","8":"product_tag-bateria","9":"product_tag-bateria-9v","11":"first","12":"instock","13":"shipping-taxable","14":"purchasable","15":"product-type-simple"},"aioseo_notices":[],"jetpack_publicize_connections":[],"jetpack_sharing_enabled":true,"_links":{"self":[{"href":"https:\/\/delaet.com.br\/en\/wp-json\/wp\/v2\/product\/4712","targetHints":{"allow":["GET"]}}],"collection":[{"href":"https:\/\/delaet.com.br\/en\/wp-json\/wp\/v2\/product"}],"about":[{"href":"https:\/\/delaet.com.br\/en\/wp-json\/wp\/v2\/types\/product"}],"replies":[{"embeddable":true,"href":"https:\/\/delaet.com.br\/en\/wp-json\/wp\/v2\/comments?post=4712"}],"wp:featuredmedia":[{"embeddable":true,"href":"https:\/\/delaet.com.br\/en\/wp-json\/wp\/v2\/media\/4708"}],"wp:attachment":[{"href":"https:\/\/delaet.com.br\/en\/wp-json\/wp\/v2\/media?parent=4712"}],"wp:term":[{"taxonomy":"product_brand","embeddable":true,"href":"https:\/\/delaet.com.br\/en\/wp-json\/wp\/v2\/product_brand?post=4712"},{"taxonomy":"product_cat","embeddable":true,"href":"https:\/\/delaet.com.br\/en\/wp-json\/wp\/v2\/product_cat?post=4712"},{"taxonomy":"product_tag","embeddable":true,"href":"https:\/\/delaet.com.br\/en\/wp-json\/wp\/v2\/product_tag?post=4712"}],"curies":[{"name":"wp","href":"https:\/\/api.w.org\/{rel}","templated":true}]}}