{"id":4797,"date":"2026-04-20T00:51:21","date_gmt":"2026-04-20T03:51:21","guid":{"rendered":"https:\/\/delaet.com.br\/pt_br\/loja\/produto\/cordas-011-custom-light-phosphor-violao-aco-elixir-f108\/"},"modified":"2026-04-20T01:03:57","modified_gmt":"2026-04-20T04:03:57","slug":"cordas-011-custom-light-phosphor-violao-aco-elixir-f108","status":"publish","type":"product","link":"https:\/\/delaet.com.br\/en\/loja\/produto\/cordas-011-custom-light-phosphor-violao-aco-elixir-f108\/","title":{"rendered":"Cordas 011 Custom Light Phosphor Viol\u00e3o A\u00e7o Elixir"},"content":{"rendered":"<p>Cordas 011 Custom Light Phosphor Viol\u00e3o A\u00e7o Elixir<\/p>\n<p>A corda Elixir .011 Custom Light Phosphor Bronze \u00e9 a escolha ideal para violonistas que procuram equil\u00edbrio entre leveza no toque e sonoridade encorpada. Produzida com liga de f\u00f3sforo bronze e revestimento Nanoweb, oferece timbre quente, detalhado e com excelente durabilidade.<\/p>\n<p>Seu calibre (.011 &#8211; .052) proporciona resposta din\u00e2mica, com agudos suaves e graves presentes, sendo perfeita para diferentes estilos musicais e t\u00e9cnicas de execu\u00e7\u00e3o.<\/p>\n<p>Principais caracter\u00edsticas:<br \/>\u2022 \u00a0 \u00a0Calibre: Custom Light (.011 &#8211; .052)<br \/>\u2022 \u00a0 \u00a0Material: Phosphor Bronze (bronze com f\u00f3sforo)<br \/>\u2022 \u00a0 \u00a0Revestimento: Nanoweb (prote\u00e7\u00e3o contra oxida\u00e7\u00e3o sem perder a sensa\u00e7\u00e3o natural)<br \/>\u2022 \u00a0 \u00a0Aplica\u00e7\u00e3o: Viol\u00e3o de a\u00e7o (ac\u00fastico ou eletroac\u00fastico)<br \/>\u2022 \u00a0 \u00a0Timbre: Quente, equilibrado e com \u00f3timo sustain<br \/>\u2022 \u00a0 \u00a0Toque: Leve nos agudos e firme nos graves<br \/>\u2022 \u00a0 \u00a0Durabilidade: At\u00e9 3 vezes maior que cordas tradicionais<\/p>\n<p>As cordas Elixir s\u00e3o reconhecidas por manterem o som novo por muito mais tempo, garantindo confiabilidade e desempenho consistente em qualquer situa\u00e7\u00e3o.<\/p>","protected":false},"excerpt":{"rendered":"<p>Cordas 011 Custom Light Phosphor Viol\u00e3o A\u00e7o Elixir A corda Elixir .011 Custom Light Phosphor Bronze \u00e9 a escolha ideal para violonistas que procuram equil\u00edbrio entre leveza no toque e sonoridade encorpada. Produzida com liga de f\u00f3sforo bronze e revestimento Nanoweb, oferece timbre quente, detalhado e com excelente durabilidade. Seu calibre (.011 &#8211; .052) proporciona [&hellip;]<\/p>\n","protected":false},"featured_media":4794,"comment_status":"open","ping_status":"closed","template":"","meta":{"om_disable_all_campaigns":false,"_monsterinsights_skip_tracking":false,"_monsterinsights_sitenote_active":false,"_monsterinsights_sitenote_note":"","_monsterinsights_sitenote_category":0,"jetpack_publicize_message":"","jetpack_publicize_feature_enabled":true,"jetpack_social_post_already_shared":true,"jetpack_social_options":{"image_generator_settings":{"template":"highway","default_image_id":0,"font":"","enabled":false},"version":2}},"product_brand":[765],"product_cat":[207,212],"product_tag":[751,780],"class_list":{"0":"post-4797","1":"product","2":"type-product","3":"status-publish","4":"has-post-thumbnail","6":"product_brand-elixir","7":"product_cat-acusticos","8":"product_cat-encordoamentos-aco","9":"product_tag-cordas-de-violao-aco","10":"product_tag-encordoamento-de-violao-aco","12":"first","13":"instock","14":"shipping-taxable","15":"purchasable","16":"product-type-simple"},"aioseo_notices":[],"jetpack_publicize_connections":[],"jetpack_sharing_enabled":true,"_links":{"self":[{"href":"https:\/\/delaet.com.br\/en\/wp-json\/wp\/v2\/product\/4797","targetHints":{"allow":["GET"]}}],"collection":[{"href":"https:\/\/delaet.com.br\/en\/wp-json\/wp\/v2\/product"}],"about":[{"href":"https:\/\/delaet.com.br\/en\/wp-json\/wp\/v2\/types\/product"}],"replies":[{"embeddable":true,"href":"https:\/\/delaet.com.br\/en\/wp-json\/wp\/v2\/comments?post=4797"}],"wp:featuredmedia":[{"embeddable":true,"href":"https:\/\/delaet.com.br\/en\/wp-json\/wp\/v2\/media\/4794"}],"wp:attachment":[{"href":"https:\/\/delaet.com.br\/en\/wp-json\/wp\/v2\/media?parent=4797"}],"wp:term":[{"taxonomy":"product_brand","embeddable":true,"href":"https:\/\/delaet.com.br\/en\/wp-json\/wp\/v2\/product_brand?post=4797"},{"taxonomy":"product_cat","embeddable":true,"href":"https:\/\/delaet.com.br\/en\/wp-json\/wp\/v2\/product_cat?post=4797"},{"taxonomy":"product_tag","embeddable":true,"href":"https:\/\/delaet.com.br\/en\/wp-json\/wp\/v2\/product_tag?post=4797"}],"curies":[{"name":"wp","href":"https:\/\/api.w.org\/{rel}","templated":true}]}}