{"id":4847,"date":"2026-04-20T02:01:56","date_gmt":"2026-04-20T05:01:56","guid":{"rendered":"https:\/\/delaet.com.br\/pt_br\/loja\/produto\/encordoamento-contrabaixo-045-130-5-cordas-n750-nig-f108\/"},"modified":"2026-04-20T11:45:05","modified_gmt":"2026-04-20T14:45:05","slug":"encordoamento-contrabaixo-045-130-5-cordas-n750-nig-f108","status":"publish","type":"product","link":"https:\/\/delaet.com.br\/en\/loja\/produto\/encordoamento-contrabaixo-045-130-5-cordas-n750-nig-f108\/","title":{"rendered":"Encordoamento Contrabaixo 045\/.130 &#8211; 5 Cordas N750 Nig"},"content":{"rendered":"<p>Encordoamento Contrabaixo 5 Cordas 0.045 \u2013 0.130 Nig N750 Long Scale<\/p>\n<p>Graves potentes, m\u00e9dios definidos e agudos claros! O encordoamento Nig N750 para contrabaixo de 5 cordas \u00e9 ideal para baixistas que exigem impacto sonoro, resposta r\u00e1pida e resist\u00eancia em apresenta\u00e7\u00f5es e grava\u00e7\u00f5es.<\/p>\n<p>Detalhes T\u00e9cnicos<br \/>\u2022 \u00a0 \u00a0Marca: Nig Strings<br \/>\u2022 \u00a0 \u00a0Modelo: N750<br \/>\u2022 \u00a0 \u00a0Indica\u00e7\u00e3o: Contrabaixo de 5 cordas<br \/>\u2022 \u00a0 \u00a0Tipo: Long Scale (Escala longa)<br \/>\u2022 \u00a0 \u00a0Material: A\u00e7o inoxid\u00e1vel<br \/>\u2022 \u00a0 \u00a0Revestimento: Sem revestimento<br \/>Espessuras (calibres):<br \/>\u2022 \u00a0 \u00a0G: 0.045<br \/>\u2022 \u00a0 \u00a0D: 0.065<br \/>\u2022 \u00a0 \u00a0A: 0.085<br \/>\u2022 \u00a0 \u00a0E: 0.105<br \/>\u2022 \u00a0 \u00a0B: 0.130<br \/>Timbre: Brilhante e encorpado<br \/>Tens\u00e3o: M\u00e9dia<br \/>Origem: Nacional<br \/>Aplica\u00e7\u00e3o: Rock, Gospel, Metal, Jazz, Fusion, e estilos que exigem profundidade nos graves<\/p>\n<p>Com o Nig N750, voc\u00ea tem pot\u00eancia, defini\u00e7\u00e3o e longa durabilidade para suportar at\u00e9 as gigs mais pesadas. Perfeito para baixistas de 5 cordas que n\u00e3o abrem m\u00e3o de um timbre robusto e consistente. Garanta j\u00e1 o seu e destaque-se com a qualidade Nig Strings!<\/p>","protected":false},"excerpt":{"rendered":"<p>Encordoamento Contrabaixo 5 Cordas 0.045 \u2013 0.130 Nig N750 Long Scale Graves potentes, m\u00e9dios definidos e agudos claros! O encordoamento Nig N750 para contrabaixo de 5 cordas \u00e9 ideal para baixistas que exigem impacto sonoro, resposta r\u00e1pida e resist\u00eancia em apresenta\u00e7\u00f5es e grava\u00e7\u00f5es. Detalhes T\u00e9cnicos\u2022 \u00a0 \u00a0Marca: Nig Strings\u2022 \u00a0 \u00a0Modelo: N750\u2022 \u00a0 \u00a0Indica\u00e7\u00e3o: Contrabaixo [&hellip;]<\/p>\n","protected":false},"featured_media":4844,"comment_status":"open","ping_status":"closed","template":"","meta":{"om_disable_all_campaigns":false,"jetpack_publicize_message":"","jetpack_publicize_feature_enabled":true,"jetpack_social_post_already_shared":true,"jetpack_social_options":{"image_generator_settings":{"template":"highway","default_image_id":0,"font":"","enabled":false},"version":2}},"product_brand":[768],"product_cat":[28,216],"product_tag":[777,792],"class_list":{"0":"post-4847","1":"product","2":"type-product","3":"status-publish","4":"has-post-thumbnail","6":"product_brand-nig","7":"product_cat-eletricos","8":"product_cat-encordoamentos-baixo","9":"product_tag-cordas-de-baixo","10":"product_tag-encordoamento-de-baixo","12":"first","13":"instock","14":"shipping-taxable","15":"purchasable","16":"product-type-simple"},"aioseo_notices":[],"jetpack_publicize_connections":[],"jetpack_sharing_enabled":true,"_links":{"self":[{"href":"https:\/\/delaet.com.br\/en\/wp-json\/wp\/v2\/product\/4847","targetHints":{"allow":["GET"]}}],"collection":[{"href":"https:\/\/delaet.com.br\/en\/wp-json\/wp\/v2\/product"}],"about":[{"href":"https:\/\/delaet.com.br\/en\/wp-json\/wp\/v2\/types\/product"}],"replies":[{"embeddable":true,"href":"https:\/\/delaet.com.br\/en\/wp-json\/wp\/v2\/comments?post=4847"}],"wp:featuredmedia":[{"embeddable":true,"href":"https:\/\/delaet.com.br\/en\/wp-json\/wp\/v2\/media\/4844"}],"wp:attachment":[{"href":"https:\/\/delaet.com.br\/en\/wp-json\/wp\/v2\/media?parent=4847"}],"wp:term":[{"taxonomy":"product_brand","embeddable":true,"href":"https:\/\/delaet.com.br\/en\/wp-json\/wp\/v2\/product_brand?post=4847"},{"taxonomy":"product_cat","embeddable":true,"href":"https:\/\/delaet.com.br\/en\/wp-json\/wp\/v2\/product_cat?post=4847"},{"taxonomy":"product_tag","embeddable":true,"href":"https:\/\/delaet.com.br\/en\/wp-json\/wp\/v2\/product_tag?post=4847"}],"curies":[{"name":"wp","href":"https:\/\/api.w.org\/{rel}","templated":true}]}}