{"id":4853,"date":"2026-04-20T02:03:20","date_gmt":"2026-04-20T05:03:20","guid":{"rendered":"https:\/\/delaet.com.br\/pt_br\/loja\/produto\/encordoamento-p-baixo-4-cordas-niquel-0-045-0-100-sg-f108\/"},"modified":"2026-04-20T11:44:07","modified_gmt":"2026-04-20T14:44:07","slug":"encordoamento-p-baixo-4-cordas-niquel-0-045-0-100-sg-f108","status":"publish","type":"product","link":"https:\/\/delaet.com.br\/en\/loja\/produto\/encordoamento-p-baixo-4-cordas-niquel-0-045-0-100-sg-f108\/","title":{"rendered":"Encordoamento P\/ baixo 4 Cordas Niquel 0.045 &#8211; 0.100 Sg"},"content":{"rendered":"<p>\u00a0Encordoamento para Baixo 4 Cordas N\u00edquel 045 \u2013 100 SG<\/p>\n<p>O Encordoamento para Baixo 4 Cordas N\u00edquel 045 \u2013 100 SG \u00e9 ideal para baixistas que buscam som encorpado, resposta equilibrada e \u00f3tima durabilidade. Com constru\u00e7\u00e3o em a\u00e7o niquelado de alta qualidade, proporciona timbre consistente e tocabilidade confort\u00e1vel para ensaios, est\u00fadio ou apresenta\u00e7\u00f5es ao vivo.<\/p>\n<p>Caracter\u00edsticas do Produto<br \/>\u2022 \u00a0 \u00a0Encordoamento para baixo el\u00e9trico 4 cordas<br \/>\u2022 \u00a0 \u00a0Constru\u00e7\u00e3o em a\u00e7o com revestimento niquelado<br \/>\u2022 \u00a0 \u00a0Calibres: .045 | .065 | .085 | .100<br \/>\u2022 \u00a0 \u00a0Som encorpado e timbre equilibrado<br \/>\u2022 \u00a0 \u00a0Toque confort\u00e1vel e resposta r\u00e1pida<br \/>\u2022 \u00a0 \u00a0Alta durabilidade e resist\u00eancia \u00e0 corros\u00e3o<br \/>\u2022 \u00a0 \u00a0Ideal para pr\u00e1tica, ensaios e apresenta\u00e7\u00f5es<\/p>\n<p>Produto novo, pronto para uso e com excelente custo-benef\u00edcio. Envio r\u00e1pido e embalagem segura para que voc\u00ea receba tudo em perfeito estado. Qualidade sonora e performance est\u00e1vel para o seu baixo.\u00a0<\/p>","protected":false},"excerpt":{"rendered":"<p>\u00a0Encordoamento para Baixo 4 Cordas N\u00edquel 045 \u2013 100 SG O Encordoamento para Baixo 4 Cordas N\u00edquel 045 \u2013 100 SG \u00e9 ideal para baixistas que buscam som encorpado, resposta equilibrada e \u00f3tima durabilidade. Com constru\u00e7\u00e3o em a\u00e7o niquelado de alta qualidade, proporciona timbre consistente e tocabilidade confort\u00e1vel para ensaios, est\u00fadio ou apresenta\u00e7\u00f5es ao vivo. [&hellip;]<\/p>\n","protected":false},"featured_media":4851,"comment_status":"open","ping_status":"closed","template":"","meta":{"om_disable_all_campaigns":false,"jetpack_publicize_message":"","jetpack_publicize_feature_enabled":true,"jetpack_social_post_already_shared":true,"jetpack_social_options":{"image_generator_settings":{"template":"highway","default_image_id":0,"font":"","enabled":false},"version":2}},"product_brand":[767],"product_cat":[28,216],"product_tag":[777,792],"class_list":{"0":"post-4853","1":"product","2":"type-product","3":"status-publish","4":"has-post-thumbnail","6":"product_brand-sg","7":"product_cat-eletricos","8":"product_cat-encordoamentos-baixo","9":"product_tag-cordas-de-baixo","10":"product_tag-encordoamento-de-baixo","12":"first","13":"instock","14":"shipping-taxable","15":"purchasable","16":"product-type-simple"},"aioseo_notices":[],"jetpack_publicize_connections":[],"jetpack_sharing_enabled":true,"_links":{"self":[{"href":"https:\/\/delaet.com.br\/en\/wp-json\/wp\/v2\/product\/4853","targetHints":{"allow":["GET"]}}],"collection":[{"href":"https:\/\/delaet.com.br\/en\/wp-json\/wp\/v2\/product"}],"about":[{"href":"https:\/\/delaet.com.br\/en\/wp-json\/wp\/v2\/types\/product"}],"replies":[{"embeddable":true,"href":"https:\/\/delaet.com.br\/en\/wp-json\/wp\/v2\/comments?post=4853"}],"wp:featuredmedia":[{"embeddable":true,"href":"https:\/\/delaet.com.br\/en\/wp-json\/wp\/v2\/media\/4851"}],"wp:attachment":[{"href":"https:\/\/delaet.com.br\/en\/wp-json\/wp\/v2\/media?parent=4853"}],"wp:term":[{"taxonomy":"product_brand","embeddable":true,"href":"https:\/\/delaet.com.br\/en\/wp-json\/wp\/v2\/product_brand?post=4853"},{"taxonomy":"product_cat","embeddable":true,"href":"https:\/\/delaet.com.br\/en\/wp-json\/wp\/v2\/product_cat?post=4853"},{"taxonomy":"product_tag","embeddable":true,"href":"https:\/\/delaet.com.br\/en\/wp-json\/wp\/v2\/product_tag?post=4853"}],"curies":[{"name":"wp","href":"https:\/\/api.w.org\/{rel}","templated":true}]}}