{"id":5026,"date":"2026-04-20T02:14:56","date_gmt":"2026-04-20T05:14:56","guid":{"rendered":"https:\/\/delaet.com.br\/pt_br\/loja\/produto\/encordoamento-violao-aco-010-1a-corda-mi-extra-n500-nig-f108\/"},"modified":"2026-04-20T11:32:55","modified_gmt":"2026-04-20T14:32:55","slug":"encordoamento-violao-aco-010-1a-corda-mi-extra-n500-nig-f108","status":"publish","type":"product","link":"https:\/\/delaet.com.br\/en\/loja\/produto\/encordoamento-violao-aco-010-1a-corda-mi-extra-n500-nig-f108\/","title":{"rendered":"Encordoamento Viol\u00e3o A\u00e7o 010  1\u00aa Corda (m\u00ed) Extra N500 Nig"},"content":{"rendered":"<p>Encordoamento Viol\u00e3o A\u00e7o-Bronze 85\/15 0.010&#8243; \u2013 0.050&#8243; Nig N500 com 1\u00aa Corda Mi Extra<\/p>\n<p>Timbre cristalino, \u00f3tima proje\u00e7\u00e3o e mais durabilidade! O encordoamento Nig N500 \u00e9 fabricado com liga 85\/15 (a\u00e7o-bonze), oferecendo um som brilhante e definido para viol\u00f5es de a\u00e7o. Acompanha 1\u00aa corda Mi extra para mais praticidade no dia a dia.<\/p>\n<p>Detalhes T\u00e9cnicos<br \/>\u2022 \u00a0 \u00a0Marca: Nig Strings<br \/>\u2022 \u00a0 \u00a0Modelo: N500<br \/>\u2022 \u00a0 \u00a0Indica\u00e7\u00e3o: Viol\u00e3o ac\u00fastico (cordas de a\u00e7o)<br \/>\u2022 \u00a0 \u00a0Material: A\u00e7o com revestimento bronze 85\/15<br \/>\u2022 \u00a0 \u00a0Revestimento: Sem revestimento especial<br \/>Espessuras (calibres):<br \/>\u2022 \u00a0 \u00a0E (1\u00aa): 0.010&#8243;<br \/>\u2022 \u00a0 \u00a0B: 0.014&#8243;<br \/>\u2022 \u00a0 \u00a0G: 0.022&#8243;<br \/>\u2022 \u00a0 \u00a0D: 0.030&#8243;<br \/>\u2022 \u00a0 \u00a0A: 0.040&#8243;<br \/>\u2022 \u00a0 \u00a0E (6\u00aa): 0.050&#8243;<br \/>Extras inclusos:<br \/>1 corda Mi (1\u00aa) extra 0.010&#8243;<br \/>Timbre: Brilhante, com bom equil\u00edbrio entre m\u00e9dios e graves<br \/>Origem: Nacional<br \/>Estilos indicados: MPB, Sertanejo, Pop, Folk, Gospel, entre outros<\/p>\n<p>O Encordoamento Nig N500 oferece uma sonoridade clara, com excelente defini\u00e7\u00e3o e conforto ao tocar. Ideal para violonistas que buscam brilho e consist\u00eancia sonora. Com a 1\u00aa corda extra, voc\u00ea garante mais economia e praticidade. Adquira j\u00e1 e valorize cada nota com a qualidade Nig!<\/p>","protected":false},"excerpt":{"rendered":"<p>Encordoamento Viol\u00e3o A\u00e7o-Bronze 85\/15 0.010&#8243; \u2013 0.050&#8243; Nig N500 com 1\u00aa Corda Mi Extra Timbre cristalino, \u00f3tima proje\u00e7\u00e3o e mais durabilidade! O encordoamento Nig N500 \u00e9 fabricado com liga 85\/15 (a\u00e7o-bonze), oferecendo um som brilhante e definido para viol\u00f5es de a\u00e7o. Acompanha 1\u00aa corda Mi extra para mais praticidade no dia a dia. Detalhes T\u00e9cnicos\u2022 [&hellip;]<\/p>\n","protected":false},"featured_media":5023,"comment_status":"open","ping_status":"closed","template":"","meta":{"om_disable_all_campaigns":false,"jetpack_publicize_message":"","jetpack_publicize_feature_enabled":true,"jetpack_social_post_already_shared":true,"jetpack_social_options":{"image_generator_settings":{"template":"highway","default_image_id":0,"font":"","enabled":false},"version":2}},"product_brand":[768],"product_cat":[207,212],"product_tag":[605,751,776,780],"class_list":{"0":"post-5026","1":"product","2":"type-product","3":"status-publish","4":"has-post-thumbnail","6":"product_brand-nig","7":"product_cat-acusticos","8":"product_cat-encordoamentos-aco","9":"product_tag-cordas-de-aco","10":"product_tag-cordas-de-violao-aco","11":"product_tag-encordoamento-de-aco","12":"product_tag-encordoamento-de-violao-aco","14":"first","15":"instock","16":"shipping-taxable","17":"purchasable","18":"product-type-simple"},"aioseo_notices":[],"jetpack_publicize_connections":[],"jetpack_sharing_enabled":true,"_links":{"self":[{"href":"https:\/\/delaet.com.br\/en\/wp-json\/wp\/v2\/product\/5026","targetHints":{"allow":["GET"]}}],"collection":[{"href":"https:\/\/delaet.com.br\/en\/wp-json\/wp\/v2\/product"}],"about":[{"href":"https:\/\/delaet.com.br\/en\/wp-json\/wp\/v2\/types\/product"}],"replies":[{"embeddable":true,"href":"https:\/\/delaet.com.br\/en\/wp-json\/wp\/v2\/comments?post=5026"}],"wp:featuredmedia":[{"embeddable":true,"href":"https:\/\/delaet.com.br\/en\/wp-json\/wp\/v2\/media\/5023"}],"wp:attachment":[{"href":"https:\/\/delaet.com.br\/en\/wp-json\/wp\/v2\/media?parent=5026"}],"wp:term":[{"taxonomy":"product_brand","embeddable":true,"href":"https:\/\/delaet.com.br\/en\/wp-json\/wp\/v2\/product_brand?post=5026"},{"taxonomy":"product_cat","embeddable":true,"href":"https:\/\/delaet.com.br\/en\/wp-json\/wp\/v2\/product_cat?post=5026"},{"taxonomy":"product_tag","embeddable":true,"href":"https:\/\/delaet.com.br\/en\/wp-json\/wp\/v2\/product_tag?post=5026"}],"curies":[{"name":"wp","href":"https:\/\/api.w.org\/{rel}","templated":true}]}}