{"id":5091,"date":"2026-04-20T03:00:01","date_gmt":"2026-04-20T06:00:01","guid":{"rendered":"https:\/\/delaet.com.br\/pt_br\/loja\/produto\/encordoamento-violao-aco-fosforo-bronze-010-npb560-nig-f108\/"},"modified":"2026-04-20T11:09:51","modified_gmt":"2026-04-20T14:09:51","slug":"encordoamento-violao-aco-fosforo-bronze-010-npb560-nig-f108","status":"publish","type":"product","link":"https:\/\/delaet.com.br\/en\/loja\/produto\/encordoamento-violao-aco-fosforo-bronze-010-npb560-nig-f108\/","title":{"rendered":"Encordoamento Viol\u00e3o A\u00e7o F\u00f3sforo Bronze 010 Npb560 Nig"},"content":{"rendered":"<p>Encordoamento Viol\u00e3o A\u00e7o F\u00f3sforo Bronze 0.010&#8243; \u2013 0.047&#8243; Nig NPB560<\/p>\n<p>Sonoridade brilhante e equil\u00edbrio perfeito! O encordoamento Nig NPB560 para viol\u00e3o \u00e9 produzido com a\u00e7o e f\u00f3sforo bronze, proporcionando timbre claro, com \u00f3timos m\u00e9dios e agudos, ideal para m\u00fasicos que buscam qualidade e resist\u00eancia.<\/p>\n<p>Detalhes T\u00e9cnicos<br \/>\u2022 \u00a0 \u00a0Marca: Nig Strings<br \/>\u2022 \u00a0 \u00a0Modelo: NPB560<br \/>\u2022 \u00a0 \u00a0Indica\u00e7\u00e3o: Viol\u00e3o ac\u00fastico<br \/>\u2022 \u00a0 \u00a0Material: A\u00e7o com revestimento em f\u00f3sforo bronze<br \/>Espessuras (calibres):<br \/>\u2022 \u00a0 \u00a0E (1\u00aa): 0.010&#8243;<br \/>\u2022 \u00a0 \u00a0B: 0.014&#8243;<br \/>\u2022 \u00a0 \u00a0G: 0.023&#8243;<br \/>\u2022 \u00a0 \u00a0D: 0.030&#8243;<br \/>\u2022 \u00a0 \u00a0A: 0.039&#8243;<br \/>\u2022 \u00a0 \u00a0E (6\u00aa): 0.047&#8243;<br \/>Timbre: Brilhante, com sustain equilibrado<br \/>Resist\u00eancia: Alta durabilidade contra corros\u00e3o<br \/>Origem: Nacional<br \/>Estilos indicados: MPB, Folk, Pop, Country, Rock ac\u00fastico<\/p>\n<p>O Encordoamento Nig NPB560 \u00e9 perfeito para violonistas que buscam clareza sonora e longa vida \u00fatil nas cordas. Produzido com materiais de qualidade, oferece conforto e defini\u00e7\u00e3o para seus acordes e dedilhados. Garanta j\u00e1 o seu e leve seu som para o pr\u00f3ximo n\u00edvel!<\/p>","protected":false},"excerpt":{"rendered":"<p>Encordoamento Viol\u00e3o A\u00e7o F\u00f3sforo Bronze 0.010&#8243; \u2013 0.047&#8243; Nig NPB560 Sonoridade brilhante e equil\u00edbrio perfeito! O encordoamento Nig NPB560 para viol\u00e3o \u00e9 produzido com a\u00e7o e f\u00f3sforo bronze, proporcionando timbre claro, com \u00f3timos m\u00e9dios e agudos, ideal para m\u00fasicos que buscam qualidade e resist\u00eancia. Detalhes T\u00e9cnicos\u2022 \u00a0 \u00a0Marca: Nig Strings\u2022 \u00a0 \u00a0Modelo: NPB560\u2022 \u00a0 \u00a0Indica\u00e7\u00e3o: [&hellip;]<\/p>\n","protected":false},"featured_media":5088,"comment_status":"open","ping_status":"closed","template":"","meta":{"om_disable_all_campaigns":false,"jetpack_publicize_message":"","jetpack_publicize_feature_enabled":true,"jetpack_social_post_already_shared":true,"jetpack_social_options":{"image_generator_settings":{"template":"highway","default_image_id":0,"font":"","enabled":false},"version":2}},"product_brand":[768],"product_cat":[207,212],"product_tag":[605,751,776,780],"class_list":{"0":"post-5091","1":"product","2":"type-product","3":"status-publish","4":"has-post-thumbnail","6":"product_brand-nig","7":"product_cat-acusticos","8":"product_cat-encordoamentos-aco","9":"product_tag-cordas-de-aco","10":"product_tag-cordas-de-violao-aco","11":"product_tag-encordoamento-de-aco","12":"product_tag-encordoamento-de-violao-aco","14":"first","15":"instock","16":"shipping-taxable","17":"purchasable","18":"product-type-simple"},"aioseo_notices":[],"jetpack_publicize_connections":[],"jetpack_sharing_enabled":true,"_links":{"self":[{"href":"https:\/\/delaet.com.br\/en\/wp-json\/wp\/v2\/product\/5091","targetHints":{"allow":["GET"]}}],"collection":[{"href":"https:\/\/delaet.com.br\/en\/wp-json\/wp\/v2\/product"}],"about":[{"href":"https:\/\/delaet.com.br\/en\/wp-json\/wp\/v2\/types\/product"}],"replies":[{"embeddable":true,"href":"https:\/\/delaet.com.br\/en\/wp-json\/wp\/v2\/comments?post=5091"}],"wp:featuredmedia":[{"embeddable":true,"href":"https:\/\/delaet.com.br\/en\/wp-json\/wp\/v2\/media\/5088"}],"wp:attachment":[{"href":"https:\/\/delaet.com.br\/en\/wp-json\/wp\/v2\/media?parent=5091"}],"wp:term":[{"taxonomy":"product_brand","embeddable":true,"href":"https:\/\/delaet.com.br\/en\/wp-json\/wp\/v2\/product_brand?post=5091"},{"taxonomy":"product_cat","embeddable":true,"href":"https:\/\/delaet.com.br\/en\/wp-json\/wp\/v2\/product_cat?post=5091"},{"taxonomy":"product_tag","embeddable":true,"href":"https:\/\/delaet.com.br\/en\/wp-json\/wp\/v2\/product_tag?post=5091"}],"curies":[{"name":"wp","href":"https:\/\/api.w.org\/{rel}","templated":true}]}}