{"id":5103,"date":"2026-04-20T03:04:51","date_gmt":"2026-04-20T06:04:51","guid":{"rendered":"https:\/\/delaet.com.br\/pt_br\/loja\/produto\/slc-m-encordoamento-solez-violao-nylon-medium-tension-f108\/"},"modified":"2026-04-20T11:06:17","modified_gmt":"2026-04-20T14:06:17","slug":"slc-m-encordoamento-solez-violao-nylon-medium-tension-f108","status":"publish","type":"product","link":"https:\/\/delaet.com.br\/en\/loja\/produto\/slc-m-encordoamento-solez-violao-nylon-medium-tension-f108\/","title":{"rendered":"Slc M &#8211; Encordoamento Solez Violao Nylon Medium Tension"},"content":{"rendered":"<p>ENC VIOLAO NYLON TENSAO MEDIA SLC M SOLEZ<\/p>\n<p>O Encordoamento de Viol\u00e3o Nylon Tens\u00e3o M\u00e9dia SLC M da Solez \u00e9 projetado para oferecer um equil\u00edbrio entre tocabilidade confort\u00e1vel e preserva\u00e7\u00e3o do timbre do instrumento. As cordas primas s\u00e3o confeccionadas com monofilamento de nylon e tit\u00e2nio, proporcionando maior proje\u00e7\u00e3o e brilho em rela\u00e7\u00e3o aos monofilamentos comuns.\u00a0<\/p>\n<p>Caracter\u00edsticas principais:<br \/>\u2022 \u00a0 \u00a0Tens\u00e3o M\u00e9dia: Oferece tocabilidade confort\u00e1vel, equilibrando proje\u00e7\u00e3o e brilho do som.<br \/>\u2022 \u00a0 \u00a0Cordas Primas de Alta Qualidade: Monofilamento de nylon\/tit\u00e2nio para maior proje\u00e7\u00e3o e brilho.<br \/>\u2022 \u00a0 \u00a0Bord\u00f5es Balanceados: Projetados para harmonizar com as cordas primas, garantindo equil\u00edbrio tonal.<\/p>\n<p>Este encordoamento \u00e9 ideal para violonistas que buscam versatilidade e qualidade sonora em diversos g\u00eaneros musicais.<\/p>","protected":false},"excerpt":{"rendered":"<p>ENC VIOLAO NYLON TENSAO MEDIA SLC M SOLEZ O Encordoamento de Viol\u00e3o Nylon Tens\u00e3o M\u00e9dia SLC M da Solez \u00e9 projetado para oferecer um equil\u00edbrio entre tocabilidade confort\u00e1vel e preserva\u00e7\u00e3o do timbre do instrumento. As cordas primas s\u00e3o confeccionadas com monofilamento de nylon e tit\u00e2nio, proporcionando maior proje\u00e7\u00e3o e brilho em rela\u00e7\u00e3o aos monofilamentos comuns.\u00a0 [&hellip;]<\/p>\n","protected":false},"featured_media":5102,"comment_status":"open","ping_status":"closed","template":"","meta":{"om_disable_all_campaigns":false,"jetpack_publicize_message":"","jetpack_publicize_feature_enabled":true,"jetpack_social_post_already_shared":true,"jetpack_social_options":{"image_generator_settings":{"template":"highway","default_image_id":0,"font":"","enabled":false},"version":2}},"product_brand":[773],"product_cat":[207,211],"product_tag":[617,750,616,615],"class_list":{"0":"post-5103","1":"product","2":"type-product","3":"status-publish","4":"has-post-thumbnail","6":"product_brand-solez","7":"product_cat-acusticos","8":"product_cat-encordoamentos-nylon","9":"product_tag-cordas-de-nylon","10":"product_tag-cordas-de-violao-classico","11":"product_tag-encordoamento-de-nylon","12":"product_tag-encordoamento-para-violao-nylon","14":"first","15":"instock","16":"shipping-taxable","17":"purchasable","18":"product-type-simple"},"aioseo_notices":[],"jetpack_publicize_connections":[],"jetpack_sharing_enabled":true,"_links":{"self":[{"href":"https:\/\/delaet.com.br\/en\/wp-json\/wp\/v2\/product\/5103","targetHints":{"allow":["GET"]}}],"collection":[{"href":"https:\/\/delaet.com.br\/en\/wp-json\/wp\/v2\/product"}],"about":[{"href":"https:\/\/delaet.com.br\/en\/wp-json\/wp\/v2\/types\/product"}],"replies":[{"embeddable":true,"href":"https:\/\/delaet.com.br\/en\/wp-json\/wp\/v2\/comments?post=5103"}],"wp:featuredmedia":[{"embeddable":true,"href":"https:\/\/delaet.com.br\/en\/wp-json\/wp\/v2\/media\/5102"}],"wp:attachment":[{"href":"https:\/\/delaet.com.br\/en\/wp-json\/wp\/v2\/media?parent=5103"}],"wp:term":[{"taxonomy":"product_brand","embeddable":true,"href":"https:\/\/delaet.com.br\/en\/wp-json\/wp\/v2\/product_brand?post=5103"},{"taxonomy":"product_cat","embeddable":true,"href":"https:\/\/delaet.com.br\/en\/wp-json\/wp\/v2\/product_cat?post=5103"},{"taxonomy":"product_tag","embeddable":true,"href":"https:\/\/delaet.com.br\/en\/wp-json\/wp\/v2\/product_tag?post=5103"}],"curies":[{"name":"wp","href":"https:\/\/api.w.org\/{rel}","templated":true}]}}