{"id":653,"date":"2026-04-10T19:26:35","date_gmt":"2026-04-10T22:26:35","guid":{"rendered":"https:\/\/delaet.com.br\/pt_br\/loja\/produto\/2-cabos-pedais-2-p10-em-l-10cm-custom-daddario-pw-fprr-204-f035\/"},"modified":"2026-04-16T08:33:54","modified_gmt":"2026-04-16T11:33:54","slug":"2-cabos-pedais-2-p10-em-l-10cm-custom-daddario-pw-fprr-204-f035","status":"publish","type":"product","link":"https:\/\/delaet.com.br\/en\/loja\/produto\/2-cabos-pedais-2-p10-em-l-10cm-custom-daddario-pw-fprr-204-f035\/","title":{"rendered":"2 Cabos Pedais 2 P10 Em L 10cm Custom D\u00b4Addario PW-FPRR-204"},"content":{"rendered":"<p>Os Cabos Flat Patch da S\u00e9rie Custom da DAddario ajudam a otimizar o espa\u00e7o no pedalboard, permitindo a coloca\u00e7\u00e3o dos pedais mais pr\u00f3ximos, enquanto transferem com precis\u00e3o os detalhes sutis do seu som. Esses cabos possuem um condutor coaxial de cobre livre de oxig\u00eanio com duas camadas de blindagem para rejei\u00e7\u00e3o de ru\u00eddos, formulados para capacit\u00e2ncia extremamente baixa, de modo que o brilho, presen\u00e7a e car\u00e1ter do seu instrumento sejam transmitidos com a m\u00e1xima transpar\u00eancia. Os plugs dos Flat Patch Cables apresentam a ponta patenteada Geo-Tip, que garante uma conex\u00e3o segura com qualquer instrumento, pedal ou amplificador. Pontos de solda encapsulados e al\u00edvio de tens\u00e3o moldado se combinam para proporcionar o cabo patch definitivo, de alta performance e longa durabilidade. &#8211; Design de plugue angulado para otimizar o espa\u00e7o no seu pedalboard &#8211; Plugues com a ponta patenteada Geo-Tip para conex\u00e3o segura &#8211; Comprimento: 10,16cm Kit 2 Cabos Para Pedais Com 2 Plugues Angulados 10cm S\u00e9rie Flat Patch Linha Custom DAddario PW-FPRR-204 <\/p>\n<p>Comprimento do cabo:10cm<br \/>Condi\u00e7\u00e3o do \u00edtem:Novo<br \/>Conector de entrada:P10<br \/>Conector de sa\u00edda:P10<br \/>Cor:Preto<br \/>Fonte do Produto:Importado<br \/>G\u00eanero:Unissex<br \/>Linha:Custom<br \/>Material:Metal, Borracha<br \/>Origem:China<br \/>Quantidade de conectores de entrada:1<br \/>Quantidade de conectores de sa\u00edda:1<br \/>SKU:032627<br \/>Unidade de Comprimento do cabo:Cent\u00edmetros<br \/>Unidades por Embalagem:1<br \/>\u00c9 kit:Sim<br \/>Tipo de cabo e adaptador:P10<\/p>\n<p><\/p>","protected":false},"excerpt":{"rendered":"<p>Os Cabos Flat Patch da S\u00e9rie Custom da DAddario ajudam a otimizar o espa\u00e7o no pedalboard, permitindo a coloca\u00e7\u00e3o dos pedais mais pr\u00f3ximos, enquanto transferem com precis\u00e3o os detalhes sutis do seu som. Esses cabos possuem um condutor coaxial de cobre livre de oxig\u00eanio com duas camadas de blindagem para rejei\u00e7\u00e3o de ru\u00eddos, formulados para [&hellip;]<\/p>\n","protected":false},"featured_media":2294,"comment_status":"open","ping_status":"closed","template":"","meta":{"om_disable_all_campaigns":false,"_monsterinsights_skip_tracking":false,"_monsterinsights_sitenote_active":false,"_monsterinsights_sitenote_note":"","_monsterinsights_sitenote_category":0,"jetpack_publicize_message":"","jetpack_publicize_feature_enabled":true,"jetpack_social_post_already_shared":false,"jetpack_social_options":{"image_generator_settings":{"template":"highway","default_image_id":0,"font":"","enabled":false},"version":2}},"product_brand":[160],"product_cat":[96,97],"product_tag":[731,730,729],"class_list":{"0":"post-653","1":"product","2":"type-product","3":"status-publish","4":"has-post-thumbnail","6":"product_brand-daddario","7":"product_cat-acessorios","8":"product_cat-cabos","9":"product_tag-cabos-de-interligacao","10":"product_tag-conectores-pedais","11":"product_tag-kit-cabos-para-pedais","13":"first","14":"instock","15":"shipping-taxable","16":"purchasable","17":"product-type-simple"},"aioseo_notices":[],"jetpack_publicize_connections":[],"jetpack_sharing_enabled":true,"_links":{"self":[{"href":"https:\/\/delaet.com.br\/en\/wp-json\/wp\/v2\/product\/653","targetHints":{"allow":["GET"]}}],"collection":[{"href":"https:\/\/delaet.com.br\/en\/wp-json\/wp\/v2\/product"}],"about":[{"href":"https:\/\/delaet.com.br\/en\/wp-json\/wp\/v2\/types\/product"}],"replies":[{"embeddable":true,"href":"https:\/\/delaet.com.br\/en\/wp-json\/wp\/v2\/comments?post=653"}],"wp:featuredmedia":[{"embeddable":true,"href":"https:\/\/delaet.com.br\/en\/wp-json\/wp\/v2\/media\/2294"}],"wp:attachment":[{"href":"https:\/\/delaet.com.br\/en\/wp-json\/wp\/v2\/media?parent=653"}],"wp:term":[{"taxonomy":"product_brand","embeddable":true,"href":"https:\/\/delaet.com.br\/en\/wp-json\/wp\/v2\/product_brand?post=653"},{"taxonomy":"product_cat","embeddable":true,"href":"https:\/\/delaet.com.br\/en\/wp-json\/wp\/v2\/product_cat?post=653"},{"taxonomy":"product_tag","embeddable":true,"href":"https:\/\/delaet.com.br\/en\/wp-json\/wp\/v2\/product_tag?post=653"}],"curies":[{"name":"wp","href":"https:\/\/api.w.org\/{rel}","templated":true}]}}