{"id":669,"date":"2026-04-10T21:16:54","date_gmt":"2026-04-11T00:16:54","guid":{"rendered":"https:\/\/delaet.com.br\/pt_br\/loja\/produto\/afinador-cromatico-para-violino-d-addario-micro-pw-ct-14-f035\/"},"modified":"2026-04-17T19:53:52","modified_gmt":"2026-04-17T22:53:52","slug":"afinador-cromatico-para-violino-d-addario-micro-pw-ct-14-f035","status":"publish","type":"product","link":"https:\/\/delaet.com.br\/en\/loja\/produto\/afinador-cromatico-para-violino-d-addario-micro-pw-ct-14-f035\/","title":{"rendered":"Afinador Crom\u00e1tico Para Violino D\u00b4Addario Micro PW-CT-14"},"content":{"rendered":"<p>O afinador Micro para Violino apresenta um visor multicolorido de f\u00e1cil leitura, design atrativo e compacto. Seu clamp \u00e9 fixado ao instrumento com firmeza e seguran\u00e7a, permitindo f\u00e1cil instala\u00e7\u00e3o e remo\u00e7\u00e3o. Com alta capacidade de precis\u00e3o, seu sistema \u00fanico de montagem e resposta r\u00e1pida de afina\u00e7\u00e3o possibilita aplica\u00e7\u00e3o ao vivo ou em pr\u00e1ticas de estudo, fazendo do Micro uma ferramenta de refer\u00eancia did\u00e1tica e aprimoramento da performance.<\/p>\n<p>&#8211; Tela LCD extra brilhante<br \/>\n&#8211; Calibragem de afina\u00e7\u00e3o de 410 a 480Hz<\/p>\n<p>Origem:China<br \/> Cor:Preto<br \/> Unidades por Embalagem:1<br \/> G\u00eanero:Unissex<br \/> Linha:Micro Violin<br \/> Tipo de afinador:Crom\u00e1tico<br \/> Formato do afinador:De Clipe<br \/> Frequ\u00eancia m\u00ednima:410Hz<br \/> Frequ\u00eancia m\u00e1xima:480Hz<br \/> Com tela:Sim<br \/> \u00c9 ajust\u00e1vel:Sim<br \/> Modelo:PW-CT-14<br \/> Marca:DAddario Acess\u00f3rios<br \/> Tipo de alimenta\u00e7\u00e3o:CR2032<\/p>\n<p> Condi\u00e7\u00e3o:Novo<br \/> C\u00f3digo Universal do Produto:0019954909666<br \/> MPN:PW-CT-14<br \/> Material:Pl\u00e1stico<br \/> SKU:026834<br \/> Unidades por embalagem:1<br \/> \u00c9 kit:N\u00e3o<br \/> Instrumento Recomendado:Violino<\/p>\n<p><\/p>","protected":false},"excerpt":{"rendered":"<p>O afinador Micro para Violino apresenta um visor multicolorido de f\u00e1cil leitura, design atrativo e compacto. Seu clamp \u00e9 fixado ao instrumento com firmeza e seguran\u00e7a, permitindo f\u00e1cil instala\u00e7\u00e3o e remo\u00e7\u00e3o. Com alta capacidade de precis\u00e3o, seu sistema \u00fanico de montagem e resposta r\u00e1pida de afina\u00e7\u00e3o possibilita aplica\u00e7\u00e3o ao vivo ou em pr\u00e1ticas de estudo, [&hellip;]<\/p>\n","protected":false},"featured_media":2309,"comment_status":"open","ping_status":"closed","template":"","meta":{"om_disable_all_campaigns":false,"jetpack_publicize_message":"","jetpack_publicize_feature_enabled":true,"jetpack_social_post_already_shared":false,"jetpack_social_options":{"image_generator_settings":{"template":"highway","default_image_id":0,"font":"","enabled":false},"version":2}},"product_brand":[160],"product_cat":[96,109],"product_tag":[200],"class_list":{"0":"post-669","1":"product","2":"type-product","3":"status-publish","4":"has-post-thumbnail","6":"product_brand-daddario","7":"product_cat-acessorios","8":"product_cat-afinadores","9":"product_tag-afinador","11":"first","12":"instock","13":"shipping-taxable","14":"purchasable","15":"product-type-simple"},"aioseo_notices":[],"jetpack_publicize_connections":[],"jetpack_sharing_enabled":true,"_links":{"self":[{"href":"https:\/\/delaet.com.br\/en\/wp-json\/wp\/v2\/product\/669","targetHints":{"allow":["GET"]}}],"collection":[{"href":"https:\/\/delaet.com.br\/en\/wp-json\/wp\/v2\/product"}],"about":[{"href":"https:\/\/delaet.com.br\/en\/wp-json\/wp\/v2\/types\/product"}],"replies":[{"embeddable":true,"href":"https:\/\/delaet.com.br\/en\/wp-json\/wp\/v2\/comments?post=669"}],"wp:featuredmedia":[{"embeddable":true,"href":"https:\/\/delaet.com.br\/en\/wp-json\/wp\/v2\/media\/2309"}],"wp:attachment":[{"href":"https:\/\/delaet.com.br\/en\/wp-json\/wp\/v2\/media?parent=669"}],"wp:term":[{"taxonomy":"product_brand","embeddable":true,"href":"https:\/\/delaet.com.br\/en\/wp-json\/wp\/v2\/product_brand?post=669"},{"taxonomy":"product_cat","embeddable":true,"href":"https:\/\/delaet.com.br\/en\/wp-json\/wp\/v2\/product_cat?post=669"},{"taxonomy":"product_tag","embeddable":true,"href":"https:\/\/delaet.com.br\/en\/wp-json\/wp\/v2\/product_tag?post=669"}],"curies":[{"name":"wp","href":"https:\/\/api.w.org\/{rel}","templated":true}]}}