{"id":730,"date":"2026-04-10T21:19:28","date_gmt":"2026-04-11T00:19:28","guid":{"rendered":"https:\/\/delaet.com.br\/pt_br\/loja\/produto\/cabo-instrumentos-tecido-d-addario-custom-braided-pw-bg-15bk-f035\/"},"modified":"2026-04-13T11:29:57","modified_gmt":"2026-04-13T14:29:57","slug":"cabo-instrumentos-tecido-d-addario-custom-braided-pw-bg-15bk-f035","status":"publish","type":"product","link":"https:\/\/delaet.com.br\/en\/loja\/produto\/cabo-instrumentos-tecido-d-addario-custom-braided-pw-bg-15bk-f035\/","title":{"rendered":"Cabo Instrumentos Tecido D\u00b4Addario Custom Braided PW-BG-15BK"},"content":{"rendered":"<p>Os cabos da s\u00e9rie Custom Braided D Addario utilizam condutores de cobre 14AWG ultrafinos de alta qualidade, qualidade, para m\u00e1xima transfer\u00eancia de sinal e flexibilidade. Pontos de solda encapsulados e impenetr\u00e1veis, moldados com revestimento duplo flexiveis, proporcionam m\u00e1xima durabilidade e confiabilidade. Nossos exclusivos conectores moldados D Addario proporcionam protecao extra com resist\u00eancia e flexibilidade incompar\u00e1vel.<\/p>\n<p>Origem:Taiwan<br \/> Cor:Preto<br \/> Unidades por Embalagem:1<br \/> G\u00eanero:Unissex<br \/> Material:Alum\u00ednio\/Cobre\/Malha-T\u00eaxtil<br \/> Linha:Custom Series<br \/> Conector de entrada:P10<br \/> Conector de sa\u00edda:P10<br \/> Comprimento do cabo:4,57<br \/> Unidade de Comprimento do cabo:m<br \/> Quantidade de conectores de entrada:1<br \/> Quantidade de conectores de sa\u00edda:1<\/p>\n<p><\/p>","protected":false},"excerpt":{"rendered":"<p>Os cabos da s\u00e9rie Custom Braided D Addario utilizam condutores de cobre 14AWG ultrafinos de alta qualidade, qualidade, para m\u00e1xima transfer\u00eancia de sinal e flexibilidade. Pontos de solda encapsulados e impenetr\u00e1veis, moldados com revestimento duplo flexiveis, proporcionam m\u00e1xima durabilidade e confiabilidade. Nossos exclusivos conectores moldados D Addario proporcionam protecao extra com resist\u00eancia e flexibilidade incompar\u00e1vel. [&hellip;]<\/p>\n","protected":false},"featured_media":2428,"comment_status":"open","ping_status":"closed","template":"","meta":{"om_disable_all_campaigns":false,"_monsterinsights_skip_tracking":false,"_monsterinsights_sitenote_active":false,"_monsterinsights_sitenote_note":"","_monsterinsights_sitenote_category":0,"jetpack_publicize_message":"","jetpack_publicize_feature_enabled":true,"jetpack_social_post_already_shared":false,"jetpack_social_options":{"image_generator_settings":{"template":"highway","default_image_id":0,"font":"","enabled":false},"version":2}},"product_brand":[160],"product_cat":[96,97],"product_tag":[184,188,190,187,186,189],"class_list":{"0":"post-730","1":"product","2":"type-product","3":"status-publish","4":"has-post-thumbnail","6":"product_brand-daddario","7":"product_cat-acessorios","8":"product_cat-cabos","9":"product_tag-cabo","10":"product_tag-cabo-baixo","11":"product_tag-cabo-de-tecido","12":"product_tag-cabo-guitarra","13":"product_tag-cabo-instrumento-musical","14":"product_tag-cabo-violao","16":"first","17":"instock","18":"shipping-taxable","19":"purchasable","20":"product-type-simple"},"aioseo_notices":[],"jetpack_publicize_connections":[],"jetpack_sharing_enabled":true,"_links":{"self":[{"href":"https:\/\/delaet.com.br\/en\/wp-json\/wp\/v2\/product\/730","targetHints":{"allow":["GET"]}}],"collection":[{"href":"https:\/\/delaet.com.br\/en\/wp-json\/wp\/v2\/product"}],"about":[{"href":"https:\/\/delaet.com.br\/en\/wp-json\/wp\/v2\/types\/product"}],"replies":[{"embeddable":true,"href":"https:\/\/delaet.com.br\/en\/wp-json\/wp\/v2\/comments?post=730"}],"wp:featuredmedia":[{"embeddable":true,"href":"https:\/\/delaet.com.br\/en\/wp-json\/wp\/v2\/media\/2428"}],"wp:attachment":[{"href":"https:\/\/delaet.com.br\/en\/wp-json\/wp\/v2\/media?parent=730"}],"wp:term":[{"taxonomy":"product_brand","embeddable":true,"href":"https:\/\/delaet.com.br\/en\/wp-json\/wp\/v2\/product_brand?post=730"},{"taxonomy":"product_cat","embeddable":true,"href":"https:\/\/delaet.com.br\/en\/wp-json\/wp\/v2\/product_cat?post=730"},{"taxonomy":"product_tag","embeddable":true,"href":"https:\/\/delaet.com.br\/en\/wp-json\/wp\/v2\/product_tag?post=730"}],"curies":[{"name":"wp","href":"https:\/\/api.w.org\/{rel}","templated":true}]}}