{"id":737,"date":"2026-04-10T21:19:57","date_gmt":"2026-04-11T00:19:57","guid":{"rendered":"https:\/\/delaet.com.br\/pt_br\/loja\/produto\/cabo-para-instrumentos-609m-d-addario-custom-pw-g-20-f035\/"},"modified":"2026-04-15T13:13:43","modified_gmt":"2026-04-15T16:13:43","slug":"cabo-para-instrumentos-609m-d-addario-custom-pw-g-20-f035","status":"publish","type":"product","link":"https:\/\/delaet.com.br\/en\/loja\/produto\/cabo-para-instrumentos-609m-d-addario-custom-pw-g-20-f035\/","title":{"rendered":"Cabo Para Instrumentos 6,09m D\u00b4Addario Custom PW-G-20"},"content":{"rendered":"<p>Os cabos de instrumentos da s\u00e9rie Custom D Addario utilizam condutores de cobre puro e livres de oxig\u00eanio, com baixa capacit\u00e2ncia e sonoridade limpa. Pontos de solda encapsulados e impenetr\u00e1veis, moldados com revestimento duplo flex\u00edveis, proporcionam m\u00e1xima durabilidade e confiabilidade, te deixando livre de preocupa\u00e7\u00f5es. Duas camadas de blindagem proporcionam 100% de cobertura para isolamento total e rejei\u00e7\u00e3o de ru\u00eddo, tornando este um cabo de alto desempenho.<\/p>\n<p>Origem:Taiwan<br \/> Cor:Preto<br \/> Unidades por Embalagem:1<br \/> G\u00eanero:Unissex<br \/> Material:Alum\u00ednio\/Cobre\/PVC-Emborrachado<br \/> Linha:Custom Series<br \/> Conector de entrada:P10<br \/> Conector de sa\u00edda:P10<br \/> Comprimento do cabo:6,09<br \/> Unidade de Comprimento do cabo:m<br \/> Quantidade de conectores de entrada:1<br \/> Quantidade de conectores de sa\u00edda:1<\/p>\n<p><\/p>","protected":false},"excerpt":{"rendered":"<p>Os cabos de instrumentos da s\u00e9rie Custom D Addario utilizam condutores de cobre puro e livres de oxig\u00eanio, com baixa capacit\u00e2ncia e sonoridade limpa. Pontos de solda encapsulados e impenetr\u00e1veis, moldados com revestimento duplo flex\u00edveis, proporcionam m\u00e1xima durabilidade e confiabilidade, te deixando livre de preocupa\u00e7\u00f5es. Duas camadas de blindagem proporcionam 100% de cobertura para isolamento [&hellip;]<\/p>\n","protected":false},"featured_media":2440,"comment_status":"open","ping_status":"closed","template":"","meta":{"om_disable_all_campaigns":false,"_monsterinsights_skip_tracking":false,"_monsterinsights_sitenote_active":false,"_monsterinsights_sitenote_note":"","_monsterinsights_sitenote_category":0,"jetpack_publicize_message":"","jetpack_publicize_feature_enabled":true,"jetpack_social_post_already_shared":false,"jetpack_social_options":{"image_generator_settings":{"template":"highway","default_image_id":0,"font":"","enabled":false},"version":2}},"product_brand":[160],"product_cat":[96,97],"product_tag":[184,726,728],"class_list":{"0":"post-737","1":"product","2":"type-product","3":"status-publish","4":"has-post-thumbnail","6":"product_brand-daddario","7":"product_cat-acessorios","8":"product_cat-cabos","9":"product_tag-cabo","10":"product_tag-cabo-p10","11":"product_tag-cabo-para-instrumentos-musicais","13":"first","14":"instock","15":"shipping-taxable","16":"purchasable","17":"product-type-simple"},"aioseo_notices":[],"jetpack_publicize_connections":[],"jetpack_sharing_enabled":true,"_links":{"self":[{"href":"https:\/\/delaet.com.br\/en\/wp-json\/wp\/v2\/product\/737","targetHints":{"allow":["GET"]}}],"collection":[{"href":"https:\/\/delaet.com.br\/en\/wp-json\/wp\/v2\/product"}],"about":[{"href":"https:\/\/delaet.com.br\/en\/wp-json\/wp\/v2\/types\/product"}],"replies":[{"embeddable":true,"href":"https:\/\/delaet.com.br\/en\/wp-json\/wp\/v2\/comments?post=737"}],"wp:featuredmedia":[{"embeddable":true,"href":"https:\/\/delaet.com.br\/en\/wp-json\/wp\/v2\/media\/2440"}],"wp:attachment":[{"href":"https:\/\/delaet.com.br\/en\/wp-json\/wp\/v2\/media?parent=737"}],"wp:term":[{"taxonomy":"product_brand","embeddable":true,"href":"https:\/\/delaet.com.br\/en\/wp-json\/wp\/v2\/product_brand?post=737"},{"taxonomy":"product_cat","embeddable":true,"href":"https:\/\/delaet.com.br\/en\/wp-json\/wp\/v2\/product_cat?post=737"},{"taxonomy":"product_tag","embeddable":true,"href":"https:\/\/delaet.com.br\/en\/wp-json\/wp\/v2\/product_tag?post=737"}],"curies":[{"name":"wp","href":"https:\/\/api.w.org\/{rel}","templated":true}]}}