{"id":742,"date":"2026-04-10T21:20:17","date_gmt":"2026-04-11T00:20:17","guid":{"rendered":"https:\/\/delaet.com.br\/pt_br\/loja\/produto\/cabo-pedais-91cm-plug-90o-d-addario-classic-pw-cgtpra-03-f035\/"},"modified":"2026-04-13T11:27:57","modified_gmt":"2026-04-13T14:27:57","slug":"cabo-pedais-91cm-plug-90o-d-addario-classic-pw-cgtpra-03-f035","status":"publish","type":"product","link":"https:\/\/delaet.com.br\/en\/loja\/produto\/cabo-pedais-91cm-plug-90o-d-addario-classic-pw-cgtpra-03-f035\/","title":{"rendered":"Cabo Pedais 91cm (Plug 90\u00ba) D\u00b4Addario Classic PW-CGTPRA-03"},"content":{"rendered":"<p>Os cabos D Addario Classic utilizam condutores de cobre puro, livres de oxig\u00e9nio, baixa capacit\u00e2ncia e sonoridade limpa. Seu plugue moldado em um revestimento \u00fanico e flex\u00edvel, proporciona durabilidade e confiabilidade para te deixar livre de preocupa\u00e7\u00f5es, com blindagem 90% em espiral elimina todo tipo de ru\u00eddo no manuseio.<\/p>\n<p>Origem:Taiwan<br \/> Cor:Preto<br \/> Unidades por Embalagem:10 plugues, 1 cabo, 1 cortador<br \/> G\u00eanero:Unissex<br \/> Material:Alum\u00ednio\/Cobre\/PVC-Emborrachado<br \/> Linha:Classic Series<br \/> Conector de entrada:P10<br \/> Conector de sa\u00edda:P10<br \/> Comprimento do cabo:91<br \/> Unidade de Comprimento do cabo:cm<br \/> Quantidade de conectores de entrada:1<br \/> Quantidade de conectores de sa\u00edda:1<\/p>\n<p><\/p>","protected":false},"excerpt":{"rendered":"<p>Os cabos D Addario Classic utilizam condutores de cobre puro, livres de oxig\u00e9nio, baixa capacit\u00e2ncia e sonoridade limpa. Seu plugue moldado em um revestimento \u00fanico e flex\u00edvel, proporciona durabilidade e confiabilidade para te deixar livre de preocupa\u00e7\u00f5es, com blindagem 90% em espiral elimina todo tipo de ru\u00eddo no manuseio. Origem:Taiwan Cor:Preto Unidades por Embalagem:10 plugues, [&hellip;]<\/p>\n","protected":false},"featured_media":2443,"comment_status":"open","ping_status":"closed","template":"","meta":{"om_disable_all_campaigns":false,"_monsterinsights_skip_tracking":false,"_monsterinsights_sitenote_active":false,"_monsterinsights_sitenote_note":"","_monsterinsights_sitenote_category":0,"jetpack_publicize_message":"","jetpack_publicize_feature_enabled":true,"jetpack_social_post_already_shared":false,"jetpack_social_options":{"image_generator_settings":{"template":"highway","default_image_id":0,"font":"","enabled":false},"version":2}},"product_brand":[160],"product_cat":[96,97],"product_tag":[184,727,726,725],"class_list":{"0":"post-742","1":"product","2":"type-product","3":"status-publish","4":"has-post-thumbnail","6":"product_brand-daddario","7":"product_cat-acessorios","8":"product_cat-cabos","9":"product_tag-cabo","10":"product_tag-cabo-de-interligacao","11":"product_tag-cabo-p10","12":"product_tag-cabo-para-pedais","14":"first","15":"instock","16":"shipping-taxable","17":"purchasable","18":"product-type-simple"},"aioseo_notices":[],"jetpack_publicize_connections":[],"jetpack_sharing_enabled":true,"_links":{"self":[{"href":"https:\/\/delaet.com.br\/en\/wp-json\/wp\/v2\/product\/742","targetHints":{"allow":["GET"]}}],"collection":[{"href":"https:\/\/delaet.com.br\/en\/wp-json\/wp\/v2\/product"}],"about":[{"href":"https:\/\/delaet.com.br\/en\/wp-json\/wp\/v2\/types\/product"}],"replies":[{"embeddable":true,"href":"https:\/\/delaet.com.br\/en\/wp-json\/wp\/v2\/comments?post=742"}],"wp:featuredmedia":[{"embeddable":true,"href":"https:\/\/delaet.com.br\/en\/wp-json\/wp\/v2\/media\/2443"}],"wp:attachment":[{"href":"https:\/\/delaet.com.br\/en\/wp-json\/wp\/v2\/media?parent=742"}],"wp:term":[{"taxonomy":"product_brand","embeddable":true,"href":"https:\/\/delaet.com.br\/en\/wp-json\/wp\/v2\/product_brand?post=742"},{"taxonomy":"product_cat","embeddable":true,"href":"https:\/\/delaet.com.br\/en\/wp-json\/wp\/v2\/product_cat?post=742"},{"taxonomy":"product_tag","embeddable":true,"href":"https:\/\/delaet.com.br\/en\/wp-json\/wp\/v2\/product_tag?post=742"}],"curies":[{"name":"wp","href":"https:\/\/api.w.org\/{rel}","templated":true}]}}