{"id":765,"date":"2026-04-10T21:21:50","date_gmt":"2026-04-11T00:21:50","guid":{"rendered":"https:\/\/delaet.com.br\/pt_br\/loja\/produto\/cavalete-para-violino-4-4-teller-2-estrelas-f035\/"},"modified":"2026-04-16T15:07:24","modified_gmt":"2026-04-16T18:07:24","slug":"cavalete-para-violino-4-4-teller-2-estrelas-f035","status":"publish","type":"product","link":"https:\/\/delaet.com.br\/en\/loja\/produto\/cavalete-para-violino-4-4-teller-2-estrelas-f035\/","title":{"rendered":"Cavalete Para Violino 4\/4 Teller 2 Estrelas"},"content":{"rendered":"<p>A fam\u00edlia Teller \u00e9 tradicional na fabrica\u00e7\u00e3o de cavaletes desde o s\u00e9culo XVIII.<br \/>\nSua tradi\u00e7\u00e3o em qualidade, alinhada ao amor pelo trabalho, faz com que os cavaletes Teller sejam considerados os melhores do mundo e os preferidos entre os m\u00fasicos.<br \/>\nCom suas pernas mais longas, o Teller 2 Estrelas, com corte belga, permite ao m\u00fasico extrair uma resposta mais direta de seu instrumento, oferecendo sonoridade viva e quente.<br \/>\nA madeira utilizada na fabrica\u00e7\u00e3o do Josef Teller 1986 Germany \u00e9 o maple, coletado nas montanhas da B\u00f3snia e amadurecido de forma natural.<br \/>\nAs estrelas representam a qualidade, a idade da madeira e o tempo de secagem.<br \/>\nCavalete para violino 4\/4<br \/>\nJosef Teller 1986 Germany &#8211; 2 Estrelas<br \/>\nCorte belga<br \/>\nFabricado na Alemanha<br \/>\nMedida total entre os p\u00e9s: 41 mm<\/p>\n<p>\u00c9 kit:N\u00e3o<br \/> Material:Madeira<br \/> Instrumento recomendado:Violino<br \/> Unidades por Embalagem:1<\/p>\n<p> Condi\u00e7\u00e3o do item:Novo<br \/> Fonte do Produto:Importado<br \/> G\u00eanero:Unissex<br \/> Marca:Teller<br \/> Modelo:0109-4\/4<br \/> Origem:Alemanha<br \/> SKU:020676<br \/> C\u00f3digo de Barras:020676<br \/> N\u00famero de pe\u00e7a:0109-4\/4<br \/> Comprimento da embalagem:26 cm<br \/> Largura da embalagem:24 cm<br \/> Altura da embalagem:2 cm<br \/> Peso da embalagem:10 g<br \/> Tipo da embalagem:Sem embalagem adicional<\/p>\n<p><\/p>","protected":false},"excerpt":{"rendered":"<p>A fam\u00edlia Teller \u00e9 tradicional na fabrica\u00e7\u00e3o de cavaletes desde o s\u00e9culo XVIII. Sua tradi\u00e7\u00e3o em qualidade, alinhada ao amor pelo trabalho, faz com que os cavaletes Teller sejam considerados os melhores do mundo e os preferidos entre os m\u00fasicos. Com suas pernas mais longas, o Teller 2 Estrelas, com corte belga, permite ao m\u00fasico [&hellip;]<\/p>\n","protected":false},"featured_media":2459,"comment_status":"open","ping_status":"closed","template":"","meta":{"om_disable_all_campaigns":false,"jetpack_publicize_message":"","jetpack_publicize_feature_enabled":true,"jetpack_social_post_already_shared":false,"jetpack_social_options":{"image_generator_settings":{"template":"highway","default_image_id":0,"font":"","enabled":false},"version":2}},"product_brand":[166],"product_cat":[229,210],"product_tag":[722,723],"class_list":{"0":"post-765","1":"product","2":"type-product","3":"status-publish","4":"has-post-thumbnail","6":"product_brand-teller","7":"product_cat-cavaletes-friccionadas","8":"product_cat-friccionadas","9":"product_tag-cavalete","10":"product_tag-cavalete-teller","12":"first","13":"instock","14":"sale","15":"shipping-taxable","16":"purchasable","17":"product-type-simple"},"aioseo_notices":[],"jetpack_publicize_connections":[],"jetpack_sharing_enabled":true,"_links":{"self":[{"href":"https:\/\/delaet.com.br\/en\/wp-json\/wp\/v2\/product\/765","targetHints":{"allow":["GET"]}}],"collection":[{"href":"https:\/\/delaet.com.br\/en\/wp-json\/wp\/v2\/product"}],"about":[{"href":"https:\/\/delaet.com.br\/en\/wp-json\/wp\/v2\/types\/product"}],"replies":[{"embeddable":true,"href":"https:\/\/delaet.com.br\/en\/wp-json\/wp\/v2\/comments?post=765"}],"wp:featuredmedia":[{"embeddable":true,"href":"https:\/\/delaet.com.br\/en\/wp-json\/wp\/v2\/media\/2459"}],"wp:attachment":[{"href":"https:\/\/delaet.com.br\/en\/wp-json\/wp\/v2\/media?parent=765"}],"wp:term":[{"taxonomy":"product_brand","embeddable":true,"href":"https:\/\/delaet.com.br\/en\/wp-json\/wp\/v2\/product_brand?post=765"},{"taxonomy":"product_cat","embeddable":true,"href":"https:\/\/delaet.com.br\/en\/wp-json\/wp\/v2\/product_cat?post=765"},{"taxonomy":"product_tag","embeddable":true,"href":"https:\/\/delaet.com.br\/en\/wp-json\/wp\/v2\/product_tag?post=765"}],"curies":[{"name":"wp","href":"https:\/\/api.w.org\/{rel}","templated":true}]}}