{"id":776,"date":"2026-04-10T21:22:24","date_gmt":"2026-04-11T00:22:24","guid":{"rendered":"https:\/\/delaet.com.br\/pt_br\/loja\/produto\/cavalete-para-violoncelo-4-4-teller-1-estrela-f035\/"},"modified":"2026-04-19T15:20:16","modified_gmt":"2026-04-19T18:20:16","slug":"cavalete-para-violoncelo-4-4-teller-1-estrela-f035","status":"publish","type":"product","link":"https:\/\/delaet.com.br\/en\/loja\/produto\/cavalete-para-violoncelo-4-4-teller-1-estrela-f035\/","title":{"rendered":"Cavalete Para Violoncelo 4\/4 Teller 1 Estrela"},"content":{"rendered":"<p>A fam\u00edlia Teller \u00e9 tradicional na fabrica\u00e7\u00e3o de cavaletes desde o s\u00e9culo XVIII.<br \/>\nSua tradi\u00e7\u00e3o em qualidade, alinhada ao amor pelo trabalho, faz com que os cavaletes Teller sejam considerados os melhores do mundo e os preferidos entre os m\u00fasicos.<br \/>\nCom suas pernas mais longas, o Teller 1 Estrela, com corte belga, permite ao m\u00fasico extrair uma resposta mais direta de seu instrumento, oferecendo sonoridade viva e quente.<br \/>\nA madeira utilizada na fabrica\u00e7\u00e3o do Josef Teller 1986 Germany \u00e9 o maple, coletado nas montanhas da B\u00f3snia e amadurecido de forma natural.<br \/>\nAs estrelas representam a qualidade, a idade da madeira e o tempo de secagem.<br \/>\nCavalete para violoncelo 4\/4<br \/>\nJosef Teller 1986 Germany &#8211; 1 Estrela<br \/>\nCorte belga<br \/>\nFabricado na Alemanha<br \/>\nMedida total entre os p\u00e9s: 92 mm.<\/p>\n<p>\u00c9 kit:N\u00e3o<br \/>\nMaterial:Madeira<br \/>\nInstrumento recomendado:Violoncelo<br \/>\nUnidades por Embalagem:1<\/p>\n<p>Condi\u00e7\u00e3o do item:Novo<br \/>\nFonte do Produto:Importado<br \/>\nG\u00eanero:Unissex<br \/>\nMarca:Teller<br \/>\nModelo:0302-4\/4<br \/>\nOrigem:Alemanha<br \/>\nSKU:020667<br \/>\nC\u00f3digo de Barras:020667<br \/>\nN\u00famero de pe\u00e7a:0302-4\/4<br \/>\nComprimento da embalagem:26 cm<br \/>\nLargura da embalagem:24 cm<br \/>\nAltura da embalagem:2 cm<br \/>\nPeso da embalagem:10 g<br \/>\nTipo da embalagem:Sem embalagem adicional<\/p>","protected":false},"excerpt":{"rendered":"<p>A fam\u00edlia Teller \u00e9 tradicional na fabrica\u00e7\u00e3o de cavaletes desde o s\u00e9culo XVIII. Sua tradi\u00e7\u00e3o em qualidade, alinhada ao amor pelo trabalho, faz com que os cavaletes Teller sejam considerados os melhores do mundo e os preferidos entre os m\u00fasicos. Com suas pernas mais longas, o Teller 1 Estrela, com corte belga, permite ao m\u00fasico [&hellip;]<\/p>\n","protected":false},"featured_media":2464,"comment_status":"open","ping_status":"closed","template":"","meta":{"om_disable_all_campaigns":false,"_monsterinsights_skip_tracking":false,"_monsterinsights_sitenote_active":false,"_monsterinsights_sitenote_note":"","_monsterinsights_sitenote_category":0,"jetpack_publicize_message":"","jetpack_publicize_feature_enabled":true,"jetpack_social_post_already_shared":false,"jetpack_social_options":{"image_generator_settings":{"template":"highway","default_image_id":0,"font":"","enabled":false},"version":2}},"product_brand":[166],"product_cat":[229,210],"product_tag":[722,723],"class_list":{"0":"post-776","1":"product","2":"type-product","3":"status-publish","4":"has-post-thumbnail","6":"product_brand-teller","7":"product_cat-cavaletes-friccionadas","8":"product_cat-friccionadas","9":"product_tag-cavalete","10":"product_tag-cavalete-teller","12":"first","13":"instock","14":"sale","15":"shipping-taxable","16":"purchasable","17":"product-type-simple"},"aioseo_notices":[],"jetpack_publicize_connections":[],"jetpack_sharing_enabled":true,"_links":{"self":[{"href":"https:\/\/delaet.com.br\/en\/wp-json\/wp\/v2\/product\/776","targetHints":{"allow":["GET"]}}],"collection":[{"href":"https:\/\/delaet.com.br\/en\/wp-json\/wp\/v2\/product"}],"about":[{"href":"https:\/\/delaet.com.br\/en\/wp-json\/wp\/v2\/types\/product"}],"replies":[{"embeddable":true,"href":"https:\/\/delaet.com.br\/en\/wp-json\/wp\/v2\/comments?post=776"}],"wp:featuredmedia":[{"embeddable":true,"href":"https:\/\/delaet.com.br\/en\/wp-json\/wp\/v2\/media\/2464"}],"wp:attachment":[{"href":"https:\/\/delaet.com.br\/en\/wp-json\/wp\/v2\/media?parent=776"}],"wp:term":[{"taxonomy":"product_brand","embeddable":true,"href":"https:\/\/delaet.com.br\/en\/wp-json\/wp\/v2\/product_brand?post=776"},{"taxonomy":"product_cat","embeddable":true,"href":"https:\/\/delaet.com.br\/en\/wp-json\/wp\/v2\/product_cat?post=776"},{"taxonomy":"product_tag","embeddable":true,"href":"https:\/\/delaet.com.br\/en\/wp-json\/wp\/v2\/product_tag?post=776"}],"curies":[{"name":"wp","href":"https:\/\/api.w.org\/{rel}","templated":true}]}}