{"id":988,"date":"2026-04-11T23:44:01","date_gmt":"2026-04-12T02:44:01","guid":{"rendered":"https:\/\/delaet.com.br\/pt_br\/loja\/produto\/alicate-extrator-de-trastes-hosco-tl-tc5-f035\/"},"modified":"2026-04-13T10:59:36","modified_gmt":"2026-04-13T13:59:36","slug":"alicate-extrator-de-trastes-hosco-tl-tc5-f035","status":"publish","type":"product","link":"https:\/\/delaet.com.br\/en\/loja\/produto\/alicate-extrator-de-trastes-hosco-tl-tc5-f035\/","title":{"rendered":"Alicate Extrator De Trastes Hosco TL-TC5"},"content":{"rendered":"<p>TL-TC5 possui l\u00e2mina achatada. N\u00e3o \u00e9 adequado para cortar os cordas, mas \u00e9 bom apenas para retirar os trastes do bra\u00e7o.<br \/>\nMaterial: A\u00e7o Carbono<br \/>\nLargura da l\u00e2mina: 5,0 mm<br \/>\nComprimento: 140mm<\/p>\n<p>Cor:Preto<br \/> \u00c9 kit:N\u00e3o<br \/> Instrumento Recomendado:V\u00e1rios<br \/> Material:A\u00e7o<br \/> Unidades por embalagem:1<\/p>\n<p> Condi\u00e7\u00e3o do item:Novo<br \/> Fonte do Produto:Importado<br \/> G\u00eanero:Unissex<br \/> Marca:Hosco<br \/> Modelo:TL-TC5<br \/> Origem:Jap\u00e3o<br \/> SKU:052502<br \/> C\u00f3digo de Barras:7899559812652<br \/> N\u00famero de pe\u00e7a:TL-TC5<br \/> Comprimento da embalagem:26 cm<br \/> Largura da embalagem:24 cm<br \/> Altura da embalagem:2 cm<br \/> Peso da embalagem:19 g<br \/> Tipo da embalagem:Sem embalagem adicional<\/p>\n<p><\/p>","protected":false},"excerpt":{"rendered":"<p>TL-TC5 possui l\u00e2mina achatada. N\u00e3o \u00e9 adequado para cortar os cordas, mas \u00e9 bom apenas para retirar os trastes do bra\u00e7o. Material: A\u00e7o Carbono Largura da l\u00e2mina: 5,0 mm Comprimento: 140mm Cor:Preto \u00c9 kit:N\u00e3o Instrumento Recomendado:V\u00e1rios Material:A\u00e7o Unidades por embalagem:1 Condi\u00e7\u00e3o do item:Novo Fonte do Produto:Importado G\u00eanero:Unissex Marca:Hosco Modelo:TL-TC5 Origem:Jap\u00e3o SKU:052502 C\u00f3digo de Barras:7899559812652 N\u00famero [&hellip;]<\/p>\n","protected":false},"featured_media":2360,"comment_status":"open","ping_status":"closed","template":"","meta":{"om_disable_all_campaigns":false,"jetpack_publicize_message":"","jetpack_publicize_feature_enabled":true,"jetpack_social_post_already_shared":false,"jetpack_social_options":{"image_generator_settings":{"template":"highway","default_image_id":0,"font":"","enabled":false},"version":2}},"product_brand":[162],"product_cat":[133,276],"product_tag":[700,701,702],"class_list":{"0":"post-988","1":"product","2":"type-product","3":"status-publish","4":"has-post-thumbnail","6":"product_brand-hosco","7":"product_cat-ferramentas","8":"product_cat-luthier","9":"product_tag-alicate","10":"product_tag-extrator-de-trastes","11":"product_tag-fretwork-tools","13":"first","14":"instock","15":"shipping-taxable","16":"purchasable","17":"product-type-simple"},"aioseo_notices":[],"jetpack_publicize_connections":[],"jetpack_sharing_enabled":true,"_links":{"self":[{"href":"https:\/\/delaet.com.br\/en\/wp-json\/wp\/v2\/product\/988","targetHints":{"allow":["GET"]}}],"collection":[{"href":"https:\/\/delaet.com.br\/en\/wp-json\/wp\/v2\/product"}],"about":[{"href":"https:\/\/delaet.com.br\/en\/wp-json\/wp\/v2\/types\/product"}],"replies":[{"embeddable":true,"href":"https:\/\/delaet.com.br\/en\/wp-json\/wp\/v2\/comments?post=988"}],"wp:featuredmedia":[{"embeddable":true,"href":"https:\/\/delaet.com.br\/en\/wp-json\/wp\/v2\/media\/2360"}],"wp:attachment":[{"href":"https:\/\/delaet.com.br\/en\/wp-json\/wp\/v2\/media?parent=988"}],"wp:term":[{"taxonomy":"product_brand","embeddable":true,"href":"https:\/\/delaet.com.br\/en\/wp-json\/wp\/v2\/product_brand?post=988"},{"taxonomy":"product_cat","embeddable":true,"href":"https:\/\/delaet.com.br\/en\/wp-json\/wp\/v2\/product_cat?post=988"},{"taxonomy":"product_tag","embeddable":true,"href":"https:\/\/delaet.com.br\/en\/wp-json\/wp\/v2\/product_tag?post=988"}],"curies":[{"name":"wp","href":"https:\/\/api.w.org\/{rel}","templated":true}]}}