{"id":1000,"date":"2026-04-11T23:44:42","date_gmt":"2026-04-12T02:44:42","guid":{"rendered":"https:\/\/delaet.com.br\/pt_br\/loja\/produto\/arruela-dentada-jacks-pots-12-unidades-spirit-tooth-10-f035\/"},"modified":"2026-04-16T19:42:39","modified_gmt":"2026-04-16T22:42:39","slug":"arruela-dentada-jacks-pots-12-unidades-spirit-tooth-10-f035","status":"publish","type":"product","link":"https:\/\/delaet.com.br\/pt_br\/loja\/produto\/arruela-dentada-jacks-pots-12-unidades-spirit-tooth-10-f035\/","title":{"rendered":"Arruela Dentada Jacks\/Pots (12 Unidades) Spirit Tooth-10"},"content":{"rendered":"<p>Arruela Dentada de Press\u00e3o para Jacks de Conex\u00e3o e Potenci\u00f4metros com 10 de di\u00e2metro, 12 unidades, Spirit Guitar Parts &#8211; Tooth-10.<\/p>\n<p>Instrumentos compat\u00edveis:Guitarra\/Baixo\/Viol\u00e3o\/Amps<br \/> Material:A\u00e7o<br \/> SKU:006283<\/p>\n<p> Condi\u00e7\u00e3o:Novo<br \/> Cor:Cromada<br \/> C\u00f3digo Universal do Produto:7899559802837<br \/> G\u00eanero:Unissex<br \/> Linha:Spirit Guitar Parts<br \/> MPN:H8408<br \/> Marca:Spirit<br \/> Modelo:Tooth-10<br \/> Origem:Cor\u00e9ia do Sul<br \/> Unidades por embalagem:12<br \/> \u00c9 kit:N\u00e3o<br \/> Instrumento Recomendado:Guitarra\/Baixo\/Viol\u00e3o\/Amps<\/p>\n<p><\/p>\n","protected":false},"excerpt":{"rendered":"<p>Arruela Dentada de Press\u00e3o para Jacks de Conex\u00e3o e Potenci\u00f4metros com 10 de di\u00e2metro, 12 unidades, Spirit Guitar Parts &#8211; Tooth-10. Instrumentos compat\u00edveis:Guitarra\/Baixo\/Viol\u00e3o\/Amps Material:A\u00e7o SKU:006283 Condi\u00e7\u00e3o:Novo Cor:Cromada C\u00f3digo Universal do Produto:7899559802837 G\u00eanero:Unissex Linha:Spirit Guitar Parts MPN:H8408 Marca:Spirit Modelo:Tooth-10 Origem:Cor\u00e9ia do Sul Unidades por embalagem:12 \u00c9 kit:N\u00e3o Instrumento Recomendado:Guitarra\/Baixo\/Viol\u00e3o\/Amps<\/p>\n","protected":false},"featured_media":2370,"comment_status":"open","ping_status":"closed","template":"","meta":{"om_disable_all_campaigns":false,"_monsterinsights_skip_tracking":false,"_monsterinsights_sitenote_active":false,"_monsterinsights_sitenote_note":"","_monsterinsights_sitenote_category":0,"jetpack_publicize_message":"","jetpack_publicize_feature_enabled":true,"jetpack_social_post_already_shared":false,"jetpack_social_options":{"image_generator_settings":{"template":"highway","default_image_id":0,"font":"","enabled":false},"version":2}},"product_brand":[165],"product_cat":[28,223],"product_tag":[697],"class_list":{"0":"post-1000","1":"product","2":"type-product","3":"status-publish","4":"has-post-thumbnail","6":"product_brand-spirit","7":"product_cat-eletricos","8":"product_cat-outros","9":"product_tag-arruela-dentada","11":"first","12":"instock","13":"shipping-taxable","14":"purchasable","15":"product-type-simple"},"aioseo_notices":[],"jetpack_publicize_connections":[],"jetpack_sharing_enabled":true,"_links":{"self":[{"href":"https:\/\/delaet.com.br\/pt_br\/wp-json\/wp\/v2\/product\/1000","targetHints":{"allow":["GET"]}}],"collection":[{"href":"https:\/\/delaet.com.br\/pt_br\/wp-json\/wp\/v2\/product"}],"about":[{"href":"https:\/\/delaet.com.br\/pt_br\/wp-json\/wp\/v2\/types\/product"}],"replies":[{"embeddable":true,"href":"https:\/\/delaet.com.br\/pt_br\/wp-json\/wp\/v2\/comments?post=1000"}],"wp:featuredmedia":[{"embeddable":true,"href":"https:\/\/delaet.com.br\/pt_br\/wp-json\/wp\/v2\/media\/2370"}],"wp:attachment":[{"href":"https:\/\/delaet.com.br\/pt_br\/wp-json\/wp\/v2\/media?parent=1000"}],"wp:term":[{"taxonomy":"product_brand","embeddable":true,"href":"https:\/\/delaet.com.br\/pt_br\/wp-json\/wp\/v2\/product_brand?post=1000"},{"taxonomy":"product_cat","embeddable":true,"href":"https:\/\/delaet.com.br\/pt_br\/wp-json\/wp\/v2\/product_cat?post=1000"},{"taxonomy":"product_tag","embeddable":true,"href":"https:\/\/delaet.com.br\/pt_br\/wp-json\/wp\/v2\/product_tag?post=1000"}],"curies":[{"name":"wp","href":"https:\/\/api.w.org\/{rel}","templated":true}]}}