{"id":1003,"date":"2026-04-11T23:44:53","date_gmt":"2026-04-12T02:44:53","guid":{"rendered":"https:\/\/delaet.com.br\/pt_br\/loja\/produto\/arruela-indicadora-potenciometro-dourada-6-pecas-spirit-f035\/"},"modified":"2026-04-13T10:54:35","modified_gmt":"2026-04-13T13:54:35","slug":"arruela-indicadora-potenciometro-dourada-6-pecas-spirit-f035","status":"publish","type":"product","link":"https:\/\/delaet.com.br\/pt_br\/loja\/produto\/arruela-indicadora-potenciometro-dourada-6-pecas-spirit-f035\/","title":{"rendered":"Arruela Indicadora Potenci\u00f4metro Dourada (6 pe\u00e7as) Spirit"},"content":{"rendered":"<p>Arruela Indicadora para Potenci\u00f4metro M8.0, em acabamento dourado, 6 unidades, Spirit Guitar Parts &#8211; Indicator-GD.<\/p>\n<p>Instrumentos compat\u00edveis:Guitarra\/Baixo\/Viol\u00e3o\/Amps<br \/> Material:A\u00e7o<br \/> SKU:021641<\/p>\n<p> Condi\u00e7\u00e3o:Novo<br \/> Cor:Dourada<br \/> C\u00f3digo Universal do Produto:7899559806613<br \/> G\u00eanero:Unissex<br \/> Linha:Spirit Guitar Parts<br \/> MPN:H8408_40<br \/> Marca:Spirit<br \/> Modelo:Indicator-GD<br \/> Origem:Cor\u00e9ia do Sul<br \/> Unidades por embalagem:6<br \/> \u00c9 kit:N\u00e3o<br \/> Instrumento Recomendado:Guitarra\/Baixo\/Viol\u00e3o\/Amps<\/p>\n<p><\/p>\n","protected":false},"excerpt":{"rendered":"<p>Arruela Indicadora para Potenci\u00f4metro M8.0, em acabamento dourado, 6 unidades, Spirit Guitar Parts &#8211; Indicator-GD. Instrumentos compat\u00edveis:Guitarra\/Baixo\/Viol\u00e3o\/Amps Material:A\u00e7o SKU:021641 Condi\u00e7\u00e3o:Novo Cor:Dourada C\u00f3digo Universal do Produto:7899559806613 G\u00eanero:Unissex Linha:Spirit Guitar Parts MPN:H8408_40 Marca:Spirit Modelo:Indicator-GD Origem:Cor\u00e9ia do Sul Unidades por embalagem:6 \u00c9 kit:N\u00e3o Instrumento Recomendado:Guitarra\/Baixo\/Viol\u00e3o\/Amps<\/p>\n","protected":false},"featured_media":2371,"comment_status":"open","ping_status":"closed","template":"","meta":{"om_disable_all_campaigns":false,"jetpack_publicize_message":"","jetpack_publicize_feature_enabled":true,"jetpack_social_post_already_shared":false,"jetpack_social_options":{"image_generator_settings":{"template":"highway","default_image_id":0,"font":"","enabled":false},"version":2}},"product_brand":[165],"product_cat":[28,223],"product_tag":[695,466,696],"class_list":{"0":"post-1003","1":"product","2":"type-product","3":"status-publish","4":"has-post-thumbnail","6":"product_brand-spirit","7":"product_cat-eletricos","8":"product_cat-outros","9":"product_tag-arruela-indicadora","10":"product_tag-potenciometro","11":"product_tag-pots","13":"first","14":"instock","15":"shipping-taxable","16":"purchasable","17":"product-type-simple"},"aioseo_notices":[],"jetpack_publicize_connections":[],"jetpack_sharing_enabled":true,"_links":{"self":[{"href":"https:\/\/delaet.com.br\/pt_br\/wp-json\/wp\/v2\/product\/1003","targetHints":{"allow":["GET"]}}],"collection":[{"href":"https:\/\/delaet.com.br\/pt_br\/wp-json\/wp\/v2\/product"}],"about":[{"href":"https:\/\/delaet.com.br\/pt_br\/wp-json\/wp\/v2\/types\/product"}],"replies":[{"embeddable":true,"href":"https:\/\/delaet.com.br\/pt_br\/wp-json\/wp\/v2\/comments?post=1003"}],"wp:featuredmedia":[{"embeddable":true,"href":"https:\/\/delaet.com.br\/pt_br\/wp-json\/wp\/v2\/media\/2371"}],"wp:attachment":[{"href":"https:\/\/delaet.com.br\/pt_br\/wp-json\/wp\/v2\/media?parent=1003"}],"wp:term":[{"taxonomy":"product_brand","embeddable":true,"href":"https:\/\/delaet.com.br\/pt_br\/wp-json\/wp\/v2\/product_brand?post=1003"},{"taxonomy":"product_cat","embeddable":true,"href":"https:\/\/delaet.com.br\/pt_br\/wp-json\/wp\/v2\/product_cat?post=1003"},{"taxonomy":"product_tag","embeddable":true,"href":"https:\/\/delaet.com.br\/pt_br\/wp-json\/wp\/v2\/product_tag?post=1003"}],"curies":[{"name":"wp","href":"https:\/\/api.w.org\/{rel}","templated":true}]}}