{"id":1006,"date":"2026-04-11T23:45:04","date_gmt":"2026-04-12T02:45:04","guid":{"rendered":"https:\/\/delaet.com.br\/pt_br\/loja\/produto\/bag-pedalboard-xpnd2-d-addario-xpnd-pw-blcpbt-02-f035\/"},"modified":"2026-04-13T10:49:44","modified_gmt":"2026-04-13T13:49:44","slug":"bag-pedalboard-xpnd2-d-addario-xpnd-pw-blcpbt-02-f035","status":"publish","type":"product","link":"https:\/\/delaet.com.br\/pt_br\/loja\/produto\/bag-pedalboard-xpnd2-d-addario-xpnd-pw-blcpbt-02-f035\/","title":{"rendered":"Bag Pedalboard XPND2 D\u00b4Addario XPND PW-BLCPBT-02"},"content":{"rendered":"<p>A bag Backline XPND 2 Pedalboard Transporter foi projetada para se ajustar perfeitamente ao pedalboard XPND 2, al\u00e9m de ser compat\u00edvel com a maioria dos pedalboards no formato Double Row.<\/p>\n<p>Independentemente do comprimento da sua pedaleira ou de quantas vezes voc\u00ea a modifica, as divis\u00f3rias internas ajust\u00e1veis permitem criar um encaixe firme, seguro e totalmente personalizado.<\/p>\n<p>Com design elegante e constru\u00e7\u00e3o robusta, a Backline XPND 2 Pedalboard Transporter possui revestimento totalmente acolchoado, garantindo prote\u00e7\u00e3o completa. Conta ainda com z\u00edperes refor\u00e7ados, al\u00e7a de ombro acolchoada e resistente, al\u00e9m de amplo espa\u00e7o para cabos e acess\u00f3rios &#8211; incluindo um bolso lateral com z\u00edper para pedais extras e itens diversos.<\/p>\n<p>Seja voc\u00ea um m\u00fasico em turn\u00ea ou um instrumentista casual, a Backline XPND 2 Pedalboard Case \u00e9 essencial para o transporte seguro e pr\u00e1tico da sua pedaleira.<\/p>\n<p>Bag Pedalboard para XPND2 D Addario PW-BLCPBT-02<\/p>\n<p>Cor:Preto<br \/> \u00c9 kit:N\u00e3o<br \/> Material:Nylon\/Espuma\/Pl\u00e1stico<br \/> Unidades por Embalagem:1<\/p>\n<p> Condi\u00e7\u00e3o do item:Novo<br \/> C\u00f3digo de Barras:019954432669<br \/> Fonte do Produto:Importado<br \/> G\u00eanero:Unissex<br \/> Modelo:PW-BLCPBT-02<br \/> N\u00famero de pe\u00e7a:PW-BLCPBT-02<br \/> Origem:Indon\u00e9sia<br \/> SKU:053511<br \/> Altura da embalagem:21 cm<br \/> Comprimento da embalagem:49 cm<br \/> Largura da embalagem:41 cm<br \/> Peso da embalagem:110 g<br \/> Tipo da embalagem:Sem embalagem adicional<\/p>\n<p><\/p>\n","protected":false},"excerpt":{"rendered":"<p>A bag Backline XPND 2 Pedalboard Transporter foi projetada para se ajustar perfeitamente ao pedalboard XPND 2, al\u00e9m de ser compat\u00edvel com a maioria dos pedalboards no formato Double Row. Independentemente do comprimento da sua pedaleira ou de quantas vezes voc\u00ea a modifica, as divis\u00f3rias internas ajust\u00e1veis permitem criar um encaixe firme, seguro e totalmente [&hellip;]<\/p>\n","protected":false},"featured_media":2373,"comment_status":"open","ping_status":"closed","template":"","meta":{"om_disable_all_campaigns":false,"jetpack_publicize_message":"","jetpack_publicize_feature_enabled":true,"jetpack_social_post_already_shared":false,"jetpack_social_options":{"image_generator_settings":{"template":"highway","default_image_id":0,"font":"","enabled":false},"version":2}},"product_brand":[160],"product_cat":[96],"product_tag":[693,694],"class_list":{"0":"post-1006","1":"product","2":"type-product","3":"status-publish","4":"has-post-thumbnail","6":"product_brand-daddario","7":"product_cat-acessorios","8":"product_tag-bag","9":"product_tag-bag-pedalboard","11":"first","12":"instock","13":"shipping-taxable","14":"purchasable","15":"product-type-simple"},"aioseo_notices":[],"jetpack_publicize_connections":[],"jetpack_sharing_enabled":true,"_links":{"self":[{"href":"https:\/\/delaet.com.br\/pt_br\/wp-json\/wp\/v2\/product\/1006","targetHints":{"allow":["GET"]}}],"collection":[{"href":"https:\/\/delaet.com.br\/pt_br\/wp-json\/wp\/v2\/product"}],"about":[{"href":"https:\/\/delaet.com.br\/pt_br\/wp-json\/wp\/v2\/types\/product"}],"replies":[{"embeddable":true,"href":"https:\/\/delaet.com.br\/pt_br\/wp-json\/wp\/v2\/comments?post=1006"}],"wp:featuredmedia":[{"embeddable":true,"href":"https:\/\/delaet.com.br\/pt_br\/wp-json\/wp\/v2\/media\/2373"}],"wp:attachment":[{"href":"https:\/\/delaet.com.br\/pt_br\/wp-json\/wp\/v2\/media?parent=1006"}],"wp:term":[{"taxonomy":"product_brand","embeddable":true,"href":"https:\/\/delaet.com.br\/pt_br\/wp-json\/wp\/v2\/product_brand?post=1006"},{"taxonomy":"product_cat","embeddable":true,"href":"https:\/\/delaet.com.br\/pt_br\/wp-json\/wp\/v2\/product_cat?post=1006"},{"taxonomy":"product_tag","embeddable":true,"href":"https:\/\/delaet.com.br\/pt_br\/wp-json\/wp\/v2\/product_tag?post=1006"}],"curies":[{"name":"wp","href":"https:\/\/api.w.org\/{rel}","templated":true}]}}