{"id":1008,"date":"2026-04-11T23:45:14","date_gmt":"2026-04-12T02:45:14","guid":{"rendered":"https:\/\/delaet.com.br\/pt_br\/loja\/produto\/baixa-cordas-gaivota-3un-dourado-gotoh-rg-105-gg-f035\/"},"modified":"2026-04-13T10:49:09","modified_gmt":"2026-04-13T13:49:09","slug":"baixa-cordas-gaivota-3un-dourado-gotoh-rg-105-gg-f035","status":"publish","type":"product","link":"https:\/\/delaet.com.br\/pt_br\/loja\/produto\/baixa-cordas-gaivota-3un-dourado-gotoh-rg-105-gg-f035\/","title":{"rendered":"Baixa Cordas Gaivota 3un Dourado Gotoh RG-105 GG"},"content":{"rendered":"<p>Popularmente conhecidos como Baixa Cordas, os String Trees s\u00e3o aparafusados nos headstocks de instrumentos estilo Fender e seus respectivos modelos, entre outros.<br \/>\nCorrijem a falta de curvatura de headstocks e s\u00e3o essenciais para a estabilidade da afina\u00e7\u00e3o, compondo modelos como Telecaster e Stratocaster, que n\u00e3o possuem angula\u00e7\u00e3o.<br \/>\nDimens\u00f5es: 2,8mm x 7,3mm x 2,5mm<br \/>\nAcompanha parafuso<br \/>\nFabricado no Jap\u00e3o<\/p>\n<p>Cor:Dourado<br \/> \u00c9 kit:Sim<br \/> Instrumento Recomendado:Guitarra<br \/> Material:Metal<br \/> Unidades por embalagem:3<\/p>\n<p> Condi\u00e7\u00e3o do item:Novo<br \/> Fonte do Produto:Importado<br \/> G\u00eanero:Unissex<br \/> Marca:Gotoh<br \/> Modelo:RG-105GS<br \/> Origem:Jap\u00e3o<br \/> SKU:009042<br \/> C\u00f3digo de Barras:7899559811570<br \/> N\u00famero de pe\u00e7a:RG-105GS<br \/> Comprimento da embalagem:26 cm<br \/> Largura da embalagem:24 cm<br \/> Altura da embalagem:1 cm<br \/> Peso da embalagem:10 g<br \/> Tipo da embalagem:Sem embalagem adicional<\/p>\n<p><\/p>\n","protected":false},"excerpt":{"rendered":"<p>Popularmente conhecidos como Baixa Cordas, os String Trees s\u00e3o aparafusados nos headstocks de instrumentos estilo Fender e seus respectivos modelos, entre outros. Corrijem a falta de curvatura de headstocks e s\u00e3o essenciais para a estabilidade da afina\u00e7\u00e3o, compondo modelos como Telecaster e Stratocaster, que n\u00e3o possuem angula\u00e7\u00e3o. Dimens\u00f5es: 2,8mm x 7,3mm x 2,5mm Acompanha parafuso [&hellip;]<\/p>\n","protected":false},"featured_media":2375,"comment_status":"open","ping_status":"closed","template":"","meta":{"om_disable_all_campaigns":false,"jetpack_publicize_message":"","jetpack_publicize_feature_enabled":true,"jetpack_social_post_already_shared":false,"jetpack_social_options":{"image_generator_settings":{"template":"highway","default_image_id":0,"font":"","enabled":false},"version":2}},"product_brand":[164],"product_cat":[28,223],"product_tag":[689,690,692],"class_list":{"0":"post-1008","1":"product","2":"type-product","3":"status-publish","4":"has-post-thumbnail","6":"product_brand-gotoh","7":"product_cat-eletricos","8":"product_cat-outros","9":"product_tag-baixa-cordas","10":"product_tag-retentor","11":"product_tag-retentor-guitarra","13":"first","14":"instock","15":"shipping-taxable","16":"purchasable","17":"product-type-simple"},"aioseo_notices":[],"jetpack_publicize_connections":[],"jetpack_sharing_enabled":true,"_links":{"self":[{"href":"https:\/\/delaet.com.br\/pt_br\/wp-json\/wp\/v2\/product\/1008","targetHints":{"allow":["GET"]}}],"collection":[{"href":"https:\/\/delaet.com.br\/pt_br\/wp-json\/wp\/v2\/product"}],"about":[{"href":"https:\/\/delaet.com.br\/pt_br\/wp-json\/wp\/v2\/types\/product"}],"replies":[{"embeddable":true,"href":"https:\/\/delaet.com.br\/pt_br\/wp-json\/wp\/v2\/comments?post=1008"}],"wp:featuredmedia":[{"embeddable":true,"href":"https:\/\/delaet.com.br\/pt_br\/wp-json\/wp\/v2\/media\/2375"}],"wp:attachment":[{"href":"https:\/\/delaet.com.br\/pt_br\/wp-json\/wp\/v2\/media?parent=1008"}],"wp:term":[{"taxonomy":"product_brand","embeddable":true,"href":"https:\/\/delaet.com.br\/pt_br\/wp-json\/wp\/v2\/product_brand?post=1008"},{"taxonomy":"product_cat","embeddable":true,"href":"https:\/\/delaet.com.br\/pt_br\/wp-json\/wp\/v2\/product_cat?post=1008"},{"taxonomy":"product_tag","embeddable":true,"href":"https:\/\/delaet.com.br\/pt_br\/wp-json\/wp\/v2\/product_tag?post=1008"}],"curies":[{"name":"wp","href":"https:\/\/api.w.org\/{rel}","templated":true}]}}