{"id":1010,"date":"2026-04-11T23:45:23","date_gmt":"2026-04-12T02:45:23","guid":{"rendered":"https:\/\/delaet.com.br\/pt_br\/loja\/produto\/baixa-cordas-guitarra-cromado-6-unidades-spirit-ssd-cr-f035\/"},"modified":"2026-04-13T10:48:45","modified_gmt":"2026-04-13T13:48:45","slug":"baixa-cordas-guitarra-cromado-6-unidades-spirit-ssd-cr-f035","status":"publish","type":"product","link":"https:\/\/delaet.com.br\/pt_br\/loja\/produto\/baixa-cordas-guitarra-cromado-6-unidades-spirit-ssd-cr-f035\/","title":{"rendered":"Baixa Cordas Guitarra Cromado (6 Unidades) Spirit SSD-CR"},"content":{"rendered":"<p>Baixa Cordas para Guitarra Cromado, 6 unidades, Spirit Guitar Parts &#8211; SSD-CR.<br \/>\n&#8211; Estilo Rolete<\/p>\n<p>Instrumentos compat\u00edveis:Guitarra<br \/> Material:Metal<br \/> SKU:006214<\/p>\n<p> Condi\u00e7\u00e3o:Novo<br \/> Cor:Cromada<br \/> C\u00f3digo Universal do Produto:7899559802158<br \/> G\u00eanero:Unissex<br \/> Linha:Spirit Guitar Parts<br \/> MPN:H5552_90<br \/> Marca:Spirit<br \/> Modelo:SSD-CR<br \/> Origem:Cor\u00e9ia do Sul<br \/> Unidades por embalagem:6<br \/> \u00c9 kit:N\u00e3o<br \/> Instrumento Recomendado:Guitarra<\/p>\n<p><\/p>\n","protected":false},"excerpt":{"rendered":"<p>Baixa Cordas para Guitarra Cromado, 6 unidades, Spirit Guitar Parts &#8211; SSD-CR. &#8211; Estilo Rolete Instrumentos compat\u00edveis:Guitarra Material:Metal SKU:006214 Condi\u00e7\u00e3o:Novo Cor:Cromada C\u00f3digo Universal do Produto:7899559802158 G\u00eanero:Unissex Linha:Spirit Guitar Parts MPN:H5552_90 Marca:Spirit Modelo:SSD-CR Origem:Cor\u00e9ia do Sul Unidades por embalagem:6 \u00c9 kit:N\u00e3o Instrumento Recomendado:Guitarra<\/p>\n","protected":false},"featured_media":2376,"comment_status":"open","ping_status":"closed","template":"","meta":{"om_disable_all_campaigns":false,"jetpack_publicize_message":"","jetpack_publicize_feature_enabled":true,"jetpack_social_post_already_shared":false,"jetpack_social_options":{"image_generator_settings":{"template":"highway","default_image_id":0,"font":"","enabled":false},"version":2}},"product_brand":[165],"product_cat":[28,223],"product_tag":[689,690,692],"class_list":{"0":"post-1010","1":"product","2":"type-product","3":"status-publish","4":"has-post-thumbnail","6":"product_brand-spirit","7":"product_cat-eletricos","8":"product_cat-outros","9":"product_tag-baixa-cordas","10":"product_tag-retentor","11":"product_tag-retentor-guitarra","13":"first","14":"instock","15":"shipping-taxable","16":"purchasable","17":"product-type-simple"},"aioseo_notices":[],"jetpack_publicize_connections":[],"jetpack_sharing_enabled":true,"_links":{"self":[{"href":"https:\/\/delaet.com.br\/pt_br\/wp-json\/wp\/v2\/product\/1010","targetHints":{"allow":["GET"]}}],"collection":[{"href":"https:\/\/delaet.com.br\/pt_br\/wp-json\/wp\/v2\/product"}],"about":[{"href":"https:\/\/delaet.com.br\/pt_br\/wp-json\/wp\/v2\/types\/product"}],"replies":[{"embeddable":true,"href":"https:\/\/delaet.com.br\/pt_br\/wp-json\/wp\/v2\/comments?post=1010"}],"wp:featuredmedia":[{"embeddable":true,"href":"https:\/\/delaet.com.br\/pt_br\/wp-json\/wp\/v2\/media\/2376"}],"wp:attachment":[{"href":"https:\/\/delaet.com.br\/pt_br\/wp-json\/wp\/v2\/media?parent=1010"}],"wp:term":[{"taxonomy":"product_brand","embeddable":true,"href":"https:\/\/delaet.com.br\/pt_br\/wp-json\/wp\/v2\/product_brand?post=1010"},{"taxonomy":"product_cat","embeddable":true,"href":"https:\/\/delaet.com.br\/pt_br\/wp-json\/wp\/v2\/product_cat?post=1010"},{"taxonomy":"product_tag","embeddable":true,"href":"https:\/\/delaet.com.br\/pt_br\/wp-json\/wp\/v2\/product_tag?post=1010"}],"curies":[{"name":"wp","href":"https:\/\/api.w.org\/{rel}","templated":true}]}}