{"id":1012,"date":"2026-04-11T23:45:34","date_gmt":"2026-04-12T02:45:34","guid":{"rendered":"https:\/\/delaet.com.br\/pt_br\/loja\/produto\/baixa-cordas-guitarra-preto-6-unidades-spirit-ssg-l-bk-f035\/"},"modified":"2026-04-13T10:48:21","modified_gmt":"2026-04-13T13:48:21","slug":"baixa-cordas-guitarra-preto-6-unidades-spirit-ssg-l-bk-f035","status":"publish","type":"product","link":"https:\/\/delaet.com.br\/pt_br\/loja\/produto\/baixa-cordas-guitarra-preto-6-unidades-spirit-ssg-l-bk-f035\/","title":{"rendered":"Baixa Cordas Guitarra Preto (6 Unidades) Spirit SSG-L-BK"},"content":{"rendered":"<p>Baixa Cordas (Gaivota) para Guitarra Preto Grande, 6 unidades, Spirit Guitar Parts &#8211; SSG-L-BK.<br \/>\n&#8211; Design vintage<\/p>\n<p>Instrumentos compat\u00edveis:Guitarra<br \/> Material:Metal<br \/> SKU:006216<\/p>\n<p> Condi\u00e7\u00e3o:Novo<br \/> Cor:Preta<br \/> C\u00f3digo Universal do Produto:7899559802172<br \/> G\u00eanero:Unissex<br \/> Linha:Spirit Guitar Parts<br \/> MPN:H5549_00<br \/> Marca:Spirit<br \/> Modelo:SSG-L-BK<br \/> Origem:Cor\u00e9ia do Sul<br \/> Unidades por embalagem:6<br \/> \u00c9 kit:N\u00e3o<br \/> Instrumento Recomendado:Guitarra<\/p>\n<p><\/p>\n","protected":false},"excerpt":{"rendered":"<p>Baixa Cordas (Gaivota) para Guitarra Preto Grande, 6 unidades, Spirit Guitar Parts &#8211; SSG-L-BK. &#8211; Design vintage Instrumentos compat\u00edveis:Guitarra Material:Metal SKU:006216 Condi\u00e7\u00e3o:Novo Cor:Preta C\u00f3digo Universal do Produto:7899559802172 G\u00eanero:Unissex Linha:Spirit Guitar Parts MPN:H5549_00 Marca:Spirit Modelo:SSG-L-BK Origem:Cor\u00e9ia do Sul Unidades por embalagem:6 \u00c9 kit:N\u00e3o Instrumento Recomendado:Guitarra<\/p>\n","protected":false},"featured_media":2377,"comment_status":"open","ping_status":"closed","template":"","meta":{"om_disable_all_campaigns":false,"jetpack_publicize_message":"","jetpack_publicize_feature_enabled":true,"jetpack_social_post_already_shared":false,"jetpack_social_options":{"image_generator_settings":{"template":"highway","default_image_id":0,"font":"","enabled":false},"version":2}},"product_brand":[165],"product_cat":[28,223],"product_tag":[689,690,692],"class_list":{"0":"post-1012","1":"product","2":"type-product","3":"status-publish","4":"has-post-thumbnail","6":"product_brand-spirit","7":"product_cat-eletricos","8":"product_cat-outros","9":"product_tag-baixa-cordas","10":"product_tag-retentor","11":"product_tag-retentor-guitarra","13":"first","14":"instock","15":"shipping-taxable","16":"purchasable","17":"product-type-simple"},"aioseo_notices":[],"jetpack_publicize_connections":[],"jetpack_sharing_enabled":true,"_links":{"self":[{"href":"https:\/\/delaet.com.br\/pt_br\/wp-json\/wp\/v2\/product\/1012","targetHints":{"allow":["GET"]}}],"collection":[{"href":"https:\/\/delaet.com.br\/pt_br\/wp-json\/wp\/v2\/product"}],"about":[{"href":"https:\/\/delaet.com.br\/pt_br\/wp-json\/wp\/v2\/types\/product"}],"replies":[{"embeddable":true,"href":"https:\/\/delaet.com.br\/pt_br\/wp-json\/wp\/v2\/comments?post=1012"}],"wp:featuredmedia":[{"embeddable":true,"href":"https:\/\/delaet.com.br\/pt_br\/wp-json\/wp\/v2\/media\/2377"}],"wp:attachment":[{"href":"https:\/\/delaet.com.br\/pt_br\/wp-json\/wp\/v2\/media?parent=1012"}],"wp:term":[{"taxonomy":"product_brand","embeddable":true,"href":"https:\/\/delaet.com.br\/pt_br\/wp-json\/wp\/v2\/product_brand?post=1012"},{"taxonomy":"product_cat","embeddable":true,"href":"https:\/\/delaet.com.br\/pt_br\/wp-json\/wp\/v2\/product_cat?post=1012"},{"taxonomy":"product_tag","embeddable":true,"href":"https:\/\/delaet.com.br\/pt_br\/wp-json\/wp\/v2\/product_tag?post=1012"}],"curies":[{"name":"wp","href":"https:\/\/api.w.org\/{rel}","templated":true}]}}