{"id":1024,"date":"2026-04-11T23:46:18","date_gmt":"2026-04-12T02:46:18","guid":{"rendered":"https:\/\/delaet.com.br\/pt_br\/loja\/produto\/barra-de-tensao-guitarra-preta-unidade-spirit-stb5h-bk-f035\/"},"modified":"2026-04-13T10:40:19","modified_gmt":"2026-04-13T13:40:19","slug":"barra-de-tensao-guitarra-preta-unidade-spirit-stb5h-bk-f035","status":"publish","type":"product","link":"https:\/\/delaet.com.br\/pt_br\/loja\/produto\/barra-de-tensao-guitarra-preta-unidade-spirit-stb5h-bk-f035\/","title":{"rendered":"Barra De Tens\u00e3o Guitarra Preta (Unidade) Spirit STB5H-BK"},"content":{"rendered":"<p>Barra de Tens\u00e3o para Guitarra Preta, unidade, Spirit Guitar Parts &#8211; STB5H-BK.<br \/>\n&#8211; Formato cil\u00edndrico e curvado<\/p>\n<p>Instrumentos compat\u00edveis:Guitarra<br \/> Material:Metal<br \/> SKU:008796<\/p>\n<p> Condi\u00e7\u00e3o:Novo<br \/> Cor:Preta<br \/> C\u00f3digo Universal do Produto:7899559803766<br \/> G\u00eanero:Unissex<br \/> Linha:Spirit Guitar Parts<br \/> MPN:H5500_00<br \/> Marca:Spirit<br \/> Modelo:STB5H-BK<br \/> Origem:Cor\u00e9ia do Sul<br \/> Unidades por embalagem:1<br \/> \u00c9 kit:N\u00e3o<br \/> Instrumento Recomendado:Guitarra<\/p>\n<p><\/p>\n","protected":false},"excerpt":{"rendered":"<p>Barra de Tens\u00e3o para Guitarra Preta, unidade, Spirit Guitar Parts &#8211; STB5H-BK. &#8211; Formato cil\u00edndrico e curvado Instrumentos compat\u00edveis:Guitarra Material:Metal SKU:008796 Condi\u00e7\u00e3o:Novo Cor:Preta C\u00f3digo Universal do Produto:7899559803766 G\u00eanero:Unissex Linha:Spirit Guitar Parts MPN:H5500_00 Marca:Spirit Modelo:STB5H-BK Origem:Cor\u00e9ia do Sul Unidades por embalagem:1 \u00c9 kit:N\u00e3o Instrumento Recomendado:Guitarra<\/p>\n","protected":false},"featured_media":2384,"comment_status":"open","ping_status":"closed","template":"","meta":{"om_disable_all_campaigns":false,"jetpack_publicize_message":"","jetpack_publicize_feature_enabled":true,"jetpack_social_post_already_shared":false,"jetpack_social_options":{"image_generator_settings":{"template":"highway","default_image_id":0,"font":"","enabled":false},"version":2}},"product_brand":[165],"product_cat":[28,223],"product_tag":[682,684,685],"class_list":{"0":"post-1024","1":"product","2":"type-product","3":"status-publish","4":"has-post-thumbnail","6":"product_brand-spirit","7":"product_cat-eletricos","8":"product_cat-outros","9":"product_tag-barra-de-tensao","10":"product_tag-barra-estabilizadora","11":"product_tag-retentor-cordas","13":"first","14":"instock","15":"shipping-taxable","16":"purchasable","17":"product-type-simple"},"aioseo_notices":[],"jetpack_publicize_connections":[],"jetpack_sharing_enabled":true,"_links":{"self":[{"href":"https:\/\/delaet.com.br\/pt_br\/wp-json\/wp\/v2\/product\/1024","targetHints":{"allow":["GET"]}}],"collection":[{"href":"https:\/\/delaet.com.br\/pt_br\/wp-json\/wp\/v2\/product"}],"about":[{"href":"https:\/\/delaet.com.br\/pt_br\/wp-json\/wp\/v2\/types\/product"}],"replies":[{"embeddable":true,"href":"https:\/\/delaet.com.br\/pt_br\/wp-json\/wp\/v2\/comments?post=1024"}],"wp:featuredmedia":[{"embeddable":true,"href":"https:\/\/delaet.com.br\/pt_br\/wp-json\/wp\/v2\/media\/2384"}],"wp:attachment":[{"href":"https:\/\/delaet.com.br\/pt_br\/wp-json\/wp\/v2\/media?parent=1024"}],"wp:term":[{"taxonomy":"product_brand","embeddable":true,"href":"https:\/\/delaet.com.br\/pt_br\/wp-json\/wp\/v2\/product_brand?post=1024"},{"taxonomy":"product_cat","embeddable":true,"href":"https:\/\/delaet.com.br\/pt_br\/wp-json\/wp\/v2\/product_cat?post=1024"},{"taxonomy":"product_tag","embeddable":true,"href":"https:\/\/delaet.com.br\/pt_br\/wp-json\/wp\/v2\/product_tag?post=1024"}],"curies":[{"name":"wp","href":"https:\/\/api.w.org\/{rel}","templated":true}]}}