{"id":1051,"date":"2026-04-11T23:48:00","date_gmt":"2026-04-12T02:48:00","guid":{"rendered":"https:\/\/delaet.com.br\/pt_br\/loja\/produto\/botao-violino-3-4-4-4-jacaranda-boxwood-pin-class-e2az1-f035\/"},"modified":"2026-04-13T10:28:45","modified_gmt":"2026-04-13T13:28:45","slug":"botao-violino-3-4-4-4-jacaranda-boxwood-pin-class-e2az1-f035","status":"publish","type":"product","link":"https:\/\/delaet.com.br\/pt_br\/loja\/produto\/botao-violino-3-4-4-4-jacaranda-boxwood-pin-class-e2az1-f035\/","title":{"rendered":"Bot\u00e3o Violino 3\/4 &#8211; 4\/4 Jacarand\u00e1 (Boxwood Pin) Class E2AZ1"},"content":{"rendered":"<p>Bot\u00e3o para Violino 3\/4 &#8211; 4\/4 Jacarand\u00e1 (Boxwood Pin) Hill Class E2AZ1.<\/p>\n<p>Cor:Jacarand\u00e1<br \/> G\u00eanero:Unissex<br \/> Linha:Arco e Acess\u00f3rios<br \/> Marca:Class<br \/> Modelo:E2AZ11<br \/> Origem:India<br \/> SKU:011100<br \/> Unidades por Embalagem:1<br \/> \u00c9 kit:N\u00e3o<br \/> Instrumento Recomendado:Violino<br \/> Condi\u00e7\u00e3o:Novo<\/p>\n<p><\/p>\n","protected":false},"excerpt":{"rendered":"<p>Bot\u00e3o para Violino 3\/4 &#8211; 4\/4 Jacarand\u00e1 (Boxwood Pin) Hill Class E2AZ1. Cor:Jacarand\u00e1 G\u00eanero:Unissex Linha:Arco e Acess\u00f3rios Marca:Class Modelo:E2AZ11 Origem:India SKU:011100 Unidades por Embalagem:1 \u00c9 kit:N\u00e3o Instrumento Recomendado:Violino Condi\u00e7\u00e3o:Novo<\/p>\n","protected":false},"featured_media":2398,"comment_status":"open","ping_status":"closed","template":"","meta":{"om_disable_all_campaigns":false,"jetpack_publicize_message":"","jetpack_publicize_feature_enabled":true,"jetpack_social_post_already_shared":false,"jetpack_social_options":{"image_generator_settings":{"template":"highway","default_image_id":0,"font":"","enabled":false},"version":2}},"product_brand":[168],"product_cat":[673,210],"product_tag":[674,675,676],"class_list":{"0":"post-1051","1":"product","2":"type-product","3":"status-publish","4":"has-post-thumbnail","6":"product_brand-class","7":"product_cat-botao","8":"product_cat-friccionadas","9":"product_tag-botao","10":"product_tag-botao-instrumentos-de-arco","11":"product_tag-botao-violino","13":"first","14":"instock","15":"shipping-taxable","16":"purchasable","17":"product-type-simple"},"aioseo_notices":[],"jetpack_publicize_connections":[],"jetpack_sharing_enabled":true,"_links":{"self":[{"href":"https:\/\/delaet.com.br\/pt_br\/wp-json\/wp\/v2\/product\/1051","targetHints":{"allow":["GET"]}}],"collection":[{"href":"https:\/\/delaet.com.br\/pt_br\/wp-json\/wp\/v2\/product"}],"about":[{"href":"https:\/\/delaet.com.br\/pt_br\/wp-json\/wp\/v2\/types\/product"}],"replies":[{"embeddable":true,"href":"https:\/\/delaet.com.br\/pt_br\/wp-json\/wp\/v2\/comments?post=1051"}],"wp:featuredmedia":[{"embeddable":true,"href":"https:\/\/delaet.com.br\/pt_br\/wp-json\/wp\/v2\/media\/2398"}],"wp:attachment":[{"href":"https:\/\/delaet.com.br\/pt_br\/wp-json\/wp\/v2\/media?parent=1051"}],"wp:term":[{"taxonomy":"product_brand","embeddable":true,"href":"https:\/\/delaet.com.br\/pt_br\/wp-json\/wp\/v2\/product_brand?post=1051"},{"taxonomy":"product_cat","embeddable":true,"href":"https:\/\/delaet.com.br\/pt_br\/wp-json\/wp\/v2\/product_cat?post=1051"},{"taxonomy":"product_tag","embeddable":true,"href":"https:\/\/delaet.com.br\/pt_br\/wp-json\/wp\/v2\/product_tag?post=1051"}],"curies":[{"name":"wp","href":"https:\/\/api.w.org\/{rel}","templated":true}]}}