{"id":1187,"date":"2026-04-12T00:00:37","date_gmt":"2026-04-12T03:00:37","guid":{"rendered":"https:\/\/delaet.com.br\/pt_br\/loja\/produto\/bucha-passa-corda-cromada-6-pecas-spirit-spirit-jte-cr-f035\/"},"modified":"2026-04-13T10:22:49","modified_gmt":"2026-04-13T13:22:49","slug":"bucha-passa-corda-cromada-6-pecas-spirit-spirit-jte-cr-f035","status":"publish","type":"product","link":"https:\/\/delaet.com.br\/pt_br\/loja\/produto\/bucha-passa-corda-cromada-6-pecas-spirit-spirit-jte-cr-f035\/","title":{"rendered":"Bucha Passa Corda Cromada (6 Pe\u00e7as) Spirit JTE-CR"},"content":{"rendered":"<p>Buchas Passa Corda (Through-Body) para instrumentos que possuam fixa\u00e7\u00e3o das cordas na parte de tr\u00e1s do corpo, recomendado o uso com ponte modelo JPN\/JSB, em acabamento cromado, 6 unidades, Spirit Guitar Parts &#8211; JTE-CR.<\/p>\n<p>Instrumentos compat\u00edveis:Guitarras\/Baixo<br \/> Material:Metal<br \/> SKU:006050<\/p>\n<p> Condi\u00e7\u00e3o:Novo<br \/> Cor:Cromada<br \/> C\u00f3digo Universal do Produto:7899559800611<br \/> G\u00eanero:Unissex<br \/> Linha:Spirit Guitar Parts<br \/> MPN:H5200_90<br \/> Marca:Spirit<br \/> Modelo:JTE-CR<br \/> Origem:Cor\u00e9ia do Sul<br \/> Unidades por embalagem:6<br \/> \u00c9 kit:N\u00e3o<br \/> Instrumento Recomendado:Guitarras\/Baixo<\/p>\n<p><\/p>\n","protected":false},"excerpt":{"rendered":"<p>Buchas Passa Corda (Through-Body) para instrumentos que possuam fixa\u00e7\u00e3o das cordas na parte de tr\u00e1s do corpo, recomendado o uso com ponte modelo JPN\/JSB, em acabamento cromado, 6 unidades, Spirit Guitar Parts &#8211; JTE-CR. Instrumentos compat\u00edveis:Guitarras\/Baixo Material:Metal SKU:006050 Condi\u00e7\u00e3o:Novo Cor:Cromada C\u00f3digo Universal do Produto:7899559800611 G\u00eanero:Unissex Linha:Spirit Guitar Parts MPN:H5200_90 Marca:Spirit Modelo:JTE-CR Origem:Cor\u00e9ia do Sul Unidades [&hellip;]<\/p>\n","protected":false},"featured_media":2416,"comment_status":"open","ping_status":"closed","template":"","meta":{"om_disable_all_campaigns":false,"jetpack_publicize_message":"","jetpack_publicize_feature_enabled":true,"jetpack_social_post_already_shared":false,"jetpack_social_options":{"image_generator_settings":{"template":"highway","default_image_id":0,"font":"","enabled":false},"version":2}},"product_brand":[165],"product_cat":[28,223],"product_tag":[668,669],"class_list":{"0":"post-1187","1":"product","2":"type-product","3":"status-publish","4":"has-post-thumbnail","6":"product_brand-spirit","7":"product_cat-eletricos","8":"product_cat-outros","9":"product_tag-buchas","10":"product_tag-buchas-passa-corda","12":"first","13":"instock","14":"shipping-taxable","15":"purchasable","16":"product-type-simple"},"aioseo_notices":[],"jetpack_publicize_connections":[],"jetpack_sharing_enabled":true,"_links":{"self":[{"href":"https:\/\/delaet.com.br\/pt_br\/wp-json\/wp\/v2\/product\/1187","targetHints":{"allow":["GET"]}}],"collection":[{"href":"https:\/\/delaet.com.br\/pt_br\/wp-json\/wp\/v2\/product"}],"about":[{"href":"https:\/\/delaet.com.br\/pt_br\/wp-json\/wp\/v2\/types\/product"}],"replies":[{"embeddable":true,"href":"https:\/\/delaet.com.br\/pt_br\/wp-json\/wp\/v2\/comments?post=1187"}],"wp:featuredmedia":[{"embeddable":true,"href":"https:\/\/delaet.com.br\/pt_br\/wp-json\/wp\/v2\/media\/2416"}],"wp:attachment":[{"href":"https:\/\/delaet.com.br\/pt_br\/wp-json\/wp\/v2\/media?parent=1187"}],"wp:term":[{"taxonomy":"product_brand","embeddable":true,"href":"https:\/\/delaet.com.br\/pt_br\/wp-json\/wp\/v2\/product_brand?post=1187"},{"taxonomy":"product_cat","embeddable":true,"href":"https:\/\/delaet.com.br\/pt_br\/wp-json\/wp\/v2\/product_cat?post=1187"},{"taxonomy":"product_tag","embeddable":true,"href":"https:\/\/delaet.com.br\/pt_br\/wp-json\/wp\/v2\/product_tag?post=1187"}],"curies":[{"name":"wp","href":"https:\/\/api.w.org\/{rel}","templated":true}]}}