{"id":1194,"date":"2026-04-12T00:01:02","date_gmt":"2026-04-12T03:01:02","guid":{"rendered":"https:\/\/delaet.com.br\/pt_br\/loja\/produto\/bucha-trocolos-instrumentos-cromada-4-pecas-spirit-jtb-cr-f035\/"},"modified":"2026-04-13T10:21:16","modified_gmt":"2026-04-13T13:21:16","slug":"bucha-trocolos-instrumentos-cromada-4-pecas-spirit-jtb-cr-f035","status":"publish","type":"product","link":"https:\/\/delaet.com.br\/pt_br\/loja\/produto\/bucha-trocolos-instrumentos-cromada-4-pecas-spirit-jtb-cr-f035\/","title":{"rendered":"Bucha para tr\u00f3culo de instrumentos Cromada (4 Pe\u00e7as) Spirit JTB-CR"},"content":{"rendered":"<p>Buchas para Trocolos (jun\u00e7\u00e3o do corpo com o bra\u00e7o) de instrumentos de cordas, em acabamento cromado, 4 unidades, Spirit Guitar Parts &#8211; JTB-CR.<\/p>\n<p>Instrumentos compat\u00edveis:Guitarra\/Baixo\/Viol\u00e3o<br \/> Material:Metal<br \/> SKU:006199<\/p>\n<p> Condi\u00e7\u00e3o:Novo<br \/> Cor:Cromada<br \/> C\u00f3digo Universal do Produto:7899559802004<br \/> G\u00eanero:Unissex<br \/> Linha:Spirit Guitar Parts<br \/> MPN:H5260_90<br \/> Marca:Spirit<br \/> Modelo:JTB-CR<br \/> Origem:Cor\u00e9ia do Sul<br \/> Unidades por embalagem:4<br \/> \u00c9 kit:N\u00e3o<br \/> Instrumento Recomendado:Guitarra\/Baixo\/Viol\u00e3o<\/p>\n<p><\/p>\n","protected":false},"excerpt":{"rendered":"<p>Buchas para Trocolos (jun\u00e7\u00e3o do corpo com o bra\u00e7o) de instrumentos de cordas, em acabamento cromado, 4 unidades, Spirit Guitar Parts &#8211; JTB-CR. Instrumentos compat\u00edveis:Guitarra\/Baixo\/Viol\u00e3o Material:Metal SKU:006199 Condi\u00e7\u00e3o:Novo Cor:Cromada C\u00f3digo Universal do Produto:7899559802004 G\u00eanero:Unissex Linha:Spirit Guitar Parts MPN:H5260_90 Marca:Spirit Modelo:JTB-CR Origem:Cor\u00e9ia do Sul Unidades por embalagem:4 \u00c9 kit:N\u00e3o Instrumento Recomendado:Guitarra\/Baixo\/Viol\u00e3o<\/p>\n","protected":false},"featured_media":2420,"comment_status":"open","ping_status":"closed","template":"","meta":{"om_disable_all_campaigns":false,"jetpack_publicize_message":"","jetpack_publicize_feature_enabled":true,"jetpack_social_post_already_shared":false,"jetpack_social_options":{"image_generator_settings":{"template":"highway","default_image_id":0,"font":"","enabled":false},"version":2}},"product_brand":[165],"product_cat":[28,223],"product_tag":[668,667,666],"class_list":{"0":"post-1194","1":"product","2":"type-product","3":"status-publish","4":"has-post-thumbnail","6":"product_brand-spirit","7":"product_cat-eletricos","8":"product_cat-outros","9":"product_tag-buchas","10":"product_tag-buchas-para-troculo","11":"product_tag-kit-buchas","13":"first","14":"instock","15":"shipping-taxable","16":"purchasable","17":"product-type-simple"},"aioseo_notices":[],"jetpack_publicize_connections":[],"jetpack_sharing_enabled":true,"_links":{"self":[{"href":"https:\/\/delaet.com.br\/pt_br\/wp-json\/wp\/v2\/product\/1194","targetHints":{"allow":["GET"]}}],"collection":[{"href":"https:\/\/delaet.com.br\/pt_br\/wp-json\/wp\/v2\/product"}],"about":[{"href":"https:\/\/delaet.com.br\/pt_br\/wp-json\/wp\/v2\/types\/product"}],"replies":[{"embeddable":true,"href":"https:\/\/delaet.com.br\/pt_br\/wp-json\/wp\/v2\/comments?post=1194"}],"wp:featuredmedia":[{"embeddable":true,"href":"https:\/\/delaet.com.br\/pt_br\/wp-json\/wp\/v2\/media\/2420"}],"wp:attachment":[{"href":"https:\/\/delaet.com.br\/pt_br\/wp-json\/wp\/v2\/media?parent=1194"}],"wp:term":[{"taxonomy":"product_brand","embeddable":true,"href":"https:\/\/delaet.com.br\/pt_br\/wp-json\/wp\/v2\/product_brand?post=1194"},{"taxonomy":"product_cat","embeddable":true,"href":"https:\/\/delaet.com.br\/pt_br\/wp-json\/wp\/v2\/product_cat?post=1194"},{"taxonomy":"product_tag","embeddable":true,"href":"https:\/\/delaet.com.br\/pt_br\/wp-json\/wp\/v2\/product_tag?post=1194"}],"curies":[{"name":"wp","href":"https:\/\/api.w.org\/{rel}","templated":true}]}}