{"id":1198,"date":"2026-04-12T00:01:23","date_gmt":"2026-04-12T03:01:23","guid":{"rendered":"https:\/\/delaet.com.br\/pt_br\/loja\/produto\/bucha-trocolos-instrumentos-preta-4-pecas-spirit-jtg-bk-f035\/"},"modified":"2026-04-13T10:19:52","modified_gmt":"2026-04-13T13:19:52","slug":"bucha-trocolos-instrumentos-preta-4-pecas-spirit-jtg-bk-f035","status":"publish","type":"product","link":"https:\/\/delaet.com.br\/pt_br\/loja\/produto\/bucha-trocolos-instrumentos-preta-4-pecas-spirit-jtg-bk-f035\/","title":{"rendered":"Bucha Tr\u00f3culo de Instrumentos Preta (4 Pe\u00e7as) Spirit JTG-BK"},"content":{"rendered":"<p>Buchas para Trocolos (jun\u00e7\u00e3o do corpo com o bra\u00e7o) de instrumentos de cordas, em acabamento preto, 4 unidades, Spirit Guitar Parts &#8211; JTG-BK.<\/p>\n<p>Instrumentos compat\u00edveis:Guitarra\/Baixo\/Viol\u00e3o<br \/> Material:Metal<br \/> SKU:006203<\/p>\n<p> Condi\u00e7\u00e3o:Novo<br \/> Cor:Preta<br \/> C\u00f3digo Universal do Produto:7899559802042<br \/> G\u00eanero:Unissex<br \/> Linha:Spirit Guitar Parts<br \/> MPN:H5250_00<br \/> Marca:Spirit<br \/> Modelo:JTG-BK<br \/> Origem:Cor\u00e9ia do Sul<br \/> Unidades por embalagem:4<br \/> \u00c9 kit:N\u00e3o<br \/> Instrumento Recomendado:Guitarra\/Baixo\/Viol\u00e3o<\/p>\n<p><\/p>\n","protected":false},"excerpt":{"rendered":"<p>Buchas para Trocolos (jun\u00e7\u00e3o do corpo com o bra\u00e7o) de instrumentos de cordas, em acabamento preto, 4 unidades, Spirit Guitar Parts &#8211; JTG-BK. Instrumentos compat\u00edveis:Guitarra\/Baixo\/Viol\u00e3o Material:Metal SKU:006203 Condi\u00e7\u00e3o:Novo Cor:Preta C\u00f3digo Universal do Produto:7899559802042 G\u00eanero:Unissex Linha:Spirit Guitar Parts MPN:H5250_00 Marca:Spirit Modelo:JTG-BK Origem:Cor\u00e9ia do Sul Unidades por embalagem:4 \u00c9 kit:N\u00e3o Instrumento Recomendado:Guitarra\/Baixo\/Viol\u00e3o<\/p>\n","protected":false},"featured_media":2422,"comment_status":"open","ping_status":"closed","template":"","meta":{"om_disable_all_campaigns":false,"jetpack_publicize_message":"","jetpack_publicize_feature_enabled":true,"jetpack_social_post_already_shared":false,"jetpack_social_options":{"image_generator_settings":{"template":"highway","default_image_id":0,"font":"","enabled":false},"version":2}},"product_brand":[165],"product_cat":[28,223],"product_tag":[668,667,666],"class_list":{"0":"post-1198","1":"product","2":"type-product","3":"status-publish","4":"has-post-thumbnail","6":"product_brand-spirit","7":"product_cat-eletricos","8":"product_cat-outros","9":"product_tag-buchas","10":"product_tag-buchas-para-troculo","11":"product_tag-kit-buchas","13":"first","14":"instock","15":"shipping-taxable","16":"purchasable","17":"product-type-simple"},"aioseo_notices":[],"jetpack_publicize_connections":[],"jetpack_sharing_enabled":true,"_links":{"self":[{"href":"https:\/\/delaet.com.br\/pt_br\/wp-json\/wp\/v2\/product\/1198","targetHints":{"allow":["GET"]}}],"collection":[{"href":"https:\/\/delaet.com.br\/pt_br\/wp-json\/wp\/v2\/product"}],"about":[{"href":"https:\/\/delaet.com.br\/pt_br\/wp-json\/wp\/v2\/types\/product"}],"replies":[{"embeddable":true,"href":"https:\/\/delaet.com.br\/pt_br\/wp-json\/wp\/v2\/comments?post=1198"}],"wp:featuredmedia":[{"embeddable":true,"href":"https:\/\/delaet.com.br\/pt_br\/wp-json\/wp\/v2\/media\/2422"}],"wp:attachment":[{"href":"https:\/\/delaet.com.br\/pt_br\/wp-json\/wp\/v2\/media?parent=1198"}],"wp:term":[{"taxonomy":"product_brand","embeddable":true,"href":"https:\/\/delaet.com.br\/pt_br\/wp-json\/wp\/v2\/product_brand?post=1198"},{"taxonomy":"product_cat","embeddable":true,"href":"https:\/\/delaet.com.br\/pt_br\/wp-json\/wp\/v2\/product_cat?post=1198"},{"taxonomy":"product_tag","embeddable":true,"href":"https:\/\/delaet.com.br\/pt_br\/wp-json\/wp\/v2\/product_tag?post=1198"}],"curies":[{"name":"wp","href":"https:\/\/api.w.org\/{rel}","templated":true}]}}