{"id":1204,"date":"2026-04-12T00:01:45","date_gmt":"2026-04-12T03:01:45","guid":{"rendered":"https:\/\/delaet.com.br\/pt_br\/loja\/produto\/cabo-instrumentos-tecido-d-addario-custom-braided-pw-bg-15bg-f035\/"},"modified":"2026-04-13T10:18:51","modified_gmt":"2026-04-13T13:18:51","slug":"cabo-instrumentos-tecido-d-addario-custom-braided-pw-bg-15bg-f035","status":"publish","type":"product","link":"https:\/\/delaet.com.br\/pt_br\/loja\/produto\/cabo-instrumentos-tecido-d-addario-custom-braided-pw-bg-15bg-f035\/","title":{"rendered":"Cabo Instrumentos Tecido D\u00b4Addario Custom Braided PW-BG-15BG"},"content":{"rendered":"<p>Os cabos da s\u00e9rie Custom Braided D Addario utilizam condutores de cobre 14AWG ultrafinos de alta qualidade, qualidade, para m\u00e1xima transfer\u00eancia de sinal e flexibilidade. Pontos de solda encapsulados e impenetr\u00e1veis, moldados com revestimento duplo flexiveis, proporcionam m\u00e1xima durabilidade e confiabilidade. Nossos exclusivos conectores moldados D Addario proporcionam protecao extra com resist\u00eancia e flexibilidade incompar\u00e1vel.<\/p>\n<p>Origem:Taiwan<br \/> Cor:Cinza<br \/> Unidades por Embalagem:1<br \/> G\u00eanero:Unissex<br \/> Material:Alum\u00ednio\/Cobre\/Malha-T\u00eaxtil<br \/> Linha:Custom Series<br \/> Conector de entrada:P10<br \/> Conector de sa\u00edda:P10<br \/> Comprimento do cabo:4,57<br \/> Unidade de Comprimento do cabo:m<br \/> Quantidade de conectores de entrada:1<br \/> Quantidade de conectores de sa\u00edda:1<\/p>\n<p><\/p>\n","protected":false},"excerpt":{"rendered":"<p>Os cabos da s\u00e9rie Custom Braided D Addario utilizam condutores de cobre 14AWG ultrafinos de alta qualidade, qualidade, para m\u00e1xima transfer\u00eancia de sinal e flexibilidade. Pontos de solda encapsulados e impenetr\u00e1veis, moldados com revestimento duplo flexiveis, proporcionam m\u00e1xima durabilidade e confiabilidade. Nossos exclusivos conectores moldados D Addario proporcionam protecao extra com resist\u00eancia e flexibilidade incompar\u00e1vel. [&hellip;]<\/p>\n","protected":false},"featured_media":2425,"comment_status":"open","ping_status":"closed","template":"","meta":{"om_disable_all_campaigns":false,"_monsterinsights_skip_tracking":false,"_monsterinsights_sitenote_active":false,"_monsterinsights_sitenote_note":"","_monsterinsights_sitenote_category":0,"jetpack_publicize_message":"","jetpack_publicize_feature_enabled":true,"jetpack_social_post_already_shared":false,"jetpack_social_options":{"image_generator_settings":{"template":"highway","default_image_id":0,"font":"","enabled":false},"version":2}},"product_brand":[160],"product_cat":[96,97],"product_tag":[184,664,665],"class_list":{"0":"post-1204","1":"product","2":"type-product","3":"status-publish","4":"has-post-thumbnail","6":"product_brand-daddario","7":"product_cat-acessorios","8":"product_cat-cabos","9":"product_tag-cabo","10":"product_tag-cabo-instrumentos","11":"product_tag-cabo-tecido","13":"first","14":"instock","15":"shipping-taxable","16":"purchasable","17":"product-type-simple"},"aioseo_notices":[],"jetpack_publicize_connections":[],"jetpack_sharing_enabled":true,"_links":{"self":[{"href":"https:\/\/delaet.com.br\/pt_br\/wp-json\/wp\/v2\/product\/1204","targetHints":{"allow":["GET"]}}],"collection":[{"href":"https:\/\/delaet.com.br\/pt_br\/wp-json\/wp\/v2\/product"}],"about":[{"href":"https:\/\/delaet.com.br\/pt_br\/wp-json\/wp\/v2\/types\/product"}],"replies":[{"embeddable":true,"href":"https:\/\/delaet.com.br\/pt_br\/wp-json\/wp\/v2\/comments?post=1204"}],"wp:featuredmedia":[{"embeddable":true,"href":"https:\/\/delaet.com.br\/pt_br\/wp-json\/wp\/v2\/media\/2425"}],"wp:attachment":[{"href":"https:\/\/delaet.com.br\/pt_br\/wp-json\/wp\/v2\/media?parent=1204"}],"wp:term":[{"taxonomy":"product_brand","embeddable":true,"href":"https:\/\/delaet.com.br\/pt_br\/wp-json\/wp\/v2\/product_brand?post=1204"},{"taxonomy":"product_cat","embeddable":true,"href":"https:\/\/delaet.com.br\/pt_br\/wp-json\/wp\/v2\/product_cat?post=1204"},{"taxonomy":"product_tag","embeddable":true,"href":"https:\/\/delaet.com.br\/pt_br\/wp-json\/wp\/v2\/product_tag?post=1204"}],"curies":[{"name":"wp","href":"https:\/\/api.w.org\/{rel}","templated":true}]}}