{"id":1230,"date":"2026-04-12T00:03:38","date_gmt":"2026-04-12T03:03:38","guid":{"rendered":"https:\/\/delaet.com.br\/pt_br\/loja\/produto\/captador-para-baixo-5-cordas-soapbar-ativo-preto-spirit-bt5-f035\/"},"modified":"2026-04-13T10:11:01","modified_gmt":"2026-04-13T13:11:01","slug":"captador-para-baixo-5-cordas-soapbar-ativo-preto-spirit-bt5-f035","status":"publish","type":"product","link":"https:\/\/delaet.com.br\/pt_br\/loja\/produto\/captador-para-baixo-5-cordas-soapbar-ativo-preto-spirit-bt5-f035\/","title":{"rendered":"Captador Para Baixo 5 Cordas Soapbar Ativo Preto Spirit BT5"},"content":{"rendered":"<p>Captador para Baixo de 5 cordas &#8211; modelo Soapbar, circuito ativo, em cer\u00e2mica e acabamento preto, Spirit Custom Pro &#8211; BT5.<\/p>\n<p>&#8211; im\u00e3 em cer\u00e2mica<br \/>\n&#8211; circuito ativo<br \/>\n&#8211; 2 condutores e 1 malha<br \/>\n&#8211; posi\u00e7\u00e3o: bra\u00e7o e ponte<br \/>\n&#8211; resist\u00eancia: 14K<\/p>\n<p>Tipo de captador:Soapbar<br \/> Posi\u00e7\u00e3o do captador:Bra\u00e7o\/Ponte<br \/> \u00c9 set de captadores:N\u00e3o<br \/> Tipo de equaliza\u00e7\u00e3o:Ativo<br \/> SKU:010734<br \/> Instrumentos compat\u00edveis:Baixo<br \/> Material:Cer\u00e2mica<\/p>\n<p> Condi\u00e7\u00e3o:Novo<br \/> Cor:Preto<br \/> C\u00f3digo Universal do Produto:7899559809362<br \/> G\u00eanero:Unissex<br \/> Linha:Spirit Custom Pro<br \/> MPN:G0765<br \/> Marca:Spirit<br \/> Modelo:BT5<br \/> Origem:Cor\u00e9ia do Sul<br \/> Unidades por embalagem:1<br \/> \u00c9 kit:N\u00e3o<br \/> Instrumento Recomendado:Baixo<\/p>\n<p><\/p>\n","protected":false},"excerpt":{"rendered":"<p>Captador para Baixo de 5 cordas &#8211; modelo Soapbar, circuito ativo, em cer\u00e2mica e acabamento preto, Spirit Custom Pro &#8211; BT5. &#8211; im\u00e3 em cer\u00e2mica &#8211; circuito ativo &#8211; 2 condutores e 1 malha &#8211; posi\u00e7\u00e3o: bra\u00e7o e ponte &#8211; resist\u00eancia: 14K Tipo de captador:Soapbar Posi\u00e7\u00e3o do captador:Bra\u00e7o\/Ponte \u00c9 set de captadores:N\u00e3o Tipo de equaliza\u00e7\u00e3o:Ativo [&hellip;]<\/p>\n","protected":false},"featured_media":2448,"comment_status":"open","ping_status":"closed","template":"","meta":{"om_disable_all_campaigns":false,"jetpack_publicize_message":"","jetpack_publicize_feature_enabled":true,"jetpack_social_post_already_shared":false,"jetpack_social_options":{"image_generator_settings":{"template":"highway","default_image_id":0,"font":"","enabled":false},"version":2}},"product_brand":[165],"product_cat":[222,28],"product_tag":[528,659],"class_list":{"0":"post-1230","1":"product","2":"type-product","3":"status-publish","4":"has-post-thumbnail","6":"product_brand-spirit","7":"product_cat-captadores-eletricos","8":"product_cat-eletricos","9":"product_tag-captador","10":"product_tag-captador-para-baixo","12":"first","13":"instock","14":"shipping-taxable","15":"purchasable","16":"product-type-simple"},"aioseo_notices":[],"jetpack_publicize_connections":[],"jetpack_sharing_enabled":true,"_links":{"self":[{"href":"https:\/\/delaet.com.br\/pt_br\/wp-json\/wp\/v2\/product\/1230","targetHints":{"allow":["GET"]}}],"collection":[{"href":"https:\/\/delaet.com.br\/pt_br\/wp-json\/wp\/v2\/product"}],"about":[{"href":"https:\/\/delaet.com.br\/pt_br\/wp-json\/wp\/v2\/types\/product"}],"replies":[{"embeddable":true,"href":"https:\/\/delaet.com.br\/pt_br\/wp-json\/wp\/v2\/comments?post=1230"}],"wp:featuredmedia":[{"embeddable":true,"href":"https:\/\/delaet.com.br\/pt_br\/wp-json\/wp\/v2\/media\/2448"}],"wp:attachment":[{"href":"https:\/\/delaet.com.br\/pt_br\/wp-json\/wp\/v2\/media?parent=1230"}],"wp:term":[{"taxonomy":"product_brand","embeddable":true,"href":"https:\/\/delaet.com.br\/pt_br\/wp-json\/wp\/v2\/product_brand?post=1230"},{"taxonomy":"product_cat","embeddable":true,"href":"https:\/\/delaet.com.br\/pt_br\/wp-json\/wp\/v2\/product_cat?post=1230"},{"taxonomy":"product_tag","embeddable":true,"href":"https:\/\/delaet.com.br\/pt_br\/wp-json\/wp\/v2\/product_tag?post=1230"}],"curies":[{"name":"wp","href":"https:\/\/api.w.org\/{rel}","templated":true}]}}