{"id":1253,"date":"2026-04-12T00:06:27","date_gmt":"2026-04-12T03:06:27","guid":{"rendered":"https:\/\/delaet.com.br\/pt_br\/loja\/produto\/chapa-para-trocolo-cromada-unidade-spirit-np2020-cr-f035\/"},"modified":"2026-04-13T10:06:33","modified_gmt":"2026-04-13T13:06:33","slug":"chapa-para-trocolo-cromada-unidade-spirit-np2020-cr-f035","status":"publish","type":"product","link":"https:\/\/delaet.com.br\/pt_br\/loja\/produto\/chapa-para-trocolo-cromada-unidade-spirit-np2020-cr-f035\/","title":{"rendered":"Chapa Para Tr\u00f3culo Cromada (Unidade) Spirit NP2020-CR"},"content":{"rendered":"<p>Chapa para Trocolo (Neckplate) Cromada, unidade, Spirit Guitar Parts &#8211; NP2020-CR.<br \/>\n&#8211; Meia placa mold\u00e1vel para bra\u00e7o.<\/p>\n<p>Instrumentos compat\u00edveis:Guitarra\/Baixo<br \/> Material:A\u00e7o<br \/> SKU:011361<\/p>\n<p> Condi\u00e7\u00e3o:Novo<br \/> Cor:Cromada<br \/> C\u00f3digo Universal do Produto:7899559804985<br \/> G\u00eanero:Unissex<br \/> Linha:Spirit Guitar Parts<br \/> MPN:H5336_90<br \/> Marca:Spirit<br \/> Modelo:NP2020-CR<br \/> Origem:Cor\u00e9ia do Sul<br \/> Unidades por embalagem:1<br \/> \u00c9 kit:N\u00e3o<br \/> Instrumento Recomendado:Guitarra\/Baixo<\/p>\n<p><\/p>\n","protected":false},"excerpt":{"rendered":"<p>Chapa para Trocolo (Neckplate) Cromada, unidade, Spirit Guitar Parts &#8211; NP2020-CR. &#8211; Meia placa mold\u00e1vel para bra\u00e7o. Instrumentos compat\u00edveis:Guitarra\/Baixo Material:A\u00e7o SKU:011361 Condi\u00e7\u00e3o:Novo Cor:Cromada C\u00f3digo Universal do Produto:7899559804985 G\u00eanero:Unissex Linha:Spirit Guitar Parts MPN:H5336_90 Marca:Spirit Modelo:NP2020-CR Origem:Cor\u00e9ia do Sul Unidades por embalagem:1 \u00c9 kit:N\u00e3o Instrumento Recomendado:Guitarra\/Baixo<\/p>\n","protected":false},"featured_media":2467,"comment_status":"open","ping_status":"closed","template":"","meta":{"om_disable_all_campaigns":false,"_monsterinsights_skip_tracking":false,"_monsterinsights_sitenote_active":false,"_monsterinsights_sitenote_note":"","_monsterinsights_sitenote_category":0,"jetpack_publicize_message":"","jetpack_publicize_feature_enabled":true,"jetpack_social_post_already_shared":false,"jetpack_social_options":{"image_generator_settings":{"template":"highway","default_image_id":0,"font":"","enabled":false},"version":2}},"product_brand":[165],"product_cat":[28,223],"product_tag":[651],"class_list":{"0":"post-1253","1":"product","2":"type-product","3":"status-publish","4":"has-post-thumbnail","6":"product_brand-spirit","7":"product_cat-eletricos","8":"product_cat-outros","9":"product_tag-chapa-troculo","11":"first","12":"instock","13":"shipping-taxable","14":"purchasable","15":"product-type-simple"},"aioseo_notices":[],"jetpack_publicize_connections":[],"jetpack_sharing_enabled":true,"_links":{"self":[{"href":"https:\/\/delaet.com.br\/pt_br\/wp-json\/wp\/v2\/product\/1253","targetHints":{"allow":["GET"]}}],"collection":[{"href":"https:\/\/delaet.com.br\/pt_br\/wp-json\/wp\/v2\/product"}],"about":[{"href":"https:\/\/delaet.com.br\/pt_br\/wp-json\/wp\/v2\/types\/product"}],"replies":[{"embeddable":true,"href":"https:\/\/delaet.com.br\/pt_br\/wp-json\/wp\/v2\/comments?post=1253"}],"wp:featuredmedia":[{"embeddable":true,"href":"https:\/\/delaet.com.br\/pt_br\/wp-json\/wp\/v2\/media\/2467"}],"wp:attachment":[{"href":"https:\/\/delaet.com.br\/pt_br\/wp-json\/wp\/v2\/media?parent=1253"}],"wp:term":[{"taxonomy":"product_brand","embeddable":true,"href":"https:\/\/delaet.com.br\/pt_br\/wp-json\/wp\/v2\/product_brand?post=1253"},{"taxonomy":"product_cat","embeddable":true,"href":"https:\/\/delaet.com.br\/pt_br\/wp-json\/wp\/v2\/product_cat?post=1253"},{"taxonomy":"product_tag","embeddable":true,"href":"https:\/\/delaet.com.br\/pt_br\/wp-json\/wp\/v2\/product_tag?post=1253"}],"curies":[{"name":"wp","href":"https:\/\/api.w.org\/{rel}","templated":true}]}}