{"id":1285,"date":"2026-04-12T00:08:39","date_gmt":"2026-04-12T03:08:39","guid":{"rendered":"https:\/\/delaet.com.br\/pt_br\/loja\/produto\/chave-seletora-mini-2-posicoes-toogle-dourada-spirit-m105-gd-f035\/"},"modified":"2026-04-13T09:59:40","modified_gmt":"2026-04-13T12:59:40","slug":"chave-seletora-mini-2-posicoes-toogle-dourada-spirit-m105-gd-f035","status":"publish","type":"product","link":"https:\/\/delaet.com.br\/pt_br\/loja\/produto\/chave-seletora-mini-2-posicoes-toogle-dourada-spirit-m105-gd-f035\/","title":{"rendered":"Chave Seletora Mini 2 Posi\u00e7\u00f5es Toogle Dourada Spirit M105-GD"},"content":{"rendered":"<p>Chave Seletora Mini de 2 posi\u00e7\u00f5es para instrumentos, tipo toogle, acabamento dourado, 3 polos e 2 vias ON-ON, com rosca M6.0-0.75P, Spirit Guitar Parts &#8211; M105-GD.<\/p>\n<p>Instrumentos compat\u00edveis:Guitarra<br \/> Material:Metal\/Pol\u00edmero<br \/> SKU:006269<\/p>\n<p> Condi\u00e7\u00e3o:Novo<br \/> Cor:Dourada<br \/> C\u00f3digo Universal do Produto:7899559802707<br \/> G\u00eanero:Unissex<br \/> Linha:Spirit Guitar Parts<br \/> MPN:E7385_40<br \/> Marca:Spirit<br \/> Modelo:M105-GD<br \/> Origem:Cor\u00e9ia do Sul<br \/> Unidades por embalagem:1<br \/> \u00c9 kit:N\u00e3o<br \/> Instrumento Recomendado:Guitarra<\/p>\n<p><\/p>\n","protected":false},"excerpt":{"rendered":"<p>Chave Seletora Mini de 2 posi\u00e7\u00f5es para instrumentos, tipo toogle, acabamento dourado, 3 polos e 2 vias ON-ON, com rosca M6.0-0.75P, Spirit Guitar Parts &#8211; M105-GD. Instrumentos compat\u00edveis:Guitarra Material:Metal\/Pol\u00edmero SKU:006269 Condi\u00e7\u00e3o:Novo Cor:Dourada C\u00f3digo Universal do Produto:7899559802707 G\u00eanero:Unissex Linha:Spirit Guitar Parts MPN:E7385_40 Marca:Spirit Modelo:M105-GD Origem:Cor\u00e9ia do Sul Unidades por embalagem:1 \u00c9 kit:N\u00e3o Instrumento Recomendado:Guitarra<\/p>\n","protected":false},"featured_media":2489,"comment_status":"open","ping_status":"closed","template":"","meta":{"om_disable_all_campaigns":false,"jetpack_publicize_message":"","jetpack_publicize_feature_enabled":true,"jetpack_social_post_already_shared":false,"jetpack_social_options":{"image_generator_settings":{"template":"highway","default_image_id":0,"font":"","enabled":false},"version":2}},"product_brand":[165],"product_cat":[219,28],"product_tag":[648,649],"class_list":{"0":"post-1285","1":"product","2":"type-product","3":"status-publish","4":"has-post-thumbnail","6":"product_brand-spirit","7":"product_cat-chaveseletora","8":"product_cat-eletricos","9":"product_tag-chave","10":"product_tag-mini-switch","12":"first","13":"instock","14":"shipping-taxable","15":"purchasable","16":"product-type-simple"},"aioseo_notices":[],"jetpack_publicize_connections":[],"jetpack_sharing_enabled":true,"_links":{"self":[{"href":"https:\/\/delaet.com.br\/pt_br\/wp-json\/wp\/v2\/product\/1285","targetHints":{"allow":["GET"]}}],"collection":[{"href":"https:\/\/delaet.com.br\/pt_br\/wp-json\/wp\/v2\/product"}],"about":[{"href":"https:\/\/delaet.com.br\/pt_br\/wp-json\/wp\/v2\/types\/product"}],"replies":[{"embeddable":true,"href":"https:\/\/delaet.com.br\/pt_br\/wp-json\/wp\/v2\/comments?post=1285"}],"wp:featuredmedia":[{"embeddable":true,"href":"https:\/\/delaet.com.br\/pt_br\/wp-json\/wp\/v2\/media\/2489"}],"wp:attachment":[{"href":"https:\/\/delaet.com.br\/pt_br\/wp-json\/wp\/v2\/media?parent=1285"}],"wp:term":[{"taxonomy":"product_brand","embeddable":true,"href":"https:\/\/delaet.com.br\/pt_br\/wp-json\/wp\/v2\/product_brand?post=1285"},{"taxonomy":"product_cat","embeddable":true,"href":"https:\/\/delaet.com.br\/pt_br\/wp-json\/wp\/v2\/product_cat?post=1285"},{"taxonomy":"product_tag","embeddable":true,"href":"https:\/\/delaet.com.br\/pt_br\/wp-json\/wp\/v2\/product_tag?post=1285"}],"curies":[{"name":"wp","href":"https:\/\/api.w.org\/{rel}","templated":true}]}}